{"id":72,"date":"2023-07-28T14:00:47","date_gmt":"2023-07-28T12:00:47","guid":{"rendered":"https:\/\/zukunft-inklusion.ch.prestage.ch\/vs\/?page_id=72"},"modified":"2024-04-16T15:02:55","modified_gmt":"2024-04-16T13:02:55","slug":"contact","status":"publish","type":"page","link":"https:\/\/avenir-inclusif.prestage.ch\/vs\/contact\/","title":{"rendered":"Contact"},"content":{"rendered":"\n<p>Nous sommes ravis que vous ayez pris contact avec nous. Nous r\u00e9pondons avec plaisir \u00e0 vos questions et recevons volontiers vos suggestions.<\/p>\n\n\n\n<p><strong>Viviane B\u00e9rod Pinho<\/strong>, Responsable du bureau pour les droits des personnes en situation de handicap<\/p>\n\n\n\n<p><strong>Priska Escher<\/strong>, Collaboratrice sp\u00e9cialis\u00e9e du bureau pour les droits des personnes en situation de handicap<\/p>\n\n\n\n<p>D\u00e9partement de la sant\u00e9, des affaires sociales et de la culture<br>Service de l\u2019action sociale<br>Office de coordination pour les questions dans le domaine du handicap<br>Avenue de la Gare 23<br>CH -1950 Sion<\/p>\n\n\n\n<p>Adresse mail : <a href=\"mailto:\" data-eml-encoded-attr=\"WW5WeVpXRjFMV3hrYVhCb0pUUXdZV1J0YVc0dWRuTXVZMmc9\"><span data-eml-encoded-html><label>(E-Mail)<\/label><var aria-hidden=\"true\" style=\"display:none\">WW5WeVpXRjFMV3hrYVhCb0pUUXdZV1J0YVc0dWRuTXVZMmc9<\/var><\/span><\/a><br>T\u00e9l\u00e9phone : 027 606 11 10<\/p>\n","protected":false},"excerpt":{"rendered":"<p>Nous sommes ravis que vous ayez pris contact avec nous. Nous r\u00e9pondons avec plaisir \u00e0 vos questions et recevons volontiers vos suggestions. Viviane B\u00e9rod Pinho, Responsable du bureau pour les droits des personnes en situation de handicap Priska Escher, Collaboratrice sp\u00e9cialis\u00e9e du bureau pour les droits des personnes en situation de handicap D\u00e9partement de la [&hellip;]<\/p>\n","protected":false},"author":1,"featured_media":0,"parent":0,"menu_order":10,"comment_status":"closed","ping_status":"closed","template":"page-templates\/contact_page.php","meta":{"_acf_changed":false,"_genesis_hide_title":false,"_genesis_hide_breadcrumbs":false,"_genesis_hide_singular_image":false,"_genesis_hide_footer_widgets":false,"_genesis_custom_body_class":"","_genesis_custom_post_class":"","_genesis_layout":"","footnotes":""},"class_list":{"0":"post-72","1":"page","2":"type-page","3":"status-publish","5":"entry"},"acf":[],"_links":{"self":[{"href":"https:\/\/avenir-inclusif.prestage.ch\/vs\/wp-json\/wp\/v2\/pages\/72","targetHints":{"allow":["GET"]}}],"collection":[{"href":"https:\/\/avenir-inclusif.prestage.ch\/vs\/wp-json\/wp\/v2\/pages"}],"about":[{"href":"https:\/\/avenir-inclusif.prestage.ch\/vs\/wp-json\/wp\/v2\/types\/page"}],"author":[{"embeddable":true,"href":"https:\/\/avenir-inclusif.prestage.ch\/vs\/wp-json\/wp\/v2\/users\/1"}],"replies":[{"embeddable":true,"href":"https:\/\/avenir-inclusif.prestage.ch\/vs\/wp-json\/wp\/v2\/comments?post=72"}],"version-history":[{"count":5,"href":"https:\/\/avenir-inclusif.prestage.ch\/vs\/wp-json\/wp\/v2\/pages\/72\/revisions"}],"predecessor-version":[{"id":698,"href":"https:\/\/avenir-inclusif.prestage.ch\/vs\/wp-json\/wp\/v2\/pages\/72\/revisions\/698"}],"wp:attachment":[{"href":"https:\/\/avenir-inclusif.prestage.ch\/vs\/wp-json\/wp\/v2\/media?parent=72"}],"curies":[{"name":"wp","href":"https:\/\/api.w.org\/{rel}","templated":true}]}}