{"id":68,"date":"2023-07-28T14:00:37","date_gmt":"2023-07-28T12:00:37","guid":{"rendered":"https:\/\/zukunft-inklusion.ch.prestage.ch\/vs\/?page_id=68"},"modified":"2024-04-16T15:02:07","modified_gmt":"2024-04-16T13:02:07","slug":"medias","status":"publish","type":"page","link":"https:\/\/avenir-inclusif.prestage.ch\/vs\/medias\/","title":{"rendered":"M\u00e9dias"},"content":{"rendered":"\n<h2 class=\"wp-block-heading\">Articles de presse sur les journ\u00e9es d&rsquo;action<\/h2>\n\n\n\n<p>Vous trouverez ici une compilation des contributions des m\u00e9dias aux journ\u00e9es d&rsquo;action Droits des personnes handicap\u00e9es 2024.<\/p>\n\n\n<div role=\"list\" class=\"cst-mediapub-list cst-mediapub-list-page\" aria-live=\"polite\"><div role=\"listitem\" class=\"cst-mediapub-listitem cst-mediapub-listitem-show\" id=\"mediapub_864\" data-index=\"1\"><h3 class=\"h5 cst-mediapub-post-title\">Review Journ\u00e9es d\u2019action sur les droits des personnes handicap\u00e9es 2024<\/h3><p>Vid\u00e9o diffus\u00e9 lors de l\u2019AG de la CDQH (04.09.2024)<\/p><!--  --><a href=\"https:\/\/vimeo.com\/958380118\" target=\"_blank\" aria-label=\"Lire l\u2019article de presse \u2013 Review Journ\u00e9es d\u2019action sur les droits des personnes handicap\u00e9es 2024\" class=\"more-link\">Lire l\u2019article de presse<\/a><\/div><div role=\"listitem\" class=\"cst-mediapub-listitem cst-mediapub-listitem-show\" id=\"mediapub_852\" data-index=\"2\"><h3 class=\"h5 cst-mediapub-post-title\">Une gastronomie accessible \u00e0 tous<\/h3><p>Article du 27.06.2024 dans le GastroJournal<\/p><!--  --><a href=\"https:\/\/avenir-inclusif.prestage.ch\/vs\/wp-content\/uploads\/sites\/38\/Gastrojournal_27.06.2024_Gastronomie-accessible.png\" target=\"_blank\" aria-label=\"Lire l\u2019article de presse \u2013 Une gastronomie accessible \u00e0 tous\" class=\"more-link\">Lire l\u2019article de presse<\/a><\/div><div role=\"listitem\" class=\"cst-mediapub-listitem cst-mediapub-listitem-show\" id=\"mediapub_850\" data-index=\"3\"><h3 class=\"h5 cst-mediapub-post-title\">En Valais, la grande majorit\u00e9 des caf\u00e9s et restaurants n\u2019ont pas de WC accessibles aux personnes en fauteuil roulant<\/h3><p>Emission du 18.06.2024 sur RTS<\/p><!--  --><a href=\"https:\/\/www.rts.ch\/play\/tv\/19h30\/video\/en-valais-la-grande-majorite-des-cafes-et-restaurants-nont-pas-de-wc-accessibles-aux-personnes-en-fauteuil-roulant?urn=urn:rts:video:14982324\" target=\"_blank\" aria-label=\"Lire l\u2019article de presse \u2013 En Valais, la grande majorit\u00e9 des caf\u00e9s et restaurants n\u2019ont pas de WC accessibles aux personnes en fauteuil roulant\" class=\"more-link\">Lire l\u2019article de presse<\/a><\/div><div role=\"listitem\" class=\"cst-mediapub-listitem cst-mediapub-listitem-show\" id=\"mediapub_849\" data-index=\"4\"><h3 class=\"h5 cst-mediapub-post-title\">Bilan de l&rsquo;op\u00e9ration nationale \u00ab\u00a0Avenir inclusif\u00a0\u00bb men\u00e9e durant un mois en Valais par le Bureau des droits des personnes en situation de handicap.<\/h3><p>Emission du 14.06.2024 sur Radio Chablais<\/p><!--  --><a href=\"https:\/\/radiochablais.ch\/podcasts\/test\/17h-mag\/bilan-de-l-operation-nationale-avenir-inclusif-menee-durant-un-mois-en-valais-par-le-bureau-des-droits-des-personnes-en-situation-de-handicap-\" target=\"_blank\" aria-label=\"Lire l\u2019article de presse \u2013 Bilan de l&rsquo;op\u00e9ration nationale \u00ab\u00a0Avenir inclusif\u00a0\u00bb men\u00e9e durant un mois en Valais par le Bureau des droits des personnes en situation de handicap.\" class=\"more-link\">Lire l\u2019article de presse<\/a><\/div><div role=\"listitem\" class=\"cst-mediapub-listitem cst-mediapub-listitem-show\" id=\"mediapub_848\" data-index=\"5\"><h3 class=\"h5 cst-mediapub-post-title\">\u00abAvenir inclusif a mis en lumi\u00e8re des r\u00e9alit\u00e9s de vie que l&rsquo;on voit peu ou qu&rsquo;on ignore\u00bb<\/h3><p>Le Nouvelliste &#8211; 13.06.2024<\/p><!--  --><a href=\"https:\/\/avenue.argusdatainsights.ch\/Article\/AvenuePDFClip?artikelHash=e9a6c043c5704bc9b70fd77e50cfdcf6_B5CDB0C5188BD88CE810BE0C9BE506AB&amp;artikelDateiId=413006125\" target=\"_blank\" aria-label=\"Lire l\u2019article de presse \u2013 \u00abAvenir inclusif a mis en lumi\u00e8re des r\u00e9alit\u00e9s de vie que l&rsquo;on voit peu ou qu&rsquo;on ignore\u00bb\" class=\"more-link\">Lire l\u2019article de presse<\/a><\/div><div role=\"listitem\" class=\"cst-mediapub-listitem cst-mediapub-listitem-show\" id=\"mediapub_846\" data-index=\"6\"><h3 class=\"h5 cst-mediapub-post-title\">Inklusion gemeinsam leben und feiern<\/h3><p>Walliser Bote 13.06.2024 <\/p><!--  --><a href=\"https:\/\/avenue.argusdatainsights.ch\/Article\/AvenuePDFClip?artikelHash=1d6f7d8567184f328cc9012aa08893cc_FF3187D405956D2068D7C7C40611B033&amp;artikelDateiId=413001276\" target=\"_blank\" aria-label=\"Lire l\u2019article de presse \u2013 Inklusion gemeinsam leben und feiern\" class=\"more-link\">Lire l\u2019article de presse<\/a><\/div><div role=\"listitem\" class=\"cst-mediapub-listitem cst-mediapub-listitem-show\" id=\"mediapub_844\" data-index=\"7\"><h3 class=\"h5 cst-mediapub-post-title\">Le Nouvelliste<\/h3><p>Le Nouvelliste du 07.06.2024<\/p><!--  --><a href=\"https:\/\/avenir-inclusif.prestage.ch\/vs\/wp-content\/uploads\/sites\/38\/Nouvelliste_wc_inaccessibles_7.06.24.pdf\" target=\"_blank\" aria-label=\"Lire l\u2019article de presse \u2013 Le Nouvelliste\" class=\"more-link\">Lire l\u2019article de presse<\/a><\/div><div role=\"listitem\" class=\"cst-mediapub-listitem \" id=\"mediapub_841\" data-index=\"8\"><h3 class=\"h5 cst-mediapub-post-title\">RhoneFM<\/h3><p>News du 06.06.2024<\/p><!--  --><a href=\"https:\/\/www.rhonefm.ch\/valais\/valais-romand--sur-880-restaurants-seuls-29-wc-accessibles-aux-personnes-en-fauteuil-roulant-488785\" target=\"_blank\" aria-label=\"Lire l\u2019article de presse \u2013 RhoneFM\" class=\"more-link\">Lire l\u2019article de presse<\/a><\/div><div role=\"listitem\" class=\"cst-mediapub-listitem \" id=\"mediapub_840\" data-index=\"9\"><h3 class=\"h5 cst-mediapub-post-title\">Le journal Canal9<\/h3><p>Emission du 07.06.2024 sur Canal 9 &#8211; A partir de 13&rsquo;20<\/p><!--  --><a href=\"https:\/\/canal9.ch\/fr\/vendredi-07-06-2024\/\" target=\"_blank\" aria-label=\"Lire l\u2019article de presse \u2013 Le journal Canal9\" class=\"more-link\">Lire l\u2019article de presse<\/a><\/div><div role=\"listitem\" class=\"cst-mediapub-listitem \" id=\"mediapub_839\" data-index=\"10\"><h3 class=\"h5 cst-mediapub-post-title\">Couleurs locales<\/h3><p>Emission du 27.05.2024 sur la RTS<\/p><!--  --><a href=\"https:\/\/www.rts.ch\/play\/tv\/couleurs-locales\/video\/couleurs-locales?urn=urn:rts:video:14932457&amp;startTime=292\" target=\"_blank\" aria-label=\"Lire l\u2019article de presse \u2013 Couleurs locales\" class=\"more-link\">Lire l\u2019article de presse<\/a><\/div><div role=\"listitem\" class=\"cst-mediapub-listitem \" id=\"mediapub_838\" data-index=\"11\"><h3 class=\"h5 cst-mediapub-post-title\">La parole est \u00e0 nous<\/h3><p>Emission du 29.05.2024 sur Canal9<\/p><!--  --><a href=\"https:\/\/canal9.ch\/fr\/la-parole-est-a-nous-recoit-christian-constantin\/\" target=\"_blank\" aria-label=\"Lire l\u2019article de presse \u2013 La parole est \u00e0 nous\" class=\"more-link\">Lire l\u2019article de presse<\/a><\/div><div role=\"listitem\" class=\"cst-mediapub-listitem \" id=\"mediapub_837\" data-index=\"12\"><h3 class=\"h5 cst-mediapub-post-title\">La parole est \u00e0 nous<\/h3><p>Emission du 31.05.2024 sur Canal9<\/p><!--  --><a href=\"https:\/\/canal9.ch\/de\/eifach-gfregt-mit-sebastien-pico\/\" target=\"_blank\" aria-label=\"Lire l\u2019article de presse \u2013 La parole est \u00e0 nous\" class=\"more-link\">Lire l\u2019article de presse<\/a><\/div><div role=\"listitem\" class=\"cst-mediapub-listitem \" id=\"mediapub_834\" data-index=\"13\"><h3 class=\"h5 cst-mediapub-post-title\">Pile et Face<\/h3><p>Immersion dans le monde de ViaVelo &#8211; Emission du 29.05.2024 sur Canal9<\/p><!--  --><a href=\"https:\/\/canal9.ch\/fr\/immersion-dans-le-monde-de-viavelo\/\" target=\"_blank\" aria-label=\"Lire l\u2019article de presse \u2013 Pile et Face\" class=\"more-link\">Lire l\u2019article de presse<\/a><\/div><div role=\"listitem\" class=\"cst-mediapub-listitem \" id=\"mediapub_835\" data-index=\"14\"><h3 class=\"h5 cst-mediapub-post-title\">C\u00e9r\u00e9monie d&rsquo;ouverture des journ\u00e9es d&rsquo;Action du 15.05.2024 \u00e0 Z\u00fcrich<\/h3><p><\/p><!--  --><a href=\"https:\/\/www.youtube.com\/watch?v=olchCZUprfI\" target=\"_blank\" aria-label=\"Lire l\u2019article de presse \u2013 C\u00e9r\u00e9monie d&rsquo;ouverture des journ\u00e9es d&rsquo;Action du 15.05.2024 \u00e0 Z\u00fcrich\" class=\"more-link\">Lire l\u2019article de presse<\/a><\/div><div role=\"listitem\" class=\"cst-mediapub-listitem \" id=\"mediapub_831\" data-index=\"15\"><h3 class=\"h5 cst-mediapub-post-title\">La parole est \u00e0 nous<\/h3><p>Emission du 23.05.2024 sur Canal9<\/p><!--  --><a href=\"https:\/\/canal9.ch\/de\/la-parole-est-a-nous-eifach-gfregt\/\" target=\"_blank\" aria-label=\"Lire l\u2019article de presse \u2013 La parole est \u00e0 nous\" class=\"more-link\">Lire l\u2019article de presse<\/a><\/div><div role=\"listitem\" class=\"cst-mediapub-listitem \" id=\"mediapub_827\" data-index=\"16\"><h3 class=\"h5 cst-mediapub-post-title\">C&rsquo;est vous qui voyez<\/h3><p>Emission du 22.05.2024 sur Canal9<\/p><!--  --><a href=\"https:\/\/canal9.ch\/fr\/cest-vous-qui-voyez-4\/\" target=\"_blank\" aria-label=\"Lire l\u2019article de presse \u2013 C&rsquo;est vous qui voyez\" class=\"more-link\">Lire l\u2019article de presse<\/a><\/div><div role=\"listitem\" class=\"cst-mediapub-listitem \" id=\"mediapub_826\" data-index=\"17\"><h3 class=\"h5 cst-mediapub-post-title\">Eifach gfregt<\/h3><p>Emission du 17.05.2024 sur Canal9<\/p><!--  --><a href=\"https:\/\/canal9.ch\/de\/eifach-gfregt\/\" target=\"_blank\" aria-label=\"Lire l\u2019article de presse \u2013 Eifach gfregt\" class=\"more-link\">Lire l\u2019article de presse<\/a><\/div><div role=\"listitem\" class=\"cst-mediapub-listitem \" id=\"mediapub_824\" data-index=\"18\"><h3 class=\"h5 cst-mediapub-post-title\">Zahl der Menschen mit Behinderungen steigt- auffast 70&rsquo;000 im Wallis<\/h3><p>Article dans le Walliser Bote du 08.05.2024<\/p><!--  --><a href=\"https:\/\/avenue.argusdatainsights.ch\/Article\/AvenuePDFClip?artikelHash=7081e063fce142c3b83e9b06337324a6_2E76BF116CACDC53C98DDCEEEE613C80&amp;artikelDateiId=408788542\" target=\"_blank\" aria-label=\"Lire l\u2019article de presse \u2013 Zahl der Menschen mit Behinderungen steigt- auffast 70&rsquo;000 im Wallis\" class=\"more-link\">Lire l\u2019article de presse<\/a><\/div><div role=\"listitem\" class=\"cst-mediapub-listitem \" id=\"mediapub_822\" data-index=\"19\"><h3 class=\"h5 cst-mediapub-post-title\">Bewusstsein f\u00fcr Behinderungen steigern<\/h3><p>Article dans le Walliser Bote du 23.05.2024 <\/p><!--  --><a href=\"https:\/\/avenue.argusdatainsights.ch\/Article\/AvenuePDFClip?artikelHash=d0b9d5f9c7c94f0b982f9d9465630a83_221569E847E24D633126F434A6BAA5FF&amp;artikelDateiId=410472502\" target=\"_blank\" aria-label=\"Lire l\u2019article de presse \u2013 Bewusstsein f\u00fcr Behinderungen steigern\" class=\"more-link\">Lire l\u2019article de presse<\/a><\/div><div role=\"listitem\" class=\"cst-mediapub-listitem \" id=\"mediapub_818\" data-index=\"20\"><h3 class=\"h5 cst-mediapub-post-title\">La parole est \u00e0 NOUS! Mathias Reynard<\/h3><p>Emission du 16.05.2024 sur Canal9<\/p><!--  --><a href=\"https:\/\/canal9.ch\/fr\/mathias-reynard\/\" target=\"_blank\" aria-label=\"Lire l\u2019article de presse \u2013 La parole est \u00e0 NOUS! Mathias Reynard\" class=\"more-link\">Lire l\u2019article de presse<\/a><\/div><div role=\"listitem\" class=\"cst-mediapub-listitem \" id=\"mediapub_816\" data-index=\"21\"><h3 class=\"h5 cst-mediapub-post-title\">T\u00e9moignage: Sportive sur Jo\u00eblette<\/h3><p>Emission du 15.05.2024 sur Canal9<\/p><!--  --><a href=\"https:\/\/canal9.ch\/fr\/temoignage-sportive-sur-joelette\/\" target=\"_blank\" aria-label=\"Lire l\u2019article de presse \u2013 T\u00e9moignage: Sportive sur Jo\u00eblette\" class=\"more-link\">Lire l\u2019article de presse<\/a><\/div><div role=\"listitem\" class=\"cst-mediapub-listitem \" id=\"mediapub_813\" data-index=\"22\"><h3 class=\"h5 cst-mediapub-post-title\">Interview Canal9<\/h3><p>Interview du 06.05.24 avec Viviane B\u00e9rod Pinho, responsable du bureau pour les droits des personnes en situation de handicap<\/p><!--  --><a href=\"https:\/\/canal9.ch\/fr\/domaine-du-handicap-un-mois-pour-celebrer-linclusion\/\" target=\"_blank\" aria-label=\"Lire l\u2019article de presse \u2013 Interview Canal9\" class=\"more-link\">Lire l\u2019article de presse<\/a><\/div><div role=\"listitem\" class=\"cst-mediapub-listitem \" id=\"mediapub_811\" data-index=\"23\"><h3 class=\"h5 cst-mediapub-post-title\">Interview Radio Rottu Oberwallis<\/h3><p>Interview du 06.05.24 avec Priska Escher, Collaboratrice sp\u00e9cialis\u00e9e du bureau pour les droits des personnes en situation de handicap<\/p><!--  --><a href=\"https:\/\/zukunft-inklusion.prestage.ch\/vs\/wp-content\/uploads\/sites\/38\/06MAI24-Aktionstage-dc.mp3\" target=\"_blank\" aria-label=\"Lire l\u2019article de presse \u2013 Interview Radio Rottu Oberwallis\" class=\"more-link\">Lire l\u2019article de presse<\/a><\/div><div role=\"listitem\" class=\"cst-mediapub-listitem \" id=\"mediapub_806\" data-index=\"24\"><h3 class=\"h5 cst-mediapub-post-title\">Podcast Radio Chablais<\/h3><p>Interview du 07.05.24 avec Viviane B\u00e9rod Pinho, responsable du bureau pour les droits des personnes en situation de handicap<\/p><!--  --><a href=\"https:\/\/radiochablais.ch\/podcasts\/podcasts-details?idPodcast=56110\" target=\"_blank\" aria-label=\"Lire l\u2019article de presse \u2013 Podcast Radio Chablais\" class=\"more-link\">Lire l\u2019article de presse<\/a><\/div><div role=\"listitem\" class=\"cst-mediapub-listitem \" id=\"mediapub_805\" data-index=\"25\"><h3 class=\"h5 cst-mediapub-post-title\">Der Weg zu einer inklusiveren und barrierefreien Gesellschaft<\/h3><p>Article dans le Walliser Bote du 07.05.2024<\/p><!--  --><a href=\"https:\/\/avenue.argusdatainsights.ch\/Article\/AvenuePDFClip?artikelHash=6c438f95a0e34cf3ab0a37f7d3a29053_20E03FD9B9EED4D95A07BD2682F4CD38&amp;artikelDateiId=408637176\" target=\"_blank\" aria-label=\"Lire l\u2019article de presse \u2013 Der Weg zu einer inklusiveren und barrierefreien Gesellschaft\" class=\"more-link\">Lire l\u2019article de presse<\/a><\/div><div role=\"listitem\" class=\"cst-mediapub-listitem \" id=\"mediapub_802\" data-index=\"26\"><h3 class=\"h5 cst-mediapub-post-title\">Plus de quarante projets d&rsquo;actions inclusives<\/h3><p>Article dans le Nouvelliste du 07.05.2024<\/p><!--  --><a href=\"https:\/\/avenue.argusdatainsights.ch\/Article\/AvenuePDFClip?artikelHash=5cd0da46b018401c96afa468acf9041d_DCE7AAE92072ECE63B0F8DB0B67A1192&amp;artikelDateiId=408649620\" target=\"_blank\" aria-label=\"Lire l\u2019article de presse \u2013 Plus de quarante projets d&rsquo;actions inclusives\" class=\"more-link\">Lire l\u2019article de presse<\/a><\/div><div role=\"listitem\" class=\"cst-mediapub-listitem \" id=\"mediapub_781\" data-index=\"27\"><h3 class=\"h5 cst-mediapub-post-title\">Avenir inclusif<\/h3><p>Article de la FOVAHM du 27.03.2024<\/p><!--  --><a href=\"https:\/\/www.fovahm.ch\/fr\/actualites-et-presse\/news\/avenir-inclusif-9498\/\" target=\"_blank\" aria-label=\"Lire l\u2019article de presse \u2013 Avenir inclusif\" class=\"more-link\">Lire l\u2019article de presse<\/a><\/div><div role=\"listitem\" class=\"cst-mediapub-listitem \" id=\"mediapub_768\" data-index=\"28\"><h3 class=\"h5 cst-mediapub-post-title\">Du 15 mai au 15 juin 2024 : un mois d\u00e9di\u00e9 aux droits des personnes handicap\u00e9es<\/h3><p>Article sur admin.ch du 25.04.2024<\/p><!--  --><a href=\"https:\/\/www.admin.ch\/gov\/fr\/accueil\/documentation\/communiques.msg-id-100821.html\" target=\"_blank\" aria-label=\"Lire l\u2019article de presse \u2013 Du 15 mai au 15 juin 2024 : un mois d\u00e9di\u00e9 aux droits des personnes handicap\u00e9es\" class=\"more-link\">Lire l\u2019article de presse<\/a><\/div><div role=\"listitem\" class=\"cst-mediapub-listitem \" id=\"mediapub_761\" data-index=\"29\"><h3 class=\"h5 cst-mediapub-post-title\">En Valais, un \u00abavenir inclusif\u00bb avec les sourds et malentendants<\/h3><p>Article sur \u00ab\u00a0FoRom \u00e9coute\u00a0\u00bb du 12.04.2024<\/p><!--  --><a href=\"https:\/\/ecoute.ch\/article\/en-valais-un-avenir-inclusif-avec-les-sourds-et-malentendants\/\" target=\"_blank\" aria-label=\"Lire l\u2019article de presse \u2013 En Valais, un \u00abavenir inclusif\u00bb avec les sourds et malentendants\" class=\"more-link\">Lire l\u2019article de presse<\/a><\/div><div role=\"listitem\" class=\"cst-mediapub-listitem \" id=\"mediapub_555\" data-index=\"30\"><h3 class=\"h5 cst-mediapub-post-title\">Arbeitsmarkt f\u00fcr Menschen mit Behinderung wird endlich sichtbar<\/h3><p>Article dans le Walliser Bote du 05.03.2024<\/p><!--  --><a href=\"https:\/\/avenir-inclusif.prestage.ch\/vs\/wp-content\/uploads\/sites\/38\/Walliser-Bote-Institutionen-Oberwallis-Arbeit.pdf\" target=\"_blank\" aria-label=\"Lire l\u2019article de presse \u2013 Arbeitsmarkt f\u00fcr Menschen mit Behinderung wird endlich sichtbar\" class=\"more-link\">Lire l\u2019article de presse<\/a><\/div><div role=\"listitem\" class=\"cst-mediapub-listitem \" id=\"mediapub_242\" data-index=\"31\"><h3 class=\"h5 cst-mediapub-post-title\">Projekte f\u00fcr \u201eZukunft Inklusion\u201c gesucht \u2013 auch im Wallis<\/h3><p>Article dans le Walliser Bote du 28.11.2023<\/p><!--  --><a href=\"https:\/\/zukunft-inklusion.prestage.ch\/vs\/wp-content\/uploads\/sites\/38\/wb_28.11.2023.jpg\" target=\"_blank\" aria-label=\"Lire l\u2019article de presse \u2013 Projekte f\u00fcr \u201eZukunft Inklusion\u201c gesucht \u2013 auch im Wallis\" class=\"more-link\">Lire l\u2019article de presse<\/a><\/div><div role=\"listitem\" class=\"cst-mediapub-listitem \" id=\"mediapub_208\" data-index=\"32\"><h3 class=\"h5 cst-mediapub-post-title\">Podcast Radio Chablais<\/h3><p>Interview avec Viviane B\u00e9rod Pinho, responsable du bureau pour les droits des personnes en situation de handicap<\/p><!--  --><a href=\"https:\/\/radiochablais.ch\/podcasts\/podcast-detail?idPodcast=52245\" target=\"_blank\" aria-label=\"Lire l\u2019article de presse \u2013 Podcast Radio Chablais\" class=\"more-link\">Lire l\u2019article de presse<\/a><\/div><div role=\"listitem\" class=\"cst-mediapub-listitem \" id=\"mediapub_201\" data-index=\"33\"><h3 class=\"h5 cst-mediapub-post-title\">Journ\u00e9es d\u2019action nationales de l\u2019Etat du Valais (Communiqu\u00e9 de presse)<\/h3><p>Journ\u00e9es d&rsquo;action nationales pour l\u2019inclusion des personnes en situation de handicap &#8211; Lancement d\u2019un appel \u00e0 projets (Communiqu\u00e9 de presse du Canton du Valais).<\/p><!--  --><a href=\"https:\/\/www.vs.ch\/web\/communication\/detail?groupId=529400&amp;articleId=26528250\" target=\"_blank\" aria-label=\"Lire l\u2019article de presse \u2013 Journ\u00e9es d\u2019action nationales de l\u2019Etat du Valais (Communiqu\u00e9 de presse)\" class=\"more-link\">Lire l\u2019article de presse<\/a><\/div><button class=\"cst-mediapub-list-more-button\"><span>Voir plus d&rsquo;articles de presse<\/span><\/button><\/div>\n\n\n<h2 class=\"wp-block-heading\">Contacts pour les m\u00e9dias<\/h2>\n\n\n\n<p><a href=\"mailto:\" data-eml-encoded-attr=\"WW5WeVpXRjFMV3hrYVhCb0pUUXdZV1J0YVc0dWRuTXVZMmc9\"><span data-eml-encoded-html><label>(E-Mail)<\/label><var aria-hidden=\"true\" style=\"display:none\">WW5WeVpXRjFMV3hrYVhCb0pUUXdZV1J0YVc0dWRuTXVZMmc9<\/var><\/span><\/a><\/p>\n","protected":false},"excerpt":{"rendered":"<p>Articles de presse sur les journ\u00e9es d&rsquo;action Vous trouverez ici une compilation des contributions des m\u00e9dias aux journ\u00e9es d&rsquo;action Droits des personnes handicap\u00e9es 2024. Contacts pour les m\u00e9dias (E-Mail)WW5WeVpXRjFMV3hrYVhCb0pUUXdZV1J0YVc0dWRuTXVZMmc9<\/p>\n","protected":false},"author":1,"featured_media":0,"parent":0,"menu_order":8,"comment_status":"closed","ping_status":"closed","template":"page-templates\/media_page.php","meta":{"_acf_changed":false,"_genesis_hide_title":false,"_genesis_hide_breadcrumbs":false,"_genesis_hide_singular_image":false,"_genesis_hide_footer_widgets":false,"_genesis_custom_body_class":"","_genesis_custom_post_class":"","_genesis_layout":"","footnotes":""},"class_list":{"0":"post-68","1":"page","2":"type-page","3":"status-publish","5":"entry"},"acf":[],"_links":{"self":[{"href":"https:\/\/avenir-inclusif.prestage.ch\/vs\/wp-json\/wp\/v2\/pages\/68","targetHints":{"allow":["GET"]}}],"collection":[{"href":"https:\/\/avenir-inclusif.prestage.ch\/vs\/wp-json\/wp\/v2\/pages"}],"about":[{"href":"https:\/\/avenir-inclusif.prestage.ch\/vs\/wp-json\/wp\/v2\/types\/page"}],"author":[{"embeddable":true,"href":"https:\/\/avenir-inclusif.prestage.ch\/vs\/wp-json\/wp\/v2\/users\/1"}],"replies":[{"embeddable":true,"href":"https:\/\/avenir-inclusif.prestage.ch\/vs\/wp-json\/wp\/v2\/comments?post=68"}],"version-history":[{"count":2,"href":"https:\/\/avenir-inclusif.prestage.ch\/vs\/wp-json\/wp\/v2\/pages\/68\/revisions"}],"predecessor-version":[{"id":696,"href":"https:\/\/avenir-inclusif.prestage.ch\/vs\/wp-json\/wp\/v2\/pages\/68\/revisions\/696"}],"wp:attachment":[{"href":"https:\/\/avenir-inclusif.prestage.ch\/vs\/wp-json\/wp\/v2\/media?parent=68"}],"curies":[{"name":"wp","href":"https:\/\/api.w.org\/{rel}","templated":true}]}}