{"id":64,"date":"2023-07-28T14:00:48","date_gmt":"2023-07-28T12:00:48","guid":{"rendered":"https:\/\/zukunft-inklusion.ch.prestage.ch\/vs\/?page_id=64"},"modified":"2024-04-16T14:59:49","modified_gmt":"2024-04-16T12:59:49","slug":"participer","status":"publish","type":"page","link":"https:\/\/avenir-inclusif.prestage.ch\/vs\/participer\/","title":{"rendered":"Participer"},"content":{"rendered":"\n<h2 class=\"wp-block-heading\">Participez \u00e0 une action<\/h2>\n\n\n\n<p>La fen\u00eatre d&rsquo;inscription pour les Journ\u00e9es d&rsquo;action des droits des personnes handicap\u00e9es 2024 est ouverte. Pour en savoir plus, consultez <a href=\"https:\/\/www.vs.ch\/documents\/218528\/25908737\/Journ%C3%A9es+nationales+d%27action+2024+-+Appel+%C3%A0+projet.pdf\/3fdb5781-6c89-adf7-8b81-2a2bac775e1b?t=1693806484519\">l\u2019appel \u00e0 projet<\/a>. Soumettez une action <strong>jusqu&rsquo;au 3 d\u00e9cembre 2023<\/strong> et devenez partie \u00e0 un \u00ab&nbsp;Avenir inclusif&nbsp;\u00bb. Cliquez ici pour <a href=\"https:\/\/www.vs.ch\/documents\/218528\/25908737\/Journ%C3%A9e+d%27actions+Formulaire+d%27inscription.docx\/2955dc69-7540-4747-3382-a319d9d23cdc?t=1695015577721\">vous inscrire<\/a>.<\/p>\n\n\n\n<p>Vous pouvez envoyer les documents :<\/p>\n\n\n\n<ul class=\"wp-block-list\">\n<li>soit par email : <span data-eml-encoded-html><label>(E-Mail)<\/label><var aria-hidden=\"true\" style=\"display:none\">WW5WeVpXRjFMV3hrYVhCb0pUUXdZV1J0YVc0dWRuTXVZMmc9<\/var><\/span><\/li>\n\n\n\n<li>soit par courrier \u00e0 l\u2019adresse : Bureau des droits pour les personnes en situation de handicap, Avenue de la Gare 23, 1950 Sion<\/li>\n<\/ul>\n\n\n\n<p><img loading=\"lazy\" decoding=\"async\" height=\"50\" width=\"50\" src=\"https:\/\/www.vs.ch\/documents\/218528\/25908737\/Logo_FALC.png\/0ee88b64-4255-d5c3-d23b-fe284b48aaf1?t=1694530130515\" alt=\"Logo FALC\">&nbsp; L\u2019appel \u00e0 projet est disponible en&nbsp;<a rel=\"noreferrer noopener\" href=\"https:\/\/www.vs.ch\/documents\/218528\/25908737\/Journ%C3%A9es+nationales+d%27action+2024+-+Appel+%C3%A0+projet+FALC.pdf\/30e477da-c34b-0b74-92fe-7daa4df1264c?t=1694530181993\" target=\"_blank\">FALC<\/a>.<\/p>\n\n\n\n<p>Nous avons cr\u00e9\u00e9 des fiches d&rsquo;informations pour vous aider \u00e0 organiser vos actions. Ces fiches fournissent des conseils pratiques et des instructions pour la planification et la mise en \u0153uvre de votre action.<\/p>\n\n\n\n<ol class=\"wp-block-list\" type=\"1\">\n<li><a rel=\"noreferrer noopener\" href=\"https:\/\/www.vs.ch\/documents\/218528\/25908737\/Participez+aux+journ%C3%A9es+d%E2%80%99action.pdf\/25024917-10d0-9ca1-7dbf-ae5ce9ed689b?t=1694527889949\" target=\"_blank\">participez aux journ\u00e9es d\u2019action<\/a><\/li>\n\n\n\n<li><a rel=\"noreferrer noopener\" href=\"https:\/\/www.vs.ch\/documents\/218528\/25908737\/Langue+et+handicap.pdf\/b9520353-892c-d5d1-4f4e-afd0ab9370bf?t=1694527914525\" target=\"_blank\">langue et handicap<\/a><\/li>\n\n\n\n<li><a rel=\"noreferrer noopener\" href=\"https:\/\/www.vs.ch\/documents\/218528\/25908737\/Organiser+une+activit%C3%A9+sans+obstacle.pdf\/20def466-8ca9-9a93-ed98-86a844d7a6ff?t=1694527944821\" target=\"_blank\">organiser une activit\u00e9 sans obstacle<\/a><\/li>\n\n\n\n<li><a rel=\"noreferrer noopener\" href=\"https:\/\/www.vs.ch\/documents\/218528\/25908737\/Le+langage+simple.pdf\/fbb9e866-6405-a6ac-db6c-338b61469d38?t=1694527972644\" target=\"_blank\">le langage simple<\/a><\/li>\n\n\n\n<li><a rel=\"noreferrer noopener\" href=\"https:\/\/www.vs.ch\/documents\/218528\/25908737\/Les+m%C3%A9dias+sociaux.pdf\/22b30226-674f-75d9-0341-28f9d98bf76d?t=1694528002007\" target=\"_blank\">les m\u00e9dias sociaux<\/a><\/li>\n\n\n\n<li><a rel=\"noreferrer noopener\" href=\"https:\/\/www.vs.ch\/documents\/218528\/25908737\/Les+r%C3%A9seaux.pdf\/abddcbae-b368-5d45-1e93-fc75b0110115?t=1694528033608\" target=\"_blank\">les r\u00e9seaux<\/a><\/li>\n<\/ol>\n\n\n\n<h2 class=\"wp-block-heading\">Participer \u00e0 un projet en 5 \u00e9tapes<\/h2>\n\n\n\n<p>Si vous souhaitez participer \u00e0 \u00ab&nbsp;Avenir inclusif&nbsp;\u00bb avec une action, vous devez passer par plusieurs \u00e9tapes. Tout d&rsquo;abord, vous devez soumettre l&rsquo;action \u00e0 l&rsquo;aide de notre <a href=\"https:\/\/www.vs.ch\/documents\/218528\/25908737\/Journ%C3%A9e+d%27actions+Formulaire+d%27inscription.docx\/2955dc69-7540-4747-3382-a319d9d23cdc?t=1695015577721\">formulaire d&rsquo;inscription<\/a>. Ensuite, nous v\u00e9rifions si l&rsquo;action correspond \u00e0 nos crit\u00e8res de qualit\u00e9. Si l&rsquo;action est accept\u00e9e, vous recevrez une confirmation avec un num\u00e9ro d&rsquo;action et le formulaire de saisie. Avec le <a href=\"https:\/\/avenir-inclusif.prestage.ch\/vs\/wp-content\/uploads\/sites\/38\/Formulaire-de-planification-FR_barrierefrei.docx\" data-type=\"link\" data-id=\"https:\/\/avenir-inclusif.prestage.ch\/vs\/wp-content\/uploads\/sites\/38\/Eingabeformular-DE_barrierefrei.docx\">formulaire de saisie<\/a>, vous saisissez les d\u00e9tails de l&rsquo;action afin que nous puissions la publier sur le site web \u00ab&nbsp;Avenir inclusif&nbsp;\u00bb.<\/p>\n\n\n\n<p>N&rsquo;h\u00e9sitez pas \u00e0 nous contacter si vous avez des questions. Nous vous conseillons et vous mettons en contact avec d&rsquo;autres personnes.<\/p>\n\n\n\n<h2 class=\"wp-block-heading\">Informez-vous sur \u00ab&nbsp;Avenir inclusif&nbsp;\u00bb<\/h2>\n\n\n\n<p>Cliquez ici pour consulter le <a href=\"https:\/\/avenir-inclusif.prestage.ch\/vs\/calendrier\/\">calendrier<\/a> avec les dates et les possibilit\u00e9s d&rsquo;inscription.<\/p>\n\n\n\n<h2 class=\"wp-block-heading\">Promouvoir les Journ\u00e9es d&rsquo;action pour les droits des personnes handicap\u00e9es 2024<\/h2>\n\n\n\n<p>Parlez des journ\u00e9es d&rsquo;action et des multiples actions. Informez votre entourage des possibilit\u00e9s de participation.<\/p>\n\n\n\n<h3 class=\"wp-block-heading\">Faites de la publicit\u00e9 pour les journ\u00e9es d&rsquo;action dans votre commune !<\/h3>\n\n\n\n<p>Vous pouvez t\u00e9l\u00e9charger et faire imprimer des affiches pour vos communes (services SGA) en cliquant sur le <a href=\"https:\/\/zukunft-inklusion.prestage.ch\/vs\/wp-content\/uploads\/sites\/38\/ZI-Aktionstage_2024_Flyer_A5_FR_vs.pdf\" target=\"_blank\" rel=\"noreferrer noopener\">lien suivant<\/a>. Vous avez ainsi la possibilit\u00e9 de rendre les journ\u00e9es d&rsquo;action visibles directement sur place.<\/p>\n\n\n\n<h2 class=\"wp-block-heading\">Votre avis est important pour nous<\/h2>\n\n\n\n<p>Vous avez des id\u00e9es d&rsquo;actions&nbsp;? Vous avez des r\u00e9clamations&nbsp;? Ou vous souhaitez vous impliquer activement&nbsp;? N&rsquo;h\u00e9sitez pas \u00e0 prendre <a href=\"https:\/\/avenir-inclusif.prestage.ch\/vs\/contact\/\">contact<\/a> avec nous. Nous serions \u00e9galement heureux de recevoir vos r\u00e9actions sur les fiches d&rsquo;information. Sont-elles utiles&nbsp;? Un th\u00e8me important manque-t-il&nbsp;?<\/p>\n","protected":false},"excerpt":{"rendered":"<p>Participez \u00e0 une action La fen\u00eatre d&rsquo;inscription pour les Journ\u00e9es d&rsquo;action des droits des personnes handicap\u00e9es 2024 est ouverte. Pour en savoir plus, consultez l\u2019appel \u00e0 projet. Soumettez une action jusqu&rsquo;au 3 d\u00e9cembre 2023 et devenez partie \u00e0 un \u00ab&nbsp;Avenir inclusif&nbsp;\u00bb. Cliquez ici pour vous inscrire. Vous pouvez envoyer les documents : &nbsp; L\u2019appel \u00e0 [&hellip;]<\/p>\n","protected":false},"author":1,"featured_media":0,"parent":0,"menu_order":6,"comment_status":"closed","ping_status":"closed","template":"page-templates\/participate_page.php","meta":{"_acf_changed":false,"_genesis_hide_title":false,"_genesis_hide_breadcrumbs":false,"_genesis_hide_singular_image":false,"_genesis_hide_footer_widgets":false,"_genesis_custom_body_class":"","_genesis_custom_post_class":"","_genesis_layout":"","footnotes":""},"class_list":{"0":"post-64","1":"page","2":"type-page","3":"status-publish","5":"entry"},"acf":[],"_links":{"self":[{"href":"https:\/\/avenir-inclusif.prestage.ch\/vs\/wp-json\/wp\/v2\/pages\/64","targetHints":{"allow":["GET"]}}],"collection":[{"href":"https:\/\/avenir-inclusif.prestage.ch\/vs\/wp-json\/wp\/v2\/pages"}],"about":[{"href":"https:\/\/avenir-inclusif.prestage.ch\/vs\/wp-json\/wp\/v2\/types\/page"}],"author":[{"embeddable":true,"href":"https:\/\/avenir-inclusif.prestage.ch\/vs\/wp-json\/wp\/v2\/users\/1"}],"replies":[{"embeddable":true,"href":"https:\/\/avenir-inclusif.prestage.ch\/vs\/wp-json\/wp\/v2\/comments?post=64"}],"version-history":[{"count":12,"href":"https:\/\/avenir-inclusif.prestage.ch\/vs\/wp-json\/wp\/v2\/pages\/64\/revisions"}],"predecessor-version":[{"id":694,"href":"https:\/\/avenir-inclusif.prestage.ch\/vs\/wp-json\/wp\/v2\/pages\/64\/revisions\/694"}],"wp:attachment":[{"href":"https:\/\/avenir-inclusif.prestage.ch\/vs\/wp-json\/wp\/v2\/media?parent=64"}],"curies":[{"name":"wp","href":"https:\/\/api.w.org\/{rel}","templated":true}]}}