{"id":58,"date":"2023-07-28T14:00:24","date_gmt":"2023-07-28T12:00:24","guid":{"rendered":"https:\/\/zukunft-inklusion.ch.prestage.ch\/vs\/?page_id=58"},"modified":"2024-03-26T15:50:53","modified_gmt":"2024-03-26T14:50:53","slug":"calendrier","status":"publish","type":"page","link":"https:\/\/avenir-inclusif.prestage.ch\/vs\/calendrier\/","title":{"rendered":"Calendrier"},"content":{"rendered":"\n<p>Tous les \u00e9v\u00e9nements \u00e0 venir, y compris les s\u00e9ances d&rsquo;information, les r\u00e9unions d&rsquo;\u00e9change et les actions futures, seront d\u00e9sormais inscrits sur notre calendrier. Ainsi, vous aurez toujours une vue d&rsquo;ensemble des \u00e9v\u00e9nements \u00e0 venir et vous pourrez anticiper.<\/p>\n\n\n\n<p><strong>15 mai 2024<\/strong><br><strong>C\u00e9r\u00e9monie d&rsquo;ouverture nationale\u00a0(Zurich)<\/strong><br>La c\u00e9r\u00e9monie d&rsquo;ouverture nationale des journ\u00e9es d\u2019action pour les droits des personnes en situation de handicap aura lieu \u00e0 Zurich.<\/p>\n\n\n\n<p><strong>12 juin 2024 \u00e0 11h00<\/strong><br><strong style=\"font-weight: bold\">C\u00e9r\u00e9monie de cl\u00f4tur<\/strong><strong>e <\/strong><strong>Canton du Valais (Brigue)<\/strong><br>La c\u00e9r\u00e9monie de cl\u00f4ture des journ\u00e9es d\u2019action pour les droits des personnes en situation de handicap du canton du Valais aura lieu \u00e0 Brigue. Uniquement sur invitation.<\/p>\n\n\n\n<p><strong>15 juin 2024<br><strong>C\u00e9r\u00e9monie de cl\u00f4ture nationale\u00a0<\/strong>(Gen\u00e8ve)<\/strong><br>La c\u00e9r\u00e9monie de cl\u00f4ture nationale des journ\u00e9es d\u2019action pour les droits des personnes en situation de handicap aura lieu \u00e0 Gen\u00e8ve.<\/p>\n","protected":false},"excerpt":{"rendered":"<p>Tous les \u00e9v\u00e9nements \u00e0 venir, y compris les s\u00e9ances d&rsquo;information, les r\u00e9unions d&rsquo;\u00e9change et les actions futures, seront d\u00e9sormais inscrits sur notre calendrier. Ainsi, vous aurez toujours une vue d&rsquo;ensemble des \u00e9v\u00e9nements \u00e0 venir et vous pourrez anticiper. 15 mai 2024C\u00e9r\u00e9monie d&rsquo;ouverture nationale\u00a0(Zurich)La c\u00e9r\u00e9monie d&rsquo;ouverture nationale des journ\u00e9es d\u2019action pour les droits des personnes en [&hellip;]<\/p>\n","protected":false},"author":1,"featured_media":0,"parent":0,"menu_order":3,"comment_status":"closed","ping_status":"closed","template":"page-templates\/calendar_page.php","meta":{"_acf_changed":false,"_genesis_hide_title":false,"_genesis_hide_breadcrumbs":false,"_genesis_hide_singular_image":false,"_genesis_hide_footer_widgets":false,"_genesis_custom_body_class":"","_genesis_custom_post_class":"","_genesis_layout":"","footnotes":""},"class_list":{"0":"post-58","1":"page","2":"type-page","3":"status-publish","5":"entry"},"acf":[],"_links":{"self":[{"href":"https:\/\/avenir-inclusif.prestage.ch\/vs\/wp-json\/wp\/v2\/pages\/58","targetHints":{"allow":["GET"]}}],"collection":[{"href":"https:\/\/avenir-inclusif.prestage.ch\/vs\/wp-json\/wp\/v2\/pages"}],"about":[{"href":"https:\/\/avenir-inclusif.prestage.ch\/vs\/wp-json\/wp\/v2\/types\/page"}],"author":[{"embeddable":true,"href":"https:\/\/avenir-inclusif.prestage.ch\/vs\/wp-json\/wp\/v2\/users\/1"}],"replies":[{"embeddable":true,"href":"https:\/\/avenir-inclusif.prestage.ch\/vs\/wp-json\/wp\/v2\/comments?post=58"}],"version-history":[{"count":5,"href":"https:\/\/avenir-inclusif.prestage.ch\/vs\/wp-json\/wp\/v2\/pages\/58\/revisions"}],"predecessor-version":[{"id":649,"href":"https:\/\/avenir-inclusif.prestage.ch\/vs\/wp-json\/wp\/v2\/pages\/58\/revisions\/649"}],"wp:attachment":[{"href":"https:\/\/avenir-inclusif.prestage.ch\/vs\/wp-json\/wp\/v2\/media?parent=58"}],"curies":[{"name":"wp","href":"https:\/\/api.w.org\/{rel}","templated":true}]}}