{"id":7,"date":"2023-07-28T14:00:48","date_gmt":"2023-07-28T12:00:48","guid":{"rendered":"https:\/\/zukunft-inklusion.ch.prestage.ch\/ge\/?page_id=7"},"modified":"2024-03-05T14:13:06","modified_gmt":"2024-03-05T13:13:06","slug":"participer","status":"publish","type":"page","link":"https:\/\/avenir-inclusif.prestage.ch\/vd\/participer\/","title":{"rendered":"Proposer une action"},"content":{"rendered":"\n<p>Dans le Canton de Vaud, l\u2019organisation des Journ\u00e9es d\u2019action se fait au sein d\u2019un r\u00e9seau des partenaires impliqu\u00e9s.<\/p>\n\n\n\n<p>Si vous n\u2019avez pas eu l\u2019occasion de pr\u00e9senter votre propre projet et que vous d\u00e9sirez tout de m\u00eame participer \u00e0 cet \u00e9v\u00e9nement national, vous pouvez vous associer \u00e0 des actions en pr\u00e9paration et d\u00e9velopper un partenariat avec les organisations qui y travaillent d\u00e9j\u00e0.<\/p>\n\n\n\n<h2 class=\"wp-block-heading\">Votre avis est important pour nous<\/h2>\n\n\n\n<p>Vous avez des questions&nbsp;? N&rsquo;h\u00e9sitez pas \u00e0 prendre <a href=\"https:\/\/avenir-inclusif.prestage.ch\/vd\/contact\/\">contact<\/a> avec nous.<\/p>\n","protected":false},"excerpt":{"rendered":"<p>Dans le Canton de Vaud, l\u2019organisation des Journ\u00e9es d\u2019action se fait au sein d\u2019un r\u00e9seau des partenaires impliqu\u00e9s. Si vous n\u2019avez pas eu l\u2019occasion de pr\u00e9senter votre propre projet et que vous d\u00e9sirez tout de m\u00eame participer \u00e0 cet \u00e9v\u00e9nement national, vous pouvez vous associer \u00e0 des actions en pr\u00e9paration et d\u00e9velopper un partenariat avec [&hellip;]<\/p>\n","protected":false},"author":1,"featured_media":0,"parent":0,"menu_order":6,"comment_status":"closed","ping_status":"closed","template":"page-templates\/participate_page.php","meta":{"_acf_changed":false,"_genesis_hide_title":false,"_genesis_hide_breadcrumbs":false,"_genesis_hide_singular_image":false,"_genesis_hide_footer_widgets":false,"_genesis_custom_body_class":"","_genesis_custom_post_class":"","_genesis_layout":"","footnotes":""},"class_list":{"0":"post-7","1":"page","2":"type-page","3":"status-publish","5":"entry"},"acf":[],"_links":{"self":[{"href":"https:\/\/avenir-inclusif.prestage.ch\/vd\/wp-json\/wp\/v2\/pages\/7","targetHints":{"allow":["GET"]}}],"collection":[{"href":"https:\/\/avenir-inclusif.prestage.ch\/vd\/wp-json\/wp\/v2\/pages"}],"about":[{"href":"https:\/\/avenir-inclusif.prestage.ch\/vd\/wp-json\/wp\/v2\/types\/page"}],"author":[{"embeddable":true,"href":"https:\/\/avenir-inclusif.prestage.ch\/vd\/wp-json\/wp\/v2\/users\/1"}],"replies":[{"embeddable":true,"href":"https:\/\/avenir-inclusif.prestage.ch\/vd\/wp-json\/wp\/v2\/comments?post=7"}],"version-history":[{"count":6,"href":"https:\/\/avenir-inclusif.prestage.ch\/vd\/wp-json\/wp\/v2\/pages\/7\/revisions"}],"predecessor-version":[{"id":124,"href":"https:\/\/avenir-inclusif.prestage.ch\/vd\/wp-json\/wp\/v2\/pages\/7\/revisions\/124"}],"wp:attachment":[{"href":"https:\/\/avenir-inclusif.prestage.ch\/vd\/wp-json\/wp\/v2\/media?parent=7"}],"curies":[{"name":"wp","href":"https:\/\/api.w.org\/{rel}","templated":true}]}}