{"id":5,"date":"2023-07-28T14:00:17","date_gmt":"2023-07-28T12:00:17","guid":{"rendered":"https:\/\/zukunft-inklusion.ch.prestage.ch\/ge\/?page_id=5"},"modified":"2024-03-06T14:32:25","modified_gmt":"2024-03-06T13:32:25","slug":"projet","status":"publish","type":"page","link":"https:\/\/avenir-inclusif.prestage.ch\/vd\/projet\/","title":{"rendered":"Projet"},"content":{"rendered":"\n<h2 class=\"wp-block-heading\">Qui sommes-nous&nbsp;?<\/h2>\n\n\n\n<p><\/p>\n\n\n\n<p>Les Journ\u00e9es nationales d&rsquo;action sur les droits des personnes en situation de handicap 2024 sont coordonn\u00e9es et g\u00e9r\u00e9es par le Bureau f\u00e9d\u00e9ral de l&rsquo;\u00e9galit\u00e9 pour les personnes handicap\u00e9es (<a rel=\"noreferrer noopener\" href=\"https:\/\/www.edi.admin.ch\/edi\/fr\/home\/fachstellen\/aktuell.html\" target=\"_blank\">BFEH<\/a>). La Conf\u00e9rence des directrices et directeurs cantonaux des affaires sociales (<a rel=\"noreferrer noopener\" href=\"https:\/\/www.sodk.ch\/fr\/\" target=\"_blank\">CDAS<\/a>) soutient l&rsquo;approche participative de cette campagne et la consid\u00e8re comme un moyen important de sensibiliser le public en Suisse aux pr\u00e9occupations des personnes handicap\u00e9es.<\/p>\n\n\n\n<p>Dans le Canton de <a href=\"https:\/\/www.vd.ch\/\" data-type=\"link\" data-id=\"https:\/\/www.vd.ch\/\">Vaud<\/a>, les Journ\u00e9es d\u2019action sont port\u00e9es par diff\u00e9rents partenaires, issus d\u2019associations et d\u2019institutions en lien avec les personnes en situation de handicap ainsi que des pouvoirs publics. Le <a href=\"https:\/\/www.vd.ch\/toutes-les-autorites\/departements\/departement-de-la-sante-et-de-laction-sociale-dsas\">D\u00e9partement de l\u2019action sociale et de la sant\u00e9 (DSAS)<\/a> est charg\u00e9 de la mise en r\u00e9seau au niveau vaudois.<\/p>\n\n\n\n<h2 class=\"wp-block-heading\">Qu&rsquo;est-ce qu&rsquo;on fait&nbsp;?<\/h2>\n\n\n\n<p>Avec nos partenaires, nous pr\u00e9parons actuellement les prochaines Journ\u00e9es d\u2019action des droits des personnes en situation de handicap. Celles-ci auront lieu juste \u00e0 temps pour le 10e anniversaire de la <a rel=\"noreferrer noopener\" href=\"https:\/\/www.fedlex.admin.ch\/eli\/cc\/2014\/245\/fr\" target=\"_blank\">CDPH<\/a> en Suisse et le 20e anniversaire de la loi sur l&rsquo;\u00e9galit\u00e9 des personnes handicap\u00e9es (<a rel=\"noreferrer noopener\" href=\"https:\/\/www.fedlex.admin.ch\/eli\/cc\/2003\/667\/fr\" target=\"_blank\">LHand<\/a>), du 15 mai au 15 juin 2024.<\/p>\n\n\n\n<h2 class=\"wp-block-heading\">Pourquoi tout cela&nbsp;?<\/h2>\n\n\n\n<p>La Convention de l\u2019ONU relative aux droits des personnes handicap\u00e9es (<a rel=\"noreferrer noopener\" href=\"https:\/\/www.fedlex.admin.ch\/eli\/cc\/2014\/245\/fr\" target=\"_blank\">CDPH<\/a>) doit \u00eatre mise en \u0153uvre en Suisse. Le Canton de Vaud participe \u00e0 cet effort commun pour rendre visible ces th\u00e8mes aupr\u00e8s du grand public.<\/p>\n\n\n\n<h2 class=\"wp-block-heading\">Quelle est notre vision&nbsp;?<\/h2>\n\n\n\n<p>Les personnes en situation de handicap ont les m\u00eames droits que les autres! Nous nous engageons pour cela. C\u2019est ce qui est ancr\u00e9 dans la Convention de l\u2019ONU relative aux droits des personnes handicap\u00e9es. La Suisse l\u2019a sign\u00e9e et s\u2019y engage depuis 2014.<\/p>\n\n\n\n<h2 class=\"wp-block-heading\">Quels sont nos crit\u00e8res de qualit\u00e9&nbsp;?<\/h2>\n\n\n\n<p>Nous avons l\u2019ambition que les actions aient un lien avec la CDPH, qu\u2019elles garantissent l\u2019inclusion et la participation des personnes en situation de handicap et qu\u2019elles assurent un acc\u00e8s \u00e9galitaire \u00e0 tout le monde.<\/p>\n","protected":false},"excerpt":{"rendered":"<p>Qui sommes-nous&nbsp;? Les Journ\u00e9es nationales d&rsquo;action sur les droits des personnes en situation de handicap 2024 sont coordonn\u00e9es et g\u00e9r\u00e9es par le Bureau f\u00e9d\u00e9ral de l&rsquo;\u00e9galit\u00e9 pour les personnes handicap\u00e9es (BFEH). La Conf\u00e9rence des directrices et directeurs cantonaux des affaires sociales (CDAS) soutient l&rsquo;approche participative de cette campagne et la consid\u00e8re comme un moyen important [&hellip;]<\/p>\n","protected":false},"author":1,"featured_media":0,"parent":0,"menu_order":2,"comment_status":"closed","ping_status":"closed","template":"page-templates\/concept_page.php","meta":{"_acf_changed":false,"_genesis_hide_title":false,"_genesis_hide_breadcrumbs":false,"_genesis_hide_singular_image":false,"_genesis_hide_footer_widgets":false,"_genesis_custom_body_class":"","_genesis_custom_post_class":"","_genesis_layout":"","footnotes":""},"class_list":{"0":"post-5","1":"page","2":"type-page","3":"status-publish","5":"entry"},"acf":[],"_links":{"self":[{"href":"https:\/\/avenir-inclusif.prestage.ch\/vd\/wp-json\/wp\/v2\/pages\/5","targetHints":{"allow":["GET"]}}],"collection":[{"href":"https:\/\/avenir-inclusif.prestage.ch\/vd\/wp-json\/wp\/v2\/pages"}],"about":[{"href":"https:\/\/avenir-inclusif.prestage.ch\/vd\/wp-json\/wp\/v2\/types\/page"}],"author":[{"embeddable":true,"href":"https:\/\/avenir-inclusif.prestage.ch\/vd\/wp-json\/wp\/v2\/users\/1"}],"replies":[{"embeddable":true,"href":"https:\/\/avenir-inclusif.prestage.ch\/vd\/wp-json\/wp\/v2\/comments?post=5"}],"version-history":[{"count":8,"href":"https:\/\/avenir-inclusif.prestage.ch\/vd\/wp-json\/wp\/v2\/pages\/5\/revisions"}],"predecessor-version":[{"id":161,"href":"https:\/\/avenir-inclusif.prestage.ch\/vd\/wp-json\/wp\/v2\/pages\/5\/revisions\/161"}],"wp:attachment":[{"href":"https:\/\/avenir-inclusif.prestage.ch\/vd\/wp-json\/wp\/v2\/media?parent=5"}],"curies":[{"name":"wp","href":"https:\/\/api.w.org\/{rel}","templated":true}]}}