{"id":30,"date":"2023-07-28T14:00:37","date_gmt":"2023-07-28T12:00:37","guid":{"rendered":"https:\/\/zukunft-inklusion.ch.prestage.ch\/ge\/?page_id=30"},"modified":"2024-03-19T12:19:57","modified_gmt":"2024-03-19T11:19:57","slug":"medias","status":"publish","type":"page","link":"https:\/\/avenir-inclusif.prestage.ch\/vd\/medias\/","title":{"rendered":"M\u00e9dias"},"content":{"rendered":"\n<h2 class=\"wp-block-heading\">Articles de presse sur les Journ\u00e9es d&rsquo;action<\/h2>\n\n\n\n<p>Vous trouverez ici une compilation des contributions des m\u00e9dias aux droits des personnes handicap\u00e9es 2024.<\/p>\n\n\n<div role=\"list\" class=\"cst-mediapub-list cst-mediapub-list-page\" aria-live=\"polite\"><div role=\"listitem\" class=\"cst-mediapub-listitem cst-mediapub-listitem-show\" id=\"mediapub_196\" data-index=\"1\"><h3 class=\"h5 cst-mediapub-post-title\">Le CHUV propose un dispositif d\u2019accueil personnalis\u00e9 pour les personnes avec un trouble du spectre autistique et\/ou une d\u00e9ficience intellectuelle<\/h3><p><\/p><!--  --><a href=\"https:\/\/www.vd.ch\/toutes-les-actualites\/actualite\/news\/i-le-chuv-propose-un-dispositif-daccueil-personnalise-pour-les-personnes-avec-un-trouble-du-spectre-autistique-et-ou-une-deficience-intellectuelle\" target=\"_blank\" aria-label=\"Lire l\u2019article de presse \u2013 Le CHUV propose un dispositif d\u2019accueil personnalis\u00e9 pour les personnes avec un trouble du spectre autistique et\/ou une d\u00e9ficience intellectuelle\" class=\"more-link\">Lire l\u2019article de presse<\/a><\/div><\/div>\n\n\n<h2 class=\"wp-block-heading\">Contacts pour les m\u00e9dias<\/h2>\n\n\n\n<p><a href=\"mailto:\" data-eml-encoded-attr=\"WVhabGJtbHlMV2x1WTJ4MWMybG1NakF5TkNVME1IWmtMbU5v\"><span data-eml-encoded-html><label>(E-Mail)<\/label><var aria-hidden=\"true\" style=\"display:none\">WVhabGJtbHlMV2x1WTJ4MWMybG1NakF5TkNVME1IWmtMbU5v<\/var><\/span><\/a><\/p>\n","protected":false},"excerpt":{"rendered":"<p>Articles de presse sur les Journ\u00e9es d&rsquo;action Vous trouverez ici une compilation des contributions des m\u00e9dias aux droits des personnes handicap\u00e9es 2024. Contacts pour les m\u00e9dias (E-Mail)WVhabGJtbHlMV2x1WTJ4MWMybG1NakF5TkNVME1IWmtMbU5v<\/p>\n","protected":false},"author":1,"featured_media":0,"parent":0,"menu_order":8,"comment_status":"closed","ping_status":"closed","template":"page-templates\/media_page.php","meta":{"_acf_changed":false,"_genesis_hide_title":false,"_genesis_hide_breadcrumbs":false,"_genesis_hide_singular_image":false,"_genesis_hide_footer_widgets":false,"_genesis_custom_body_class":"","_genesis_custom_post_class":"","_genesis_layout":"","footnotes":""},"class_list":{"0":"post-30","1":"page","2":"type-page","3":"status-publish","5":"entry"},"acf":[],"_links":{"self":[{"href":"https:\/\/avenir-inclusif.prestage.ch\/vd\/wp-json\/wp\/v2\/pages\/30","targetHints":{"allow":["GET"]}}],"collection":[{"href":"https:\/\/avenir-inclusif.prestage.ch\/vd\/wp-json\/wp\/v2\/pages"}],"about":[{"href":"https:\/\/avenir-inclusif.prestage.ch\/vd\/wp-json\/wp\/v2\/types\/page"}],"author":[{"embeddable":true,"href":"https:\/\/avenir-inclusif.prestage.ch\/vd\/wp-json\/wp\/v2\/users\/1"}],"replies":[{"embeddable":true,"href":"https:\/\/avenir-inclusif.prestage.ch\/vd\/wp-json\/wp\/v2\/comments?post=30"}],"version-history":[{"count":9,"href":"https:\/\/avenir-inclusif.prestage.ch\/vd\/wp-json\/wp\/v2\/pages\/30\/revisions"}],"predecessor-version":[{"id":179,"href":"https:\/\/avenir-inclusif.prestage.ch\/vd\/wp-json\/wp\/v2\/pages\/30\/revisions\/179"}],"wp:attachment":[{"href":"https:\/\/avenir-inclusif.prestage.ch\/vd\/wp-json\/wp\/v2\/media?parent=30"}],"curies":[{"name":"wp","href":"https:\/\/api.w.org\/{rel}","templated":true}]}}