{"id":3,"date":"2024-01-05T14:00:47","date_gmt":"2024-01-05T13:00:47","guid":{"rendered":"https:\/\/zukunft-inklusion.ch.prestage.ch\/ge\/?page_id=3"},"modified":"2024-03-05T14:05:37","modified_gmt":"2024-03-05T13:05:37","slug":"startseite","status":"publish","type":"page","link":"https:\/\/avenir-inclusif.prestage.ch\/vd\/","title":{"rendered":"Avenir inclusif \u2013 Journ\u00e9es d&rsquo;action pour les droits des personnes en situation de handicap"},"content":{"rendered":"\n<p>Les Journ\u00e9es d\u2019action pour les droits des personnes en situation de handicap auront lieu du 15\u00a0mai au 15\u00a0juin 2024, sous le slogan \u00abAvenir inclusif\u00bb. Ces actions, port\u00e9es par plusieurs organisations et autorit\u00e9s publiques auront lieu dans toute la Suisse.<\/p>\n\n\n\n<p>La Convention de l&rsquo;ONU relative aux droits des personnes handicap\u00e9es (<a rel=\"noreferrer noopener\" href=\"https:\/\/www.fedlex.admin.ch\/eli\/cc\/2014\/245\/fr\" target=\"_blank\">CDPH<\/a>) est en vigueur en Suisse depuis 2014. La loi sur l&rsquo;\u00e9galit\u00e9 des personnes handicap\u00e9es (<a rel=\"noreferrer noopener\" href=\"https:\/\/www.fedlex.admin.ch\/eli\/cc\/2003\/667\/fr\" target=\"_blank\">LHand<\/a>) constitue une base juridique importante depuis 2004 d\u00e9j\u00e0. L&rsquo;objectif de la CDPH et de la LHand est de promouvoir, de prot\u00e9ger et de garantir la jouissance des droits humains et des libert\u00e9s fondamentales de toutes les personnes en situation de handicap dans des conditions d&rsquo;\u00e9galit\u00e9, ainsi que de promouvoir le respect de leur dignit\u00e9. La Conf\u00e9d\u00e9ration, les cantons et les communes sont tenus de mettre en \u0153uvre la CDPH et la LHand.<\/p>\n\n\n\n<p>Ces deux anniversaires sont l\u2019occasion de donner une impulsion \u00e0 la mise en \u0153uvre de la CDPH et d\u2019agir ensemble pour rendre visibles les bonnes pratiques existantes.<\/p>\n","protected":false},"excerpt":{"rendered":"<p>Les Journ\u00e9es d\u2019action pour les droits des personnes en situation de handicap auront lieu du 15\u00a0mai au 15\u00a0juin 2024, sous le slogan \u00abAvenir inclusif\u00bb. Ces actions, port\u00e9es par plusieurs organisations et autorit\u00e9s publiques auront lieu dans toute la Suisse. La Convention de l&rsquo;ONU relative aux droits des personnes handicap\u00e9es (CDPH) est en vigueur en Suisse [&hellip;]<\/p>\n","protected":false},"author":31,"featured_media":0,"parent":0,"menu_order":1,"comment_status":"closed","ping_status":"closed","template":"page-templates\/landing_page.php","meta":{"_acf_changed":false,"_genesis_hide_title":false,"_genesis_hide_breadcrumbs":false,"_genesis_hide_singular_image":false,"_genesis_hide_footer_widgets":false,"_genesis_custom_body_class":"","_genesis_custom_post_class":"","_genesis_layout":"","footnotes":""},"class_list":{"0":"post-3","1":"page","2":"type-page","3":"status-publish","5":"entry"},"acf":[],"_links":{"self":[{"href":"https:\/\/avenir-inclusif.prestage.ch\/vd\/wp-json\/wp\/v2\/pages\/3","targetHints":{"allow":["GET"]}}],"collection":[{"href":"https:\/\/avenir-inclusif.prestage.ch\/vd\/wp-json\/wp\/v2\/pages"}],"about":[{"href":"https:\/\/avenir-inclusif.prestage.ch\/vd\/wp-json\/wp\/v2\/types\/page"}],"author":[{"embeddable":true,"href":"https:\/\/avenir-inclusif.prestage.ch\/vd\/wp-json\/wp\/v2\/users\/31"}],"replies":[{"embeddable":true,"href":"https:\/\/avenir-inclusif.prestage.ch\/vd\/wp-json\/wp\/v2\/comments?post=3"}],"version-history":[{"count":7,"href":"https:\/\/avenir-inclusif.prestage.ch\/vd\/wp-json\/wp\/v2\/pages\/3\/revisions"}],"predecessor-version":[{"id":118,"href":"https:\/\/avenir-inclusif.prestage.ch\/vd\/wp-json\/wp\/v2\/pages\/3\/revisions\/118"}],"wp:attachment":[{"href":"https:\/\/avenir-inclusif.prestage.ch\/vd\/wp-json\/wp\/v2\/media?parent=3"}],"curies":[{"name":"wp","href":"https:\/\/api.w.org\/{rel}","templated":true}]}}