{"id":36,"date":"2023-07-28T14:00:30","date_gmt":"2023-07-28T12:00:30","guid":{"rendered":"https:\/\/zukunft-inklusion.ch.prestage.ch\/ge\/?page_id=36"},"modified":"2024-04-23T09:07:36","modified_gmt":"2024-04-23T07:07:36","slug":"impressum","status":"publish","type":"page","link":"https:\/\/avenir-inclusif.prestage.ch\/ne\/impressum\/","title":{"rendered":"Impressum"},"content":{"rendered":"\n<p>D\u00e9partement de l&#8217;emploi et de la coh\u00e9sion sociale (DECS)<br>Service d&rsquo;accompagnement et d&rsquo;h\u00e9bergement de l&rsquo;adulte (SAHA)<br>Rue de Tivoli 28, Case postale 1, 2002 Neuch\u00e2tel 2<br><a href=\"mailto:\" data-eml-encoded-attr=\"Y0hKdmFtVjBjeTV6WVdoaEpUUXdibVV1WTJnPQ==\"><span data-eml-encoded-html><label>(E-Mail)<\/label><var aria-hidden=\"true\" style=\"display:none\">Y0hKdmFtVjBjeTV6WVdoaEpUUXdibVV1WTJnPQ==<\/var><\/span><\/a> <\/p>\n","protected":false},"excerpt":{"rendered":"<p>D\u00e9partement de l&#8217;emploi et de la coh\u00e9sion sociale (DECS)Service d&rsquo;accompagnement et d&rsquo;h\u00e9bergement de l&rsquo;adulte (SAHA)Rue de Tivoli 28, Case postale 1, 2002 Neuch\u00e2tel 2(E-Mail)Y0hKdmFtVjBjeTV6WVdoaEpUUXdibVV1WTJnPQ==<\/p>\n","protected":false},"author":1,"featured_media":0,"parent":0,"menu_order":12,"comment_status":"closed","ping_status":"closed","template":"page-templates\/imprint_page.php","meta":{"_acf_changed":false,"_genesis_hide_title":false,"_genesis_hide_breadcrumbs":false,"_genesis_hide_singular_image":false,"_genesis_hide_footer_widgets":false,"_genesis_custom_body_class":"","_genesis_custom_post_class":"","_genesis_layout":"","footnotes":""},"class_list":{"0":"post-36","1":"page","2":"type-page","3":"status-publish","5":"entry"},"acf":[],"_links":{"self":[{"href":"https:\/\/avenir-inclusif.prestage.ch\/ne\/wp-json\/wp\/v2\/pages\/36","targetHints":{"allow":["GET"]}}],"collection":[{"href":"https:\/\/avenir-inclusif.prestage.ch\/ne\/wp-json\/wp\/v2\/pages"}],"about":[{"href":"https:\/\/avenir-inclusif.prestage.ch\/ne\/wp-json\/wp\/v2\/types\/page"}],"author":[{"embeddable":true,"href":"https:\/\/avenir-inclusif.prestage.ch\/ne\/wp-json\/wp\/v2\/users\/1"}],"replies":[{"embeddable":true,"href":"https:\/\/avenir-inclusif.prestage.ch\/ne\/wp-json\/wp\/v2\/comments?post=36"}],"version-history":[{"count":4,"href":"https:\/\/avenir-inclusif.prestage.ch\/ne\/wp-json\/wp\/v2\/pages\/36\/revisions"}],"predecessor-version":[{"id":298,"href":"https:\/\/avenir-inclusif.prestage.ch\/ne\/wp-json\/wp\/v2\/pages\/36\/revisions\/298"}],"wp:attachment":[{"href":"https:\/\/avenir-inclusif.prestage.ch\/ne\/wp-json\/wp\/v2\/media?parent=36"}],"curies":[{"name":"wp","href":"https:\/\/api.w.org\/{rel}","templated":true}]}}