{"id":30,"date":"2023-07-28T14:00:37","date_gmt":"2023-07-28T12:00:37","guid":{"rendered":"https:\/\/zukunft-inklusion.ch.prestage.ch\/ge\/?page_id=30"},"modified":"2024-04-23T09:08:20","modified_gmt":"2024-04-23T07:08:20","slug":"medias","status":"publish","type":"page","link":"https:\/\/avenir-inclusif.prestage.ch\/ne\/medias\/","title":{"rendered":"M\u00e9dias"},"content":{"rendered":"\n<h2 class=\"wp-block-heading\">Articles de presse sur les journ\u00e9es d&rsquo;action<\/h2>\n\n\n\n<p>Vous trouverez ici une compilation des contributions des m\u00e9dias aux journ\u00e9es d&rsquo;action 2024 pour les droits des personnes vivant avec un handicap.<\/p>\n\n\n<div role=\"list\" class=\"cst-mediapub-list cst-mediapub-list-page\" aria-live=\"polite\"><div role=\"listitem\" class=\"cst-mediapub-listitem cst-mediapub-listitem-show\" id=\"mediapub_326\" data-index=\"1\"><h3 class=\"h5 cst-mediapub-post-title\">RTS &#8211; le 12h30 &#8211; 20.05.2024<\/h3><p>\u00ab\u00a0Avenir inclusif\u00a0\u00bb propose les Journ\u00e9es pour les droits des personnes avec un handicap jusqu&rsquo;au 15 juin.<\/p><!--  --><a href=\"https:\/\/www.rts.ch\/audio-podcast\/2024\/audio\/avenir-inclusif-propose-les-journees-pour-les-droits-des-personnes-avec-un-handicap-jusqu-au-15-juin-28509015.html\" target=\"_blank\" aria-label=\"Lire l\u2019article de presse \u2013 RTS &#8211; le 12h30 &#8211; 20.05.2024\" class=\"more-link\">Lire l\u2019article de presse<\/a><\/div><div role=\"listitem\" class=\"cst-mediapub-listitem cst-mediapub-listitem-show\" id=\"mediapub_325\" data-index=\"2\"><h3 class=\"h5 cst-mediapub-post-title\">RTS &#8211; le 12h30 &#8211; 14.06.2024<\/h3><p>Neuch\u00e2tel a organis\u00e9 une session inclusive au Grand Conseil, une premi\u00e8re en Suisse romande. <\/p><!--  --><a href=\"https:\/\/www.rts.ch\/info\/regions\/neuchatel\/2024\/article\/neuchatel-a-organise-une-session-inclusive-au-grand-conseil-une-premiere-en-suisse-romande-28538977.html\" target=\"_blank\" aria-label=\"Lire l\u2019article de presse \u2013 RTS &#8211; le 12h30 &#8211; 14.06.2024\" class=\"more-link\">Lire l\u2019article de presse<\/a><\/div><div role=\"listitem\" class=\"cst-mediapub-listitem cst-mediapub-listitem-show\" id=\"mediapub_323\" data-index=\"3\"><h3 class=\"h5 cst-mediapub-post-title\">Canal Alpha &#8211; Le Journal &#8211; 17.06.2024<\/h3><p>D\u00e9put\u00e9 d&rsquo;un jour, il se bat pour plus d&rsquo;inclusivit\u00e9! Les personnes vivant avec un handicap ont transmis au Grand Conseil un texte qui demande une meilleure accessibilit\u00e9.<\/p><!--  --><a href=\"https:\/\/www.canalalpha.ch\/play\/le-journal\/topic\/34271\/depute-dun-jour-il-se-bat-pour-plus-dinclusivite\" target=\"_blank\" aria-label=\"Lire l\u2019article de presse \u2013 Canal Alpha &#8211; Le Journal &#8211; 17.06.2024\" class=\"more-link\">Lire l\u2019article de presse<\/a><\/div><div role=\"listitem\" class=\"cst-mediapub-listitem cst-mediapub-listitem-show\" id=\"mediapub_321\" data-index=\"4\"><h3 class=\"h5 cst-mediapub-post-title\">Canal Alpha &#8211; Le Journal &#8211; 14.05.2024<\/h3><p>Un mois entier pour mieux comprendre le handicap.\r\nLancement de la campagne Avenir inclusif dans le canton de Neuch\u00e2tel<\/p><!--  --><a href=\"https:\/\/www.canalalpha.ch\/play\/le-journal\/topic\/33886\/un-mois-entier-pour-mieux-comprendre-le-handicap\" target=\"_blank\" aria-label=\"Lire l\u2019article de presse \u2013 Canal Alpha &#8211; Le Journal &#8211; 14.05.2024\" class=\"more-link\">Lire l\u2019article de presse<\/a><\/div><div role=\"listitem\" class=\"cst-mediapub-listitem cst-mediapub-listitem-show\" id=\"mediapub_320\" data-index=\"5\"><h3 class=\"h5 cst-mediapub-post-title\">RTN &#8211; La Matinale &#8211; 15.05.2024<\/h3><p>Quarante actions pour les droits des personnes handicap\u00e9es.\r\nLancement de la campagne Avenir inclusif dans le canton de Neuch\u00e2tel. Interview de Nathalie Christen, pr\u00e9pos\u00e9e \u00e0 l&rsquo;inclusion.<\/p><!--  --><a href=\"https:\/\/www.rtn.ch\/rtn\/Actualite\/Region\/20240515-Quarante-actions-pour-les-droits-des-handicapes.html\" target=\"_blank\" aria-label=\"Lire l\u2019article de presse \u2013 RTN &#8211; La Matinale &#8211; 15.05.2024\" class=\"more-link\">Lire l\u2019article de presse<\/a><\/div><div role=\"listitem\" class=\"cst-mediapub-listitem cst-mediapub-listitem-show\" id=\"mediapub_319\" data-index=\"6\"><h3 class=\"h5 cst-mediapub-post-title\">RTN &#8211; La Matinale &#8211; 13.06.2024<\/h3><p>Une session inclusive au Grand Conseil ! Interview de Fabien Bertschy, membre de la Commission pour l&rsquo;inclusion et l&rsquo;accompagnement  (CIAP) et un des organisateurs de l&rsquo;\u00e9v\u00e9nement.<\/p><!--  --><a href=\"https:\/\/www.rtn.ch\/rtn\/Actualite\/Region\/20240613-Une-session-inclusive-au-Grand-Conseil.html\" target=\"_blank\" aria-label=\"Lire l\u2019article de presse \u2013 RTN &#8211; La Matinale &#8211; 13.06.2024\" class=\"more-link\">Lire l\u2019article de presse<\/a><\/div><div role=\"listitem\" class=\"cst-mediapub-listitem cst-mediapub-listitem-show\" id=\"mediapub_317\" data-index=\"7\"><h3 class=\"h5 cst-mediapub-post-title\">Arcinfo &#8211; 15.06.2024<\/h3><p>Une trentaine de personnes vivant avec un handicap ont si\u00e9g\u00e9 au Grand Conseil, jeudi [13 juin 2024], pour une session inclusive in\u00e9dite<\/p><!--  --><a href=\"https:\/\/avenir-inclusif.prestage.ch\/ne\/wp-content\/uploads\/sites\/36\/Session_inclusive_article_arcinfo_241506.pdf\" target=\"_blank\" aria-label=\"Lire l\u2019article de presse \u2013 Arcinfo &#8211; 15.06.2024\" class=\"more-link\">Lire l\u2019article de presse<\/a><\/div><\/div>\n\n\n<h2 class=\"wp-block-heading\">Contacts pour les m\u00e9dias<\/h2>\n\n\n\n<p>Service d&rsquo;accompagnement et d&rsquo;h\u00e9bergement de l&rsquo;adulte<br>Adresse email : <a href=\"mailto:\" data-eml-encoded-attr=\"Y0hKdmFtVjBjeTV6WVdoaEpUUXdibVV1WTJnPQ==\"><span data-eml-encoded-html><label>(E-Mail)<\/label><var aria-hidden=\"true\" style=\"display:none\">Y0hKdmFtVjBjeTV6WVdoaEpUUXdibVV1WTJnPQ==<\/var><\/span><\/a> <br>T\u00e9l\u00e9phone : 032 889 66 43<\/p>\n","protected":false},"excerpt":{"rendered":"<p>Articles de presse sur les journ\u00e9es d&rsquo;action Vous trouverez ici une compilation des contributions des m\u00e9dias aux journ\u00e9es d&rsquo;action 2024 pour les droits des personnes vivant avec un handicap. Contacts pour les m\u00e9dias Service d&rsquo;accompagnement et d&rsquo;h\u00e9bergement de l&rsquo;adulteAdresse email : (E-Mail)Y0hKdmFtVjBjeTV6WVdoaEpUUXdibVV1WTJnPQ== T\u00e9l\u00e9phone : 032 889 66 43<\/p>\n","protected":false},"author":1,"featured_media":0,"parent":0,"menu_order":8,"comment_status":"closed","ping_status":"closed","template":"page-templates\/media_page.php","meta":{"_acf_changed":false,"_genesis_hide_title":false,"_genesis_hide_breadcrumbs":false,"_genesis_hide_singular_image":false,"_genesis_hide_footer_widgets":false,"_genesis_custom_body_class":"","_genesis_custom_post_class":"","_genesis_layout":"","footnotes":""},"class_list":{"0":"post-30","1":"page","2":"type-page","3":"status-publish","5":"entry"},"acf":[],"_links":{"self":[{"href":"https:\/\/avenir-inclusif.prestage.ch\/ne\/wp-json\/wp\/v2\/pages\/30","targetHints":{"allow":["GET"]}}],"collection":[{"href":"https:\/\/avenir-inclusif.prestage.ch\/ne\/wp-json\/wp\/v2\/pages"}],"about":[{"href":"https:\/\/avenir-inclusif.prestage.ch\/ne\/wp-json\/wp\/v2\/types\/page"}],"author":[{"embeddable":true,"href":"https:\/\/avenir-inclusif.prestage.ch\/ne\/wp-json\/wp\/v2\/users\/1"}],"replies":[{"embeddable":true,"href":"https:\/\/avenir-inclusif.prestage.ch\/ne\/wp-json\/wp\/v2\/comments?post=30"}],"version-history":[{"count":6,"href":"https:\/\/avenir-inclusif.prestage.ch\/ne\/wp-json\/wp\/v2\/pages\/30\/revisions"}],"predecessor-version":[{"id":299,"href":"https:\/\/avenir-inclusif.prestage.ch\/ne\/wp-json\/wp\/v2\/pages\/30\/revisions\/299"}],"wp:attachment":[{"href":"https:\/\/avenir-inclusif.prestage.ch\/ne\/wp-json\/wp\/v2\/media?parent=30"}],"curies":[{"name":"wp","href":"https:\/\/api.w.org\/{rel}","templated":true}]}}