{"id":7,"date":"2023-07-28T14:00:48","date_gmt":"2023-07-28T12:00:48","guid":{"rendered":"https:\/\/zukunft-inklusion.ch.prestage.ch\/ge\/?page_id=7"},"modified":"2024-03-17T15:43:11","modified_gmt":"2024-03-17T14:43:11","slug":"participer","status":"publish","type":"page","link":"https:\/\/avenir-inclusif.prestage.ch\/ju\/participer\/","title":{"rendered":"Participer"},"content":{"rendered":"\n<h2 class=\"wp-block-heading\">Participez \u00e0 une action<\/h2>\n\n\n\n<p>Les journ\u00e9es d&rsquo;action seront un \u00e9v\u00e9nement national \u00e0 ne pas rater ! Profitez de cette occasion pour vous faire conna\u00eetre ou rafra\u00eechir les m\u00e9moires ! Des synergies entre diff\u00e9rents partenaires peuvent bien s\u00fbr \u00eatre imagin\u00e9es. Pourquoi ne pas initier un nouveau partenariat ? <\/p>\n\n\n\n<p>Et ne l&rsquo;oublions pas: les journ\u00e9es d&rsquo;action seront avant tout une f\u00eate !<\/p>\n\n\n\n<p>La fen\u00eatre d&rsquo;inscription pour les Journ\u00e9es d&rsquo;action des droits des personnes handicap\u00e9es 2024 est ouverte. Pour en savoir plus, consultez notre <a href=\"https:\/\/avenir-inclusif.prestage.ch\/ju\/wp-content\/uploads\/sites\/35\/Journees-nationales-daction-CDPH-2024_informations-generales.pdf\" data-type=\"attachment\" data-id=\"174\">feuille d&rsquo;information g\u00e9n\u00e9rale<\/a>. <\/p>\n\n\n\n<p>Soumettez une action jusqu&rsquo;au 31 mars 2024 et devenez partenaire d&rsquo;un \u00ab&nbsp;Avenir inclusif&nbsp;\u00bb en remplissant la <a href=\"https:\/\/avenir-inclusif.prestage.ch\/ju\/wp-content\/uploads\/sites\/35\/Journees-daction-CDPH_formulaire_dinscription_Jura.docx\" data-type=\"attachment\" data-id=\"77\">feuille d&rsquo;inscription<\/a>.<\/p>\n\n\n\n<p>Nous avons cr\u00e9\u00e9 des fiches techniques pour vous aider \u00e0 organiser vos actions. Ces fiches fournissent des conseils pratiques et des instructions pour la planification et la mise en \u0153uvre de votre action.<\/p>\n\n\n\n<ol class=\"wp-block-list\" type=\"1\">\n<li><a href=\"https:\/\/avenir-inclusif.prestage.ch\/ju\/wp-content\/uploads\/sites\/35\/Feuille-dinformation-1.-Langage-et-handicap.docx\" data-type=\"attachment\" data-id=\"95\">Fiche d&rsquo;information Langage et handicap<\/a><\/li>\n\n\n\n<li><a href=\"https:\/\/avenir-inclusif.prestage.ch\/ju\/wp-content\/uploads\/sites\/35\/Feuille-dinformation-2.-Evenements-accessibles.docx\" data-type=\"attachment\" data-id=\"90\">Fiche d&rsquo;information \u00c9v\u00e9nements sans barri\u00e8res<\/a><\/li>\n\n\n\n<li><a href=\"https:\/\/avenir-inclusif.prestage.ch\/ju\/wp-content\/uploads\/sites\/35\/Feuille-dinformation-3.-Langage-simplifie.docx\" data-type=\"attachment\" data-id=\"91\">Fiche d&rsquo;information Langage simple<\/a><\/li>\n\n\n\n<li><a href=\"https:\/\/avenir-inclusif.prestage.ch\/ju\/wp-content\/uploads\/sites\/35\/Feuille-dinformation-4.-Reseaux-sociaux.docx\" data-type=\"attachment\" data-id=\"92\">Fiche d&rsquo;information R\u00e9seaux sociaux<\/a><\/li>\n\n\n\n<li><a href=\"https:\/\/avenir-inclusif.prestage.ch\/ju\/wp-content\/uploads\/sites\/35\/Feuille-dinformation-5.-Mise-en-place-dun-reseau.docx\" data-type=\"attachment\" data-id=\"93\">Fiche d&rsquo;information Mise en place d&rsquo;un r\u00e9seau<\/a><\/li>\n<\/ol>\n\n\n\n<h2 class=\"wp-block-heading\">Participer \u00e0 un projet en plusieurs \u00e9tapes<\/h2>\n\n\n\n<p>Si vous souhaitez participer \u00e0 \u00ab&nbsp;Avenir inclusif&nbsp;\u00bb avec une action, vous devez passer par les \u00e9tapes suivantes. <\/p>\n\n\n\n<ol class=\"wp-block-list\">\n<li>Tout d&rsquo;abord, vous devez soumettre l&rsquo;action \u00e0 l&rsquo;aide du formulaire d&rsquo;inscription ci-dessus. <\/li>\n\n\n\n<li>Le Service de l&rsquo;action sociale et le Bureau f\u00e9d\u00e9ral pour l&rsquo;\u00e9galit\u00e9 des personnes handicap\u00e9es v\u00e9rifieront si l&rsquo;action r\u00e9pond aux trois crit\u00e8res qualit\u00e9 (lien avec la CDPH; participation; accessibilit\u00e9). <\/li>\n\n\n\n<li> Si l&rsquo;action est accept\u00e9e, vous recevrez une confirmation avec un num\u00e9ro d&rsquo;action et le formulaire de saisie. Avec le formulaire de saisie, vous saisissez les d\u00e9tails de l&rsquo;action afin que nous puissions la publier sur le site web \u00ab&nbsp;Avenir inclusif&nbsp;\u00bb.<\/li>\n<\/ol>\n\n\n\n<p><\/p>\n\n\n\n<h2 class=\"wp-block-heading\">Votre avis est important pour nous<\/h2>\n\n\n\n<p>Vous avez des id\u00e9es d&rsquo;actions mais des doutes sur leur pertinence&nbsp;? Vous avez des remarques ou des r\u00e9clamations&nbsp;? Vous souhaitez vous impliquer activement&nbsp;? N&rsquo;h\u00e9sitez pas \u00e0 prendre <a href=\"https:\/\/avenir-inclusif.prestage.ch\/ju\/contact\/\">contact<\/a> avec nous. Nous serions \u00e9galement heureux de recevoir vos r\u00e9actions sur les fiches d&rsquo;information. Sont-elles utiles&nbsp;? Un th\u00e8me important manque-t-il&nbsp;?<\/p>\n","protected":false},"excerpt":{"rendered":"<p>Participez \u00e0 une action Les journ\u00e9es d&rsquo;action seront un \u00e9v\u00e9nement national \u00e0 ne pas rater ! Profitez de cette occasion pour vous faire conna\u00eetre ou rafra\u00eechir les m\u00e9moires ! Des synergies entre diff\u00e9rents partenaires peuvent bien s\u00fbr \u00eatre imagin\u00e9es. Pourquoi ne pas initier un nouveau partenariat ? Et ne l&rsquo;oublions pas: les journ\u00e9es d&rsquo;action seront [&hellip;]<\/p>\n","protected":false},"author":1,"featured_media":0,"parent":0,"menu_order":6,"comment_status":"closed","ping_status":"closed","template":"page-templates\/participate_page.php","meta":{"_acf_changed":false,"_genesis_hide_title":false,"_genesis_hide_breadcrumbs":false,"_genesis_hide_singular_image":false,"_genesis_hide_footer_widgets":false,"_genesis_custom_body_class":"","_genesis_custom_post_class":"","_genesis_layout":"","footnotes":""},"class_list":{"0":"post-7","1":"page","2":"type-page","3":"status-publish","5":"entry"},"acf":[],"_links":{"self":[{"href":"https:\/\/avenir-inclusif.prestage.ch\/ju\/wp-json\/wp\/v2\/pages\/7","targetHints":{"allow":["GET"]}}],"collection":[{"href":"https:\/\/avenir-inclusif.prestage.ch\/ju\/wp-json\/wp\/v2\/pages"}],"about":[{"href":"https:\/\/avenir-inclusif.prestage.ch\/ju\/wp-json\/wp\/v2\/types\/page"}],"author":[{"embeddable":true,"href":"https:\/\/avenir-inclusif.prestage.ch\/ju\/wp-json\/wp\/v2\/users\/1"}],"replies":[{"embeddable":true,"href":"https:\/\/avenir-inclusif.prestage.ch\/ju\/wp-json\/wp\/v2\/comments?post=7"}],"version-history":[{"count":13,"href":"https:\/\/avenir-inclusif.prestage.ch\/ju\/wp-json\/wp\/v2\/pages\/7\/revisions"}],"predecessor-version":[{"id":203,"href":"https:\/\/avenir-inclusif.prestage.ch\/ju\/wp-json\/wp\/v2\/pages\/7\/revisions\/203"}],"wp:attachment":[{"href":"https:\/\/avenir-inclusif.prestage.ch\/ju\/wp-json\/wp\/v2\/media?parent=7"}],"curies":[{"name":"wp","href":"https:\/\/api.w.org\/{rel}","templated":true}]}}