{"id":36,"date":"2023-07-28T14:00:30","date_gmt":"2023-07-28T12:00:30","guid":{"rendered":"https:\/\/zukunft-inklusion.ch.prestage.ch\/ge\/?page_id=36"},"modified":"2023-10-19T13:07:01","modified_gmt":"2023-10-19T11:07:01","slug":"impressum","status":"publish","type":"page","link":"https:\/\/avenir-inclusif.prestage.ch\/ju\/impressum\/","title":{"rendered":"Impressum"},"content":{"rendered":"\n<p>D\u00e9partement de l&rsquo;int\u00e9rieur<br>Service de l&rsquo;action sociale<br>Faubourgs des Capucins 20<br>CH &#8211; 2800 Del\u00e9mont<br>Courriel: <a href=\"mailto:\" data-eml-encoded-attr=\"YzJWamNpNXpZWE1sTkRCcWRYSmhMbU5v\"><span data-eml-encoded-html><label>(E-Mail)<\/label><var aria-hidden=\"true\" style=\"display:none\">YzJWamNpNXpZWE1sTkRCcWRYSmhMbU5v<\/var><\/span><\/a><\/p>\n","protected":false},"excerpt":{"rendered":"<p>D\u00e9partement de l&rsquo;int\u00e9rieurService de l&rsquo;action socialeFaubourgs des Capucins 20CH &#8211; 2800 Del\u00e9montCourriel: (E-Mail)YzJWamNpNXpZWE1sTkRCcWRYSmhMbU5v<\/p>\n","protected":false},"author":1,"featured_media":0,"parent":0,"menu_order":12,"comment_status":"closed","ping_status":"closed","template":"page-templates\/imprint_page.php","meta":{"_acf_changed":false,"_genesis_hide_title":false,"_genesis_hide_breadcrumbs":false,"_genesis_hide_singular_image":false,"_genesis_hide_footer_widgets":false,"_genesis_custom_body_class":"","_genesis_custom_post_class":"","_genesis_layout":"","footnotes":""},"class_list":{"0":"post-36","1":"page","2":"type-page","3":"status-publish","5":"entry"},"acf":[],"_links":{"self":[{"href":"https:\/\/avenir-inclusif.prestage.ch\/ju\/wp-json\/wp\/v2\/pages\/36","targetHints":{"allow":["GET"]}}],"collection":[{"href":"https:\/\/avenir-inclusif.prestage.ch\/ju\/wp-json\/wp\/v2\/pages"}],"about":[{"href":"https:\/\/avenir-inclusif.prestage.ch\/ju\/wp-json\/wp\/v2\/types\/page"}],"author":[{"embeddable":true,"href":"https:\/\/avenir-inclusif.prestage.ch\/ju\/wp-json\/wp\/v2\/users\/1"}],"replies":[{"embeddable":true,"href":"https:\/\/avenir-inclusif.prestage.ch\/ju\/wp-json\/wp\/v2\/comments?post=36"}],"version-history":[{"count":5,"href":"https:\/\/avenir-inclusif.prestage.ch\/ju\/wp-json\/wp\/v2\/pages\/36\/revisions"}],"predecessor-version":[{"id":117,"href":"https:\/\/avenir-inclusif.prestage.ch\/ju\/wp-json\/wp\/v2\/pages\/36\/revisions\/117"}],"wp:attachment":[{"href":"https:\/\/avenir-inclusif.prestage.ch\/ju\/wp-json\/wp\/v2\/media?parent=36"}],"curies":[{"name":"wp","href":"https:\/\/api.w.org\/{rel}","templated":true}]}}