{"id":30,"date":"2023-07-28T14:00:37","date_gmt":"2023-07-28T12:00:37","guid":{"rendered":"https:\/\/zukunft-inklusion.ch.prestage.ch\/ge\/?page_id=30"},"modified":"2023-10-19T08:36:31","modified_gmt":"2023-10-19T06:36:31","slug":"medias","status":"publish","type":"page","link":"https:\/\/avenir-inclusif.prestage.ch\/ju\/medias\/","title":{"rendered":"M\u00e9dias"},"content":{"rendered":"\n<h2 class=\"wp-block-heading\">Articles de presse sur les journ\u00e9es d&rsquo;action<\/h2>\n\n\n\n<p>Vous trouverez ici une compilation des contributions des m\u00e9dias aux journ\u00e9es d&rsquo;action Droits des personnes handicap\u00e9es 2024.<\/p>\n\n\n<div role=\"list\" class=\"cst-mediapub-list cst-mediapub-list-page\" aria-live=\"polite\"><\/div>\n\n\n<h2 class=\"wp-block-heading\">Contacts pour les m\u00e9dias<\/h2>\n\n\n\n<p>Service de l&rsquo;action sociale<\/p>\n\n\n\n<p>Guillaume Savary:   <a href=\"mailto:\" data-eml-encoded-attr=\"WjNWcGJHeGhkVzFsTG5OaGRtRnllU1UwTUdwMWNtRXVZMmc9\"><span data-eml-encoded-html><label>(E-Mail)<\/label><var aria-hidden=\"true\" style=\"display:none\">WjNWcGJHeGhkVzFsTG5OaGRtRnllU1UwTUdwMWNtRXVZMmc9<\/var><\/span><\/a><\/p>\n","protected":false},"excerpt":{"rendered":"<p>Articles de presse sur les journ\u00e9es d&rsquo;action Vous trouverez ici une compilation des contributions des m\u00e9dias aux journ\u00e9es d&rsquo;action Droits des personnes handicap\u00e9es 2024. Contacts pour les m\u00e9dias Service de l&rsquo;action sociale Guillaume Savary: (E-Mail)WjNWcGJHeGhkVzFsTG5OaGRtRnllU1UwTUdwMWNtRXVZMmc9<\/p>\n","protected":false},"author":1,"featured_media":0,"parent":0,"menu_order":8,"comment_status":"closed","ping_status":"closed","template":"page-templates\/media_page.php","meta":{"_acf_changed":false,"_genesis_hide_title":false,"_genesis_hide_breadcrumbs":false,"_genesis_hide_singular_image":false,"_genesis_hide_footer_widgets":false,"_genesis_custom_body_class":"","_genesis_custom_post_class":"","_genesis_layout":"","footnotes":""},"class_list":{"0":"post-30","1":"page","2":"type-page","3":"status-publish","5":"entry"},"acf":[],"_links":{"self":[{"href":"https:\/\/avenir-inclusif.prestage.ch\/ju\/wp-json\/wp\/v2\/pages\/30","targetHints":{"allow":["GET"]}}],"collection":[{"href":"https:\/\/avenir-inclusif.prestage.ch\/ju\/wp-json\/wp\/v2\/pages"}],"about":[{"href":"https:\/\/avenir-inclusif.prestage.ch\/ju\/wp-json\/wp\/v2\/types\/page"}],"author":[{"embeddable":true,"href":"https:\/\/avenir-inclusif.prestage.ch\/ju\/wp-json\/wp\/v2\/users\/1"}],"replies":[{"embeddable":true,"href":"https:\/\/avenir-inclusif.prestage.ch\/ju\/wp-json\/wp\/v2\/comments?post=30"}],"version-history":[{"count":3,"href":"https:\/\/avenir-inclusif.prestage.ch\/ju\/wp-json\/wp\/v2\/pages\/30\/revisions"}],"predecessor-version":[{"id":112,"href":"https:\/\/avenir-inclusif.prestage.ch\/ju\/wp-json\/wp\/v2\/pages\/30\/revisions\/112"}],"wp:attachment":[{"href":"https:\/\/avenir-inclusif.prestage.ch\/ju\/wp-json\/wp\/v2\/media?parent=30"}],"curies":[{"name":"wp","href":"https:\/\/api.w.org\/{rel}","templated":true}]}}