{"id":3,"date":"2023-07-28T14:00:47","date_gmt":"2023-07-28T12:00:47","guid":{"rendered":"https:\/\/zukunft-inklusion.ch.prestage.ch\/ge\/?page_id=3"},"modified":"2024-05-14T05:54:21","modified_gmt":"2024-05-14T03:54:21","slug":"startseite","status":"publish","type":"page","link":"https:\/\/avenir-inclusif.prestage.ch\/ju\/","title":{"rendered":"Avenir inclusif \u2013 Journ\u00e9es d&rsquo;action pour les droits des personnes handicap\u00e9es"},"content":{"rendered":"\n<p>Participez aux Journ\u00e9es d&rsquo;action pour les droits des personnes handicap\u00e9es 2024\u00a0! Du 15\u00a0mai au 15\u00a0juin 2024, des journ\u00e9es d&rsquo;action auront lieu sous le slogan \u00ab\u00a0Avenir inclusif\u00a0\u00bb, dans toute la Suisse, y compris dans le canton du Jura.<\/p>\n\n\n\n<p>La Convention de l&rsquo;ONU relative aux droits des personnes handicap\u00e9es (<a rel=\"noreferrer noopener\" href=\"https:\/\/www.fedlex.admin.ch\/eli\/cc\/2014\/245\/fr\" target=\"_blank\">CDPH<\/a>) est en vigueur en Suisse depuis 2014. La loi sur l&rsquo;\u00e9galit\u00e9 des personnes handicap\u00e9es (<a rel=\"noreferrer noopener\" href=\"https:\/\/www.fedlex.admin.ch\/eli\/cc\/2003\/667\/fr\" target=\"_blank\">LHand<\/a>) constitue une base juridique importante depuis 2004 d\u00e9j\u00e0. <\/p>\n\n\n\n<p>L&rsquo;objectif de la CDPH et de la LHand est de promouvoir, de prot\u00e9ger et de garantir la jouissance des droits humains et des libert\u00e9s fondamentales de toutes les personnes handicap\u00e9es dans des conditions d&rsquo;\u00e9galit\u00e9, ainsi que de promouvoir le respect de leur dignit\u00e9. La Conf\u00e9d\u00e9ration, les cantons et les communes sont tenus de mettre en \u0153uvre la CDPH et la LHand.<\/p>\n\n\n\n<p>Dans le cadre des anniversaires, nous voulons donner une impulsion \u00e0 la mise en \u0153uvre des droits humains, agir ensemble et rendre visibles les bonnes pratiques.<\/p>\n","protected":false},"excerpt":{"rendered":"<p>Participez aux Journ\u00e9es d&rsquo;action pour les droits des personnes handicap\u00e9es 2024\u00a0! Du 15\u00a0mai au 15\u00a0juin 2024, des journ\u00e9es d&rsquo;action auront lieu sous le slogan \u00ab\u00a0Avenir inclusif\u00a0\u00bb, dans toute la Suisse, y compris dans le canton du Jura. La Convention de l&rsquo;ONU relative aux droits des personnes handicap\u00e9es (CDPH) est en vigueur en Suisse depuis 2014. [&hellip;]<\/p>\n","protected":false},"author":1,"featured_media":0,"parent":0,"menu_order":1,"comment_status":"closed","ping_status":"closed","template":"page-templates\/landing_page.php","meta":{"_acf_changed":false,"_genesis_hide_title":false,"_genesis_hide_breadcrumbs":false,"_genesis_hide_singular_image":false,"_genesis_hide_footer_widgets":false,"_genesis_custom_body_class":"","_genesis_custom_post_class":"","_genesis_layout":"","footnotes":""},"class_list":{"0":"post-3","1":"page","2":"type-page","3":"status-publish","5":"entry"},"acf":[],"_links":{"self":[{"href":"https:\/\/avenir-inclusif.prestage.ch\/ju\/wp-json\/wp\/v2\/pages\/3","targetHints":{"allow":["GET"]}}],"collection":[{"href":"https:\/\/avenir-inclusif.prestage.ch\/ju\/wp-json\/wp\/v2\/pages"}],"about":[{"href":"https:\/\/avenir-inclusif.prestage.ch\/ju\/wp-json\/wp\/v2\/types\/page"}],"author":[{"embeddable":true,"href":"https:\/\/avenir-inclusif.prestage.ch\/ju\/wp-json\/wp\/v2\/users\/1"}],"replies":[{"embeddable":true,"href":"https:\/\/avenir-inclusif.prestage.ch\/ju\/wp-json\/wp\/v2\/comments?post=3"}],"version-history":[{"count":16,"href":"https:\/\/avenir-inclusif.prestage.ch\/ju\/wp-json\/wp\/v2\/pages\/3\/revisions"}],"predecessor-version":[{"id":255,"href":"https:\/\/avenir-inclusif.prestage.ch\/ju\/wp-json\/wp\/v2\/pages\/3\/revisions\/255"}],"wp:attachment":[{"href":"https:\/\/avenir-inclusif.prestage.ch\/ju\/wp-json\/wp\/v2\/media?parent=3"}],"curies":[{"name":"wp","href":"https:\/\/api.w.org\/{rel}","templated":true}]}}