{"id":7,"date":"2023-07-28T14:00:48","date_gmt":"2023-07-28T12:00:48","guid":{"rendered":"https:\/\/zukunft-inklusion.ch.prestage.ch\/ge\/?page_id=7"},"modified":"2024-06-21T14:34:53","modified_gmt":"2024-06-21T12:34:53","slug":"participer","status":"publish","type":"page","link":"https:\/\/avenir-inclusif.prestage.ch\/ge\/participer\/","title":{"rendered":"Participer"},"content":{"rendered":"\n<h2 class=\"wp-block-heading\">Participation aux actions<\/h2>\n\n\n\n<p>A Gen\u00e8ve, l&rsquo;appel \u00e0 projets a \u00e9t\u00e9 lanc\u00e9 au sein du r\u00e9seau des institutions et associations pendant les mois d&rsquo;ao\u00fbt et de septembre 2023.<\/p>\n\n\n\n<p>Celles-ci ont organis\u00e9 divers \u00e9v\u00e8nements qui ont eu lieu du 15 mai au 15 juin.<\/p>\n\n\n\n<div class=\"wp-block-buttons is-layout-flex wp-block-buttons-is-layout-flex\">\n<div class=\"wp-block-button\"><a class=\"wp-block-button__link wp-element-button\" href=\"https:\/\/avenir-inclusif.prestage.ch\/ge\/calendrier\/\">Consulter le calendrier des actions<\/a><\/div>\n<\/div>\n\n\n\n<h2 class=\"wp-block-heading\">Votre avis est important pour nous<\/h2>\n\n\n\n<p>Vous avez des id\u00e9es concernant les actions? Vous avez des questions? Ou vous souhaitez vous impliquer activement? N&rsquo;h\u00e9sitez pas \u00e0 prendre <a href=\"https:\/\/avenir-inclusif.prestage.ch\/ge\/contact\/\">contact<\/a> avec nous.  <\/p>\n","protected":false},"excerpt":{"rendered":"<p>Participation aux actions A Gen\u00e8ve, l&rsquo;appel \u00e0 projets a \u00e9t\u00e9 lanc\u00e9 au sein du r\u00e9seau des institutions et associations pendant les mois d&rsquo;ao\u00fbt et de septembre 2023. Celles-ci ont organis\u00e9 divers \u00e9v\u00e8nements qui ont eu lieu du 15 mai au 15 juin. Votre avis est important pour nous Vous avez des id\u00e9es concernant les actions? [&hellip;]<\/p>\n","protected":false},"author":1,"featured_media":0,"parent":0,"menu_order":6,"comment_status":"closed","ping_status":"closed","template":"page-templates\/participate_page.php","meta":{"_acf_changed":false,"_genesis_hide_title":false,"_genesis_hide_breadcrumbs":false,"_genesis_hide_singular_image":false,"_genesis_hide_footer_widgets":false,"_genesis_custom_body_class":"","_genesis_custom_post_class":"","_genesis_layout":"","footnotes":""},"class_list":{"0":"post-7","1":"page","2":"type-page","3":"status-publish","5":"entry"},"acf":[],"_links":{"self":[{"href":"https:\/\/avenir-inclusif.prestage.ch\/ge\/wp-json\/wp\/v2\/pages\/7","targetHints":{"allow":["GET"]}}],"collection":[{"href":"https:\/\/avenir-inclusif.prestage.ch\/ge\/wp-json\/wp\/v2\/pages"}],"about":[{"href":"https:\/\/avenir-inclusif.prestage.ch\/ge\/wp-json\/wp\/v2\/types\/page"}],"author":[{"embeddable":true,"href":"https:\/\/avenir-inclusif.prestage.ch\/ge\/wp-json\/wp\/v2\/users\/1"}],"replies":[{"embeddable":true,"href":"https:\/\/avenir-inclusif.prestage.ch\/ge\/wp-json\/wp\/v2\/comments?post=7"}],"version-history":[{"count":15,"href":"https:\/\/avenir-inclusif.prestage.ch\/ge\/wp-json\/wp\/v2\/pages\/7\/revisions"}],"predecessor-version":[{"id":741,"href":"https:\/\/avenir-inclusif.prestage.ch\/ge\/wp-json\/wp\/v2\/pages\/7\/revisions\/741"}],"wp:attachment":[{"href":"https:\/\/avenir-inclusif.prestage.ch\/ge\/wp-json\/wp\/v2\/media?parent=7"}],"curies":[{"name":"wp","href":"https:\/\/api.w.org\/{rel}","templated":true}]}}