{"id":5,"date":"2023-07-28T14:00:17","date_gmt":"2023-07-28T12:00:17","guid":{"rendered":"https:\/\/zukunft-inklusion.ch.prestage.ch\/ge\/?page_id=5"},"modified":"2024-06-21T14:32:07","modified_gmt":"2024-06-21T12:32:07","slug":"projet","status":"publish","type":"page","link":"https:\/\/avenir-inclusif.prestage.ch\/ge\/projet\/","title":{"rendered":"Projet"},"content":{"rendered":"\n<h2 class=\"wp-block-heading\">Qui sommes-nous?<\/h2>\n\n\n\n<p>A Gen\u00e8ve, les Journ\u00e9es d&rsquo;action ont \u00e9t\u00e9 port\u00e9es par un groupe de travail qui a regroup\u00e9 diff\u00e9rents <a href=\"https:\/\/avenir-inclusif.prestage.ch\/ge\/partenaires\/\">partenaires, issus de pouvoirs publics (Canton et Ville de Gen\u00e8ve), d&rsquo;associations et d&rsquo;institutions pour personnes handicap\u00e9es<\/a>.<\/p>\n\n\n\n<p>Les Journ\u00e9es nationales d&rsquo;action sur les droits des personnes handicap\u00e9es 2024 ont \u00e9t\u00e9 coordonn\u00e9es et g\u00e9r\u00e9es par le Bureau f\u00e9d\u00e9ral de l&rsquo;\u00e9galit\u00e9 pour les personnes handicap\u00e9es (<a rel=\"noreferrer noopener\" href=\"https:\/\/www.edi.admin.ch\/edi\/fr\/home\/fachstellen\/aktuell.html\" target=\"_blank\">BFEH<\/a>). La Conf\u00e9rence des directrices et directeurs cantonaux des affaires sociales (<a rel=\"noreferrer noopener\" href=\"https:\/\/www.sodk.ch\/fr\/\" target=\"_blank\">CDAS<\/a>) a soutenu l&rsquo;approche participative de cette campagne et la consid\u00e9r\u00e9e comme un moyen important de sensibiliser le public en Suisse aux pr\u00e9occupations des personnes handicap\u00e9es.<\/p>\n\n\n\n<figure class=\"wp-block-image size-full\"><img loading=\"lazy\" decoding=\"async\" width=\"852\" height=\"479\" src=\"https:\/\/avenir-inclusif.prestage.ch\/ge\/wp-content\/uploads\/sites\/7\/comite-avenir-inclusif-850pix-.jpg\" alt=\"\" class=\"wp-image-327\" srcset=\"https:\/\/avenir-inclusif.prestage.ch\/ge\/wp-content\/uploads\/sites\/7\/comite-avenir-inclusif-850pix-.jpg 852w, https:\/\/avenir-inclusif.prestage.ch\/ge\/wp-content\/uploads\/sites\/7\/comite-avenir-inclusif-850pix--768x432.jpg 768w\" sizes=\"auto, (max-width: 852px) 100vw, 852px\" \/><\/figure>\n\n\n\n<p>Le comit\u00e9 d&rsquo;Avenir inclusif Gen\u00e8ve a regroup\u00e9 des repr\u00e9sentants de l&rsquo;Etat, de la Ville de Gen\u00e8ve, d&rsquo;institutions et d&rsquo;associations pour les personnes en situation de handicap et leurs proches.<\/p>\n\n\n\n<h2 class=\"wp-block-heading\">Qu&rsquo;est-ce qu&rsquo;on a fait?<\/h2>\n\n\n\n<p>Ensemble, nous avons pr\u00e9par\u00e9 les Journ\u00e9es d&rsquo;action des droits des personnes handicap\u00e9es 2024. Celles-ci ont eu lieu du 15 mai au 15 juin 2024, \u00e0 l&rsquo;occasion du 10e anniversaire de la <a rel=\"noreferrer noopener\" href=\"https:\/\/www.fedlex.admin.ch\/eli\/cc\/2014\/245\/fr\" target=\"_blank\">CDPH<\/a> en Suisse et du 20e anniversaire de la loi sur l&rsquo;\u00e9galit\u00e9 des personnes handicap\u00e9es (<a rel=\"noreferrer noopener\" href=\"https:\/\/www.fedlex.admin.ch\/eli\/cc\/2003\/667\/fr\" target=\"_blank\">LHand<\/a>).<\/p>\n\n\n\n<h2 class=\"wp-block-heading\">Pourquoi tout cela?<\/h2>\n\n\n\n<p>La Convention de l&rsquo;ONU relative aux droits des personnes handicap\u00e9es (<a rel=\"noreferrer noopener\" href=\"https:\/\/www.fedlex.admin.ch\/eli\/cc\/2014\/245\/fr\" target=\"_blank\">CDPH<\/a>) n&rsquo;est pas un exercice, mais une obligation. La mise en \u0153uvre de la CDPH n\u00e9cessite toutefois une large alliance. Les Journ\u00e9es d&rsquo;action nous permettent de porter ce th\u00e8me aupr\u00e8s du grand public.<\/p>\n\n\n\n<h2 class=\"wp-block-heading\">Quelle est notre vision?<\/h2>\n\n\n\n<p>Les personnes handicap\u00e9es ont les m\u00eames droits que les autres! Nous nous engageons pour cela. Les personnes handicap\u00e9es doivent pouvoir utiliser les transports publics de mani\u00e8re spontan\u00e9e et autonome: comme tout le monde. Elles doivent pouvoir participer \u00e0 des activit\u00e9s de loisirs, culturelles et sportives: comme tout le monde. Et comme tout le monde, les personnes handicap\u00e9es doivent avoir le m\u00eame acc\u00e8s \u00e0 l&rsquo;\u00e9ducation, aux soins de sant\u00e9, au march\u00e9 du travail, au logement et aux commerces, ainsi qu&rsquo;\u00e0 l&rsquo;information et \u00e0 la communication. Car c&rsquo;est exactement ce qui est ancr\u00e9 dans la Convention de l&rsquo;ONU relative aux droits des personnes handicap\u00e9es. La Suisse l&rsquo;a sign\u00e9e et elle est par cons\u00e9quent obligatoire depuis 2014.<\/p>\n\n\n\n<h2 class=\"wp-block-heading\">Quels sont nos objectifs?<\/h2>\n\n\n\n<p>Les Journ\u00e9es d&rsquo;action offrent la possibilit\u00e9 de montrer au public des mesures nouvelles, d\u00e9j\u00e0 pr\u00e9vues ou mises en \u0153uvre, qui am\u00e9liorent les r\u00e9alit\u00e9s de vie des personnes handicap\u00e9es. Elles visent ainsi \u00e0 influencer positivement l&rsquo;agenda politique. Lors des actions, les obstacles peuvent \u00eatre rendus visibles et tangibles. Parall\u00e8lement, des connaissances pratiques doivent \u00eatre transmises afin de trouver des solutions cibl\u00e9es et durables. Pour cela, il est essentiel de disposer d&rsquo;un r\u00e9seau diversifi\u00e9 et capable d&rsquo;agir. Pour ce faire, des espaces d&rsquo;\u00e9change sont cr\u00e9\u00e9s et des offres de soutien sont mises \u00e0 disposition.<\/p>\n\n\n\n<h2 class=\"wp-block-heading\">Quels sont nos crit\u00e8res de qualit\u00e9?<\/h2>\n\n\n\n<p>Nous avons l&rsquo;ambition que les actions aient un lien avec la CDPH, qu&rsquo;elles garantissent l&rsquo;inclusion des personnes handicap\u00e9es et qu&rsquo;elles assurent un acc\u00e8s \u00e9galitaire \u00e0 tout le monde.<\/p>\n","protected":false},"excerpt":{"rendered":"<p>Qui sommes-nous? A Gen\u00e8ve, les Journ\u00e9es d&rsquo;action ont \u00e9t\u00e9 port\u00e9es par un groupe de travail qui a regroup\u00e9 diff\u00e9rents partenaires, issus de pouvoirs publics (Canton et Ville de Gen\u00e8ve), d&rsquo;associations et d&rsquo;institutions pour personnes handicap\u00e9es. Les Journ\u00e9es nationales d&rsquo;action sur les droits des personnes handicap\u00e9es 2024 ont \u00e9t\u00e9 coordonn\u00e9es et g\u00e9r\u00e9es par le Bureau f\u00e9d\u00e9ral [&hellip;]<\/p>\n","protected":false},"author":1,"featured_media":0,"parent":0,"menu_order":2,"comment_status":"closed","ping_status":"closed","template":"page-templates\/concept_page.php","meta":{"_acf_changed":false,"_genesis_hide_title":false,"_genesis_hide_breadcrumbs":false,"_genesis_hide_singular_image":false,"_genesis_hide_footer_widgets":false,"_genesis_custom_body_class":"","_genesis_custom_post_class":"","_genesis_layout":"","footnotes":""},"class_list":{"0":"post-5","1":"page","2":"type-page","3":"status-publish","5":"entry"},"acf":[],"_links":{"self":[{"href":"https:\/\/avenir-inclusif.prestage.ch\/ge\/wp-json\/wp\/v2\/pages\/5","targetHints":{"allow":["GET"]}}],"collection":[{"href":"https:\/\/avenir-inclusif.prestage.ch\/ge\/wp-json\/wp\/v2\/pages"}],"about":[{"href":"https:\/\/avenir-inclusif.prestage.ch\/ge\/wp-json\/wp\/v2\/types\/page"}],"author":[{"embeddable":true,"href":"https:\/\/avenir-inclusif.prestage.ch\/ge\/wp-json\/wp\/v2\/users\/1"}],"replies":[{"embeddable":true,"href":"https:\/\/avenir-inclusif.prestage.ch\/ge\/wp-json\/wp\/v2\/comments?post=5"}],"version-history":[{"count":11,"href":"https:\/\/avenir-inclusif.prestage.ch\/ge\/wp-json\/wp\/v2\/pages\/5\/revisions"}],"predecessor-version":[{"id":737,"href":"https:\/\/avenir-inclusif.prestage.ch\/ge\/wp-json\/wp\/v2\/pages\/5\/revisions\/737"}],"wp:attachment":[{"href":"https:\/\/avenir-inclusif.prestage.ch\/ge\/wp-json\/wp\/v2\/media?parent=5"}],"curies":[{"name":"wp","href":"https:\/\/api.w.org\/{rel}","templated":true}]}}