{"id":30,"date":"2023-07-28T14:00:37","date_gmt":"2023-07-28T12:00:37","guid":{"rendered":"https:\/\/zukunft-inklusion.ch.prestage.ch\/ge\/?page_id=30"},"modified":"2024-08-13T09:00:24","modified_gmt":"2024-08-13T07:00:24","slug":"medias","status":"publish","type":"page","link":"https:\/\/avenir-inclusif.prestage.ch\/ge\/medias\/","title":{"rendered":"M\u00e9dias"},"content":{"rendered":"\n<h2 class=\"wp-block-heading\">Articles de presse sur les journ\u00e9es d&rsquo;action<\/h2>\n\n\n\n<p><a href=\"https:\/\/www.geneve.ch\/document\/magazine-vivre-geneve-97\">Vivre \u00e0 Gen\u00e8ve n\u00b097 &#8211;  Avril \u00e0 juin 2024.<\/a> <br>Interview de Corinne Bonnet-M\u00e9rier, page 13<br>Informations sur l&rsquo;accessibilit\u00e9 universelle, page 17<br>Annonce des Journ\u00e9es nationales d&rsquo;action, page 35<\/p>\n\n\n\n<p><a href=\"https:\/\/www.entrepriseromande.ch\/w\/handicap-favoriser-l-inclusion-dans-le-monde-du-travail\">Handicap: favoriser l\u2019inclusion dans le monde du travail &#8211; Entreprise Romande, 19 avril 2024<\/a><\/p>\n\n\n\n<p><a href=\"https:\/\/www.letemps.ch\/societe\/charlotte-limousin-les-signes-d-une-cite-inclusive\" data-type=\"link\" data-id=\"https:\/\/www.letemps.ch\/societe\/charlotte-limousin-les-signes-d-une-cite-inclusive\">Le Temps, 14 mai 2024<\/a><\/p>\n\n\n\n<p><a href=\"https:\/\/www.radiolac.ch\/actualite\/geneve\/personnes-handicapees-geneve-lance-une-campagne-de-sensibilisation\/\" data-type=\"link\" data-id=\"https:\/\/www.radiolac.ch\/actualite\/geneve\/personnes-handicapees-geneve-lance-une-campagne-de-sensibilisation\/\">Radio Lac, 14 mai 2024<\/a><\/p>\n\n\n\n<p><a href=\"https:\/\/www.tdg.ch\/geneve-un-mois-pour-sensibiliser-au-handicap-928749941358\">Tribune de Gen\u00e8ve, 14 mai 2024<\/a><\/p>\n\n\n\n<p><a href=\"https:\/\/www.lemanbleu.ch\/Scripts\/Index.aspx?id=325015\">L\u00e9man bleu, 14 mai 2024<\/a><\/p>\n\n\n\n<p><a href=\"https:\/\/lecourrier.ch\/edition-du-jour\/?date=2024-05-15\">Le Courrier, 15 mai 2024<\/a><br>Article en page 6 de l&rsquo;\u00e9dition papier.<\/p>\n\n\n\n<p><a href=\"https:\/\/www.lemanbleu.ch\/fr\/Actualites\/Geneve\/Un-mois-pour-sensibiliser-aux-handicaps.html\">L\u00e9man bleu, 15 mai 2024 <\/a><\/p>\n\n\n\n<p><a href=\"https:\/\/avenir-inclusif.prestage.ch\/ge\/wp-content\/uploads\/sites\/7\/https___play.vod2_.infomaniak.com_single_1jhvl2uqopaki_1jhvl2uqjyf5g_1jhvl2uqopakv.mp3\">Radio Lac, 16 mai 2024<\/a><\/p>\n\n\n\n<p><a href=\"https:\/\/www.tdg.ch\/geneve-les-personnes-handicapees-protestent-400238309536\">Tribune de Gen\u00e8ve, 18 mai 2024<\/a><\/p>\n\n\n\n<p><a href=\"https:\/\/carac.tv\/replay\/culture-mag\/1538\">Carac TV, 28 mai 2024<\/a><\/p>\n\n\n\n<p><a href=\"https:\/\/www.tdg.ch\/un-film-met-en-lumiere-les-femmes-en-situation-de-handicap-141083291776\" data-type=\"link\" data-id=\"https:\/\/www.tdg.ch\/un-film-met-en-lumiere-les-femmes-en-situation-de-handicap-141083291776\">Tribune de Gen\u00e8ve, 3 juin 2024<\/a><\/p>\n\n\n\n<p><a href=\"https:\/\/www.tdg.ch\/geneve-les-handicapes-bonifient-le-travail-en-entreprise-910081170931\" data-type=\"link\" data-id=\"https:\/\/www.tdg.ch\/geneve-les-handicapes-bonifient-le-travail-en-entreprise-910081170931\">Tribune de Gen\u00e8ve, 5 juin 2024<\/a><\/p>\n\n\n\n<p><a href=\"https:\/\/www.tdg.ch\/handicap-a-geneve-points-noirs-au-grand-conseil-167345698532\">Tribune de Gen\u00e8ve, 12 juin 2024<\/a><\/p>\n\n\n\n<p><a href=\"https:\/\/www.lfm.ch\/actualite\/suisse\/romandie\/geneve\/geneve-elabore-une-loi-sur-legalite-et-les-droits-des-handicapes\/\">LFM, 12 juin 2024<\/a><\/p>\n\n\n\n<p><a href=\"https:\/\/vive-la-vie.magnum3.ch\/article\/a-geneve-on-dessine-un-avenir-plus-inclusif-\/221\">Vive la vie (SIG), \u00e9dition \u00e9t\u00e9 2024<\/a><\/p>\n\n\n\n<h2 class=\"wp-block-heading\">Contacts pour les m\u00e9dias<\/h2>\n\n\n\n<p><a href=\"mailto:\" data-eml-encoded-attr=\"WVhabGJtbHlMV2x1WTJ4MWMybG1MV2RsYm1WMlpTVTBNR1YwWVhRdVoyVXVZMmc9\"><span data-eml-encoded-html><label>(E-Mail)<\/label><var aria-hidden=\"true\" style=\"display:none\">WVhabGJtbHlMV2x1WTJ4MWMybG1MV2RsYm1WMlpTVTBNR1YwWVhRdVoyVXVZMmc9<\/var><\/span><\/a> <\/p>\n\n\n\n<p><a href=\"mailto:\" data-eml-encoded-attr=\"WVhabGJtbHlMV2x1WTJ4MWMybG1MV2RsYm1WMlpTVTBNSFpwYkd4bExXZGxMbU5v\"><span data-eml-encoded-html><label>(E-Mail)<\/label><var aria-hidden=\"true\" style=\"display:none\">WVhabGJtbHlMV2x1WTJ4MWMybG1MV2RsYm1WMlpTVTBNSFpwYkd4bExXZGxMbU5v<\/var><\/span><\/a><\/p>\n\n\n\n<p><\/p>\n\n\n\n<h2 class=\"wp-block-heading\">Affiches de la campagne<\/h2>\n\n\n\n<div class=\"wp-block-buttons is-layout-flex wp-block-buttons-is-layout-flex\">\n<div class=\"wp-block-button\"><a class=\"wp-block-button__link wp-element-button\" href=\"https:\/\/alternative.wetransfer.com\/downloads\/7d11a1dad76b03545aaf5d42704dc05720240513143836\/a9c03d\">T\u00e9l\u00e9chager les affiches de la campagne de sensibilisation<\/a><\/div>\n<\/div>\n","protected":false},"excerpt":{"rendered":"<p>Articles de presse sur les journ\u00e9es d&rsquo;action Vivre \u00e0 Gen\u00e8ve n\u00b097 &#8211; Avril \u00e0 juin 2024. Interview de Corinne Bonnet-M\u00e9rier, page 13Informations sur l&rsquo;accessibilit\u00e9 universelle, page 17Annonce des Journ\u00e9es nationales d&rsquo;action, page 35 Handicap: favoriser l\u2019inclusion dans le monde du travail &#8211; Entreprise Romande, 19 avril 2024 Le Temps, 14 mai 2024 Radio Lac, 14 [&hellip;]<\/p>\n","protected":false},"author":1,"featured_media":0,"parent":0,"menu_order":8,"comment_status":"closed","ping_status":"closed","template":"page-templates\/media_page.php","meta":{"_acf_changed":false,"_genesis_hide_title":false,"_genesis_hide_breadcrumbs":false,"_genesis_hide_singular_image":false,"_genesis_hide_footer_widgets":false,"_genesis_custom_body_class":"","_genesis_custom_post_class":"","_genesis_layout":"","footnotes":""},"class_list":{"0":"post-30","1":"page","2":"type-page","3":"status-publish","5":"entry"},"acf":[],"_links":{"self":[{"href":"https:\/\/avenir-inclusif.prestage.ch\/ge\/wp-json\/wp\/v2\/pages\/30","targetHints":{"allow":["GET"]}}],"collection":[{"href":"https:\/\/avenir-inclusif.prestage.ch\/ge\/wp-json\/wp\/v2\/pages"}],"about":[{"href":"https:\/\/avenir-inclusif.prestage.ch\/ge\/wp-json\/wp\/v2\/types\/page"}],"author":[{"embeddable":true,"href":"https:\/\/avenir-inclusif.prestage.ch\/ge\/wp-json\/wp\/v2\/users\/1"}],"replies":[{"embeddable":true,"href":"https:\/\/avenir-inclusif.prestage.ch\/ge\/wp-json\/wp\/v2\/comments?post=30"}],"version-history":[{"count":24,"href":"https:\/\/avenir-inclusif.prestage.ch\/ge\/wp-json\/wp\/v2\/pages\/30\/revisions"}],"predecessor-version":[{"id":746,"href":"https:\/\/avenir-inclusif.prestage.ch\/ge\/wp-json\/wp\/v2\/pages\/30\/revisions\/746"}],"wp:attachment":[{"href":"https:\/\/avenir-inclusif.prestage.ch\/ge\/wp-json\/wp\/v2\/media?parent=30"}],"curies":[{"name":"wp","href":"https:\/\/api.w.org\/{rel}","templated":true}]}}