{"id":3,"date":"2023-07-28T14:00:47","date_gmt":"2023-07-28T12:00:47","guid":{"rendered":"https:\/\/zukunft-inklusion.ch.prestage.ch\/ge\/?page_id=3"},"modified":"2024-06-17T15:47:09","modified_gmt":"2024-06-17T13:47:09","slug":"startseite","status":"publish","type":"page","link":"https:\/\/avenir-inclusif.prestage.ch\/ge\/","title":{"rendered":"Avenir inclusif \u2013 Journ\u00e9es d&rsquo;action pour les droits des personnes handicap\u00e9es"},"content":{"rendered":"\n<p>Les Journ\u00e9es nationales d&rsquo;action pour les droits des personnes handicap\u00e9es se sont d\u00e9roul\u00e9es du 15\u00a0mai au 15\u00a0juin 2024 dans toute la Suisse, et notamment dans le canton de Gen\u00e8ve. <\/p>\n\n\n\n<p>Gen\u00e8ve a par ailleurs accueilli le 15 juin la c\u00e9r\u00e9monie de cl\u00f4ture nationale des Journ\u00e9es d&rsquo;actions 2024.<\/p>\n\n\n\n<div class=\"wp-block-buttons is-layout-flex wp-block-buttons-is-layout-flex\">\n<div class=\"wp-block-button\"><a class=\"wp-block-button__link wp-element-button\" href=\"https:\/\/avenir-inclusif.prestage.ch\/ge\/ceremonie-nationale-de-cloture-des-journees-daction-2024\/\">Voir les photos et lire les interventions de la c\u00e9r\u00e9monie<\/a><\/div>\n<\/div>\n\n\n\n<p>En plus d&rsquo;une cinquantaine d&rsquo;actions organis\u00e9es, le comit\u00e9 d&rsquo;Avenir inclusif Gen\u00e8ve a d\u00e9ploy\u00e9 une campagne de sensibilisation du grand public aux droits des personnes en situation de handicap. <\/p>\n\n\n\n<div class=\"wp-block-buttons is-layout-flex wp-block-buttons-is-layout-flex\">\n<div class=\"wp-block-button\"><a class=\"wp-block-button__link wp-element-button\" href=\"https:\/\/avenir-inclusif.prestage.ch\/ge\/campagne-de-sensibilisation\/\">Voir les affiches ou \u00e9couter leurs audiodescriptions<\/a><\/div>\n<\/div>\n\n\n\n<p>La Convention de l&rsquo;ONU relative aux droits des personnes handicap\u00e9es (<a rel=\"noreferrer noopener\" href=\"https:\/\/www.fedlex.admin.ch\/eli\/cc\/2014\/245\/fr\" target=\"_blank\">CDPH<\/a>) est en vigueur en Suisse depuis 2014. La loi sur l&rsquo;\u00e9galit\u00e9 des personnes handicap\u00e9es (<a rel=\"noreferrer noopener\" href=\"https:\/\/www.fedlex.admin.ch\/eli\/cc\/2003\/667\/fr\" target=\"_blank\">LHand<\/a>) constitue une base juridique importante depuis 2004 d\u00e9j\u00e0. L&rsquo;objectif de la CDPH et de la LHand est de promouvoir, de prot\u00e9ger et de garantir la jouissance des droits humains et des libert\u00e9s fondamentales de toutes les personnes handicap\u00e9es dans des conditions d&rsquo;\u00e9galit\u00e9, ainsi que de promouvoir le respect de leur dignit\u00e9. La Conf\u00e9d\u00e9ration, les cantons et les communes sont tenus de mettre en \u0153uvre la CDPH et la LHand. <\/p>\n\n\n\n<p>C&rsquo;est dans le cadre de ces anniversaires, que nous avons voulu donner une impulsion \u00e0 la mise en \u0153uvre des droits humains, agir ensemble et rendre visibles les bonnes pratiques.<\/p>\n\n\n\n<p>Vous pouvez (re)d\u00e9couvrir ici les nombreuses actions qui ont \u00e9t\u00e9 men\u00e9es \u00e0 Gen\u00e8ve sous le slogan \u00abAvenir inclusif\u00bb par les diff\u00e9rents <a href=\"https:\/\/avenir-inclusif.prestage.ch\/ge\/partenaires\">partenaires<\/a>. Il vous suffit pour cela d&rsquo;aller voir le calendrier des actions et de cliquer sur le filtre &lsquo;tous&rsquo; les \u00e9v\u00e8nements. <\/p>\n\n\n\n<div class=\"wp-block-buttons is-layout-flex wp-block-buttons-is-layout-flex\">\n<div class=\"wp-block-button\"><a class=\"wp-block-button__link wp-element-button\" href=\"https:\/\/avenir-inclusif.prestage.ch\/ge\/calendrier\/\">Voir le calendrier des actions<\/a><\/div>\n<\/div>\n","protected":false},"excerpt":{"rendered":"<p>Les Journ\u00e9es nationales d&rsquo;action pour les droits des personnes handicap\u00e9es se sont d\u00e9roul\u00e9es du 15\u00a0mai au 15\u00a0juin 2024 dans toute la Suisse, et notamment dans le canton de Gen\u00e8ve. Gen\u00e8ve a par ailleurs accueilli le 15 juin la c\u00e9r\u00e9monie de cl\u00f4ture nationale des Journ\u00e9es d&rsquo;actions 2024. En plus d&rsquo;une cinquantaine d&rsquo;actions organis\u00e9es, le comit\u00e9 d&rsquo;Avenir [&hellip;]<\/p>\n","protected":false},"author":1,"featured_media":0,"parent":0,"menu_order":1,"comment_status":"closed","ping_status":"closed","template":"page-templates\/landing_page.php","meta":{"_acf_changed":false,"_genesis_hide_title":false,"_genesis_hide_breadcrumbs":false,"_genesis_hide_singular_image":false,"_genesis_hide_footer_widgets":false,"_genesis_custom_body_class":"","_genesis_custom_post_class":"","_genesis_layout":"","footnotes":""},"class_list":{"0":"post-3","1":"page","2":"type-page","3":"status-publish","5":"entry"},"acf":[],"_links":{"self":[{"href":"https:\/\/avenir-inclusif.prestage.ch\/ge\/wp-json\/wp\/v2\/pages\/3","targetHints":{"allow":["GET"]}}],"collection":[{"href":"https:\/\/avenir-inclusif.prestage.ch\/ge\/wp-json\/wp\/v2\/pages"}],"about":[{"href":"https:\/\/avenir-inclusif.prestage.ch\/ge\/wp-json\/wp\/v2\/types\/page"}],"author":[{"embeddable":true,"href":"https:\/\/avenir-inclusif.prestage.ch\/ge\/wp-json\/wp\/v2\/users\/1"}],"replies":[{"embeddable":true,"href":"https:\/\/avenir-inclusif.prestage.ch\/ge\/wp-json\/wp\/v2\/comments?post=3"}],"version-history":[{"count":28,"href":"https:\/\/avenir-inclusif.prestage.ch\/ge\/wp-json\/wp\/v2\/pages\/3\/revisions"}],"predecessor-version":[{"id":714,"href":"https:\/\/avenir-inclusif.prestage.ch\/ge\/wp-json\/wp\/v2\/pages\/3\/revisions\/714"}],"wp:attachment":[{"href":"https:\/\/avenir-inclusif.prestage.ch\/ge\/wp-json\/wp\/v2\/media?parent=3"}],"curies":[{"name":"wp","href":"https:\/\/api.w.org\/{rel}","templated":true}]}}