{"id":24,"date":"2023-07-28T14:00:16","date_gmt":"2023-07-28T12:00:16","guid":{"rendered":"https:\/\/zukunft-inklusion.ch.prestage.ch\/ge\/?page_id=24"},"modified":"2024-06-21T14:33:27","modified_gmt":"2024-06-21T12:33:27","slug":"partenaires","status":"publish","type":"page","link":"https:\/\/avenir-inclusif.prestage.ch\/ge\/partenaires\/","title":{"rendered":"Partenaires"},"content":{"rendered":"\n<p>Vous trouvez ici la liste des partenaires qui ont organis\u00e9 et ont particip\u00e9 aux journ\u00e9es d&rsquo;action sur les droits des personnes handicap\u00e9es 2024. <\/p>\n\n\n\n<h2 class=\"wp-block-heading\">Les pouvoirs publics<\/h2>\n\n\n\n<figure class=\"wp-block-image size-large is-resized\"><a href=\"https:\/\/www.ge.ch\/\"><img loading=\"lazy\" decoding=\"async\" width=\"1200\" height=\"1200\" src=\"https:\/\/avenir-inclusif.prestage.ch\/ge\/wp-content\/uploads\/sites\/7\/LOGORCGE_pantone_FRA-1200x1200.jpg\" alt=\"Logo du Canton de Gen\u00e8ve\" class=\"wp-image-122\" style=\"aspect-ratio:1;width:168px;height:auto\" \/><\/a><\/figure>\n\n\n\n<p>Le Canton de Gen\u00e8ve, <br>au travers du D\u00e9partement de la coh\u00e9sion sociale (DCS) et du D\u00e9partement de l&rsquo;instruction publique (DIP)<\/p>\n\n\n\n<figure class=\"wp-block-image size-full is-resized\"><a href=\"https:\/\/www.geneve.ch\/fr\"><img decoding=\"async\" src=\"https:\/\/avenir-inclusif.prestage.ch\/ge\/wp-content\/uploads\/sites\/7\/logo-2.svg\" alt=\"\" class=\"wp-image-195\" style=\"aspect-ratio:1.6934306569343065;width:209px;height:auto\" \/><\/a><\/figure>\n\n\n\n<p><br>La Ville de Gen\u00e8ve, <br>au travers du D\u00e9partement de la coh\u00e9sion sociale et de la solidarit\u00e9 (DCSS) et du D\u00e9partement de la culture et de la transition num\u00e9rique (DCTN)<\/p>\n\n\n\n<h2 class=\"wp-block-heading\">Les associations:<\/h2>\n\n\n\n<figure class=\"wp-block-image size-full is-resized\"><a href=\"https:\/\/www.agdm.ch\/\"><img loading=\"lazy\" decoding=\"async\" width=\"766\" height=\"342\" src=\"https:\/\/avenir-inclusif.prestage.ch\/ge\/wp-content\/uploads\/sites\/7\/logo-agm.jpg\" alt=\"\" class=\"wp-image-137\" style=\"aspect-ratio:2.239766081871345;width:165px;height:auto\" \/><\/a><\/figure>\n\n\n\n<p>Association genevoise des Malentendants (AGM)<\/p>\n\n\n\n<figure class=\"wp-block-image size-full is-resized\"><a href=\"https:\/\/abage.ch\/\"><img decoding=\"async\" src=\"https:\/\/avenir-inclusif.prestage.ch\/ge\/wp-content\/uploads\/sites\/7\/logo.png\" alt=\"\" class=\"wp-image-138\" style=\"aspect-ratio:1.951219512195122;width:156px;height:auto\" \/><\/a><\/figure>\n\n\n\n<p>Association pour le Bien des Aveugles et malvoyants (ABA)<\/p>\n\n\n\n<figure class=\"wp-block-image size-full is-resized\"><a href=\"https:\/\/o-cr.ch\/\"><img loading=\"lazy\" decoding=\"async\" width=\"413\" height=\"250\" src=\"https:\/\/avenir-inclusif.prestage.ch\/ge\/wp-content\/uploads\/sites\/7\/cropped-Originalbis-1.png\" alt=\"\" class=\"wp-image-139\" style=\"aspect-ratio:1.652;width:131px;height:auto\" \/><\/a><\/figure>\n\n\n\n<p>Au c\u0153ur de la rencontre (OCR)<\/p>\n\n\n\n<figure class=\"wp-block-image size-full is-resized\"><a href=\"https:\/\/cfrge.ch\/\"><img decoding=\"async\" src=\"https:\/\/avenir-inclusif.prestage.ch\/ge\/wp-content\/uploads\/sites\/7\/CFRGe-logo-1.svg\" alt=\"\" class=\"wp-image-142\" style=\"aspect-ratio:8.333333333333334;width:423px;height:auto\" \/><\/a><\/figure>\n\n\n\n<p>Club en fauteuil roulant Gen\u00e8ve (CFRGE)<\/p>\n\n\n\n<figure class=\"wp-block-image size-full is-resized\"><a href=\"http:\/\/fegaph.ch\/\"><img loading=\"lazy\" decoding=\"async\" width=\"300\" height=\"181\" src=\"https:\/\/avenir-inclusif.prestage.ch\/ge\/wp-content\/uploads\/sites\/7\/logo-fegaphjpg-300x181-1.jpg\" alt=\"\" class=\"wp-image-141\" style=\"aspect-ratio:1.6574585635359116;width:158px;height:auto\" \/><\/a><\/figure>\n\n\n\n<p>F\u00e9d\u00e9ration genevoise d&rsquo;associations de personnes handicap\u00e9es et de leurs proches (F\u00e9GAPH)<\/p>\n\n\n\n<figure class=\"wp-block-image size-full is-resized\"><a href=\"https:\/\/hau-ge.ch\/\"><img loading=\"lazy\" decoding=\"async\" width=\"200\" height=\"54\" src=\"https:\/\/avenir-inclusif.prestage.ch\/ge\/wp-content\/uploads\/sites\/7\/HAU-logo-e1535526950536.png\" alt=\"\" class=\"wp-image-143\" style=\"aspect-ratio:3.7037037037037037;width:156px;height:auto\" \/><\/a><\/figure>\n\n\n\n<p>Handicap Architecture Urbanisme <\/p>\n\n\n\n<figure class=\"wp-block-image size-full is-resized\"><a href=\"https:\/\/www.inclusion-handicap.ch\/\"><img decoding=\"async\" src=\"https:\/\/avenir-inclusif.prestage.ch\/ge\/wp-content\/uploads\/sites\/7\/logo-1.svg\" alt=\"\" class=\"wp-image-145\" style=\"aspect-ratio:3.5;width:176px;height:auto\" \/><\/a><\/figure>\n\n\n\n<p>Inclusion handicap <\/p>\n\n\n\n<figure class=\"wp-block-image size-full is-resized\"><a href=\"https:\/\/pleinacces.org\/\"><img loading=\"lazy\" decoding=\"async\" width=\"474\" height=\"189\" src=\"https:\/\/avenir-inclusif.prestage.ch\/ge\/wp-content\/uploads\/sites\/7\/OIP.jpg\" alt=\"\" class=\"wp-image-146\" style=\"aspect-ratio:2.507936507936508;width:150px;height:auto\" \/><\/a><\/figure>\n\n\n\n<p>Plein Acc\u00e8s Suisse <\/p>\n\n\n\n<figure class=\"wp-block-image size-full is-resized\"><a href=\"https:\/\/www.proinfirmis.ch\/fr\/prestations\/geneve.html\"><img decoding=\"async\" src=\"https:\/\/avenir-inclusif.prestage.ch\/ge\/wp-content\/uploads\/sites\/7\/Pro_Infirmis_Logo_rgb.svg\" alt=\"\" class=\"wp-image-147\" style=\"aspect-ratio:5.660377358490566;width:238px;height:auto\" \/><\/a><\/figure>\n\n\n\n<p>Pro Infirmis <\/p>\n\n\n\n<figure class=\"wp-block-image size-full is-resized\"><a href=\"https:\/\/s-5.ch\/\"><img loading=\"lazy\" decoding=\"async\" width=\"311\" height=\"382\" src=\"https:\/\/avenir-inclusif.prestage.ch\/ge\/wp-content\/uploads\/sites\/7\/logo-5.png\" alt=\"\" class=\"wp-image-148\" style=\"aspect-ratio:0.8141361256544503;width:54px;height:auto\" \/><\/a><\/figure>\n\n\n\n<p>S5<\/p>\n\n\n\n<h2 class=\"wp-block-heading\"><strong><font size=\"+3\">Les institutions pour personnes avec handicap:<\/font><\/strong><\/h2>\n\n\n\n<figure class=\"wp-block-image size-full is-resized\"><a href=\"https:\/\/actifs-ge.ch\/\"><img loading=\"lazy\" decoding=\"async\" width=\"682\" height=\"300\" src=\"https:\/\/avenir-inclusif.prestage.ch\/ge\/wp-content\/uploads\/sites\/7\/Logo-seul.jpg\" alt=\"\" class=\"wp-image-149\" style=\"aspect-ratio:2.2733333333333334;width:208px;height:auto\" \/><\/a><\/figure>\n\n\n\n<p>Actifs<\/p>\n\n\n\n<figure class=\"wp-block-image size-full is-resized\"><a href=\"https:\/\/www.aigues-vertes.ch\/\"><img loading=\"lazy\" decoding=\"async\" width=\"299\" height=\"95\" src=\"https:\/\/avenir-inclusif.prestage.ch\/ge\/wp-content\/uploads\/sites\/7\/35a052_89f8b6217ce3450cac68bc935cd41443mv2.webp\" alt=\"\" class=\"wp-image-152\" style=\"aspect-ratio:3.1473684210526316;width:219px;height:auto\" \/><\/a><\/figure>\n\n\n\n<p>Aigues-Vertes<\/p>\n\n\n\n<figure class=\"wp-block-image size-full is-resized\"><a href=\"https:\/\/caploisirs.ch\/\"><img loading=\"lazy\" decoding=\"async\" width=\"100\" height=\"120\" src=\"https:\/\/avenir-inclusif.prestage.ch\/ge\/wp-content\/uploads\/sites\/7\/logo_120px.png\" alt=\"\" class=\"wp-image-151\" style=\"aspect-ratio:0.8333333333333334;width:86px;height:auto\" \/><\/a><\/figure>\n\n\n\n<p>Cap Loisirs<\/p>\n\n\n\n<figure class=\"wp-block-image size-full is-resized\"><a href=\"https:\/\/centre-espoir.armeedusalut.ch\/\"><img loading=\"lazy\" decoding=\"async\" width=\"382\" height=\"120\" src=\"https:\/\/avenir-inclusif.prestage.ch\/ge\/wp-content\/uploads\/sites\/7\/05_LOGO_CE_vecto.jpg\" alt=\"\" class=\"wp-image-150\" style=\"aspect-ratio:3.183333333333333;width:261px;height:auto\" \/><\/a><\/figure>\n\n\n\n<p>Centre-Espoir<\/p>\n\n\n\n<figure class=\"wp-block-image size-full is-resized\"><a href=\"https:\/\/clairbois.ch\/\"><img loading=\"lazy\" decoding=\"async\" width=\"166\" height=\"99\" src=\"https:\/\/avenir-inclusif.prestage.ch\/ge\/wp-content\/uploads\/sites\/7\/ClairBois_sRGB_sansBL.jpg\" alt=\"\" class=\"wp-image-153\" style=\"aspect-ratio:1.6767676767676767;width:109px;height:auto\" \/><\/a><\/figure>\n\n\n\n<p>Clair Bois<\/p>\n\n\n\n<figure class=\"wp-block-image size-full is-resized\"><a href=\"https:\/\/fondation-ensemble.ch\/\"><img loading=\"lazy\" decoding=\"async\" width=\"1178\" height=\"913\" src=\"https:\/\/avenir-inclusif.prestage.ch\/ge\/wp-content\/uploads\/sites\/7\/FE-Logo.png\" alt=\"\" class=\"wp-image-192\" style=\"aspect-ratio:1.290251916757941;width:113px;height:auto\" srcset=\"https:\/\/avenir-inclusif.prestage.ch\/ge\/wp-content\/uploads\/sites\/7\/FE-Logo.png 1178w, https:\/\/avenir-inclusif.prestage.ch\/ge\/wp-content\/uploads\/sites\/7\/FE-Logo-900x698.png 900w, https:\/\/avenir-inclusif.prestage.ch\/ge\/wp-content\/uploads\/sites\/7\/FE-Logo-768x595.png 768w\" sizes=\"auto, (max-width: 1178px) 100vw, 1178px\" \/><\/a><\/figure>\n\n\n\n<p>Ensemble<\/p>\n\n\n\n<figure class=\"wp-block-image size-full is-resized\"><a href=\"https:\/\/www.epi.ge.ch\/les-epi\/accueil\/\"><img loading=\"lazy\" decoding=\"async\" width=\"217\" height=\"193\" src=\"https:\/\/avenir-inclusif.prestage.ch\/ge\/wp-content\/uploads\/sites\/7\/EPI_CMJN.jpg\" alt=\"\" class=\"wp-image-156\" style=\"aspect-ratio:1.1243523316062176;width:102px;height:auto\" \/><\/a><\/figure>\n\n\n\n<p>EPI<\/p>\n\n\n\n<figure class=\"wp-block-image size-full is-resized\"><a href=\"https:\/\/foyer-handicap.ch\/la-fondation\/\"><img loading=\"lazy\" decoding=\"async\" width=\"674\" height=\"138\" src=\"https:\/\/avenir-inclusif.prestage.ch\/ge\/wp-content\/uploads\/sites\/7\/FFH_logo_couleurs.png\" alt=\"\" class=\"wp-image-154\" style=\"aspect-ratio:4.884057971014493;width:216px;height:auto\" \/><\/a><\/figure>\n\n\n\n<p>Foyer-Handicap<\/p>\n\n\n\n<figure class=\"wp-block-image size-full is-resized\"><a href=\"https:\/\/insos-geneve.ch\/\"><img loading=\"lazy\" decoding=\"async\" width=\"207\" height=\"84\" src=\"https:\/\/avenir-inclusif.prestage.ch\/ge\/wp-content\/uploads\/sites\/7\/INSOSgeneve_logo.jpg\" alt=\"\" class=\"wp-image-157\" style=\"aspect-ratio:2.4642857142857144;width:199px;height:auto\" \/><\/a><\/figure>\n\n\n\n<p>INSOS Gen\u00e8ve<\/p>\n\n\n\n<figure class=\"wp-block-image size-large is-resized\"><a href=\"https:\/\/arche-suisse.ch\/larche-la-corolle-geneve-3\/\"><img loading=\"lazy\" decoding=\"async\" width=\"1200\" height=\"518\" src=\"https:\/\/avenir-inclusif.prestage.ch\/ge\/wp-content\/uploads\/sites\/7\/LArche_La-Corolle_BLUE_On_WHITE_1000px_Horizontal_RGB-1200x518.jpg\" alt=\"\" class=\"wp-image-158\" style=\"aspect-ratio:2.3166023166023164;width:203px;height:auto\" srcset=\"https:\/\/avenir-inclusif.prestage.ch\/ge\/wp-content\/uploads\/sites\/7\/LArche_La-Corolle_BLUE_On_WHITE_1000px_Horizontal_RGB-1200x518.jpg 1200w, https:\/\/avenir-inclusif.prestage.ch\/ge\/wp-content\/uploads\/sites\/7\/LArche_La-Corolle_BLUE_On_WHITE_1000px_Horizontal_RGB-900x388.jpg 900w, https:\/\/avenir-inclusif.prestage.ch\/ge\/wp-content\/uploads\/sites\/7\/LArche_La-Corolle_BLUE_On_WHITE_1000px_Horizontal_RGB-768x331.jpg 768w, https:\/\/avenir-inclusif.prestage.ch\/ge\/wp-content\/uploads\/sites\/7\/LArche_La-Corolle_BLUE_On_WHITE_1000px_Horizontal_RGB-1536x663.jpg 1536w, https:\/\/avenir-inclusif.prestage.ch\/ge\/wp-content\/uploads\/sites\/7\/LArche_La-Corolle_BLUE_On_WHITE_1000px_Horizontal_RGB-2048x884.jpg 2048w\" sizes=\"auto, (max-width: 1200px) 100vw, 1200px\" \/><\/a><\/figure>\n\n\n\n<p>La Corolle<\/p>\n\n\n\n<figure class=\"wp-block-image size-full is-resized\"><a href=\"https:\/\/sgipa.ch\/\"><img loading=\"lazy\" decoding=\"async\" width=\"622\" height=\"383\" src=\"https:\/\/avenir-inclusif.prestage.ch\/ge\/wp-content\/uploads\/sites\/7\/sgipa_logo05_seul_couleur_pantone.jpg\" alt=\"\" class=\"wp-image-159\" style=\"aspect-ratio:1.6240208877284594;width:167px;height:auto\" \/><\/a><\/figure>\n\n\n\n<p>Sgipa<\/p>\n\n\n\n<figure class=\"wp-block-image size-full is-resized\"><a href=\"https:\/\/www.trajets.org\/\"><img loading=\"lazy\" decoding=\"async\" width=\"814\" height=\"280\" src=\"https:\/\/avenir-inclusif.prestage.ch\/ge\/wp-content\/uploads\/sites\/7\/trajets.jpg\" alt=\"\" class=\"wp-image-160\" style=\"aspect-ratio:2.907142857142857;width:161px;height:auto\" srcset=\"https:\/\/avenir-inclusif.prestage.ch\/ge\/wp-content\/uploads\/sites\/7\/trajets.jpg 814w, https:\/\/avenir-inclusif.prestage.ch\/ge\/wp-content\/uploads\/sites\/7\/trajets-768x264.jpg 768w\" sizes=\"auto, (max-width: 814px) 100vw, 814px\" \/><\/a><\/figure>\n\n\n\n<p>Trajets <\/p>\n\n\n\n<h2 class=\"wp-block-heading\"><strong><font size=\"+3\">Les institutions partenaires<\/font><\/strong><\/h2>\n\n\n\n<figure class=\"wp-block-image size-full is-resized\"><a href=\"https:\/\/www.tpg.ch\/\"><img loading=\"lazy\" decoding=\"async\" width=\"257\" height=\"100\" src=\"https:\/\/avenir-inclusif.prestage.ch\/ge\/wp-content\/uploads\/sites\/7\/tpg_logo_07_quadri-1.png\" alt=\"\" class=\"wp-image-202\" style=\"aspect-ratio:2.57;width:149px;height:auto\" \/><\/a><\/figure>\n\n\n\n<p>Transports publics genevois<\/p>\n\n\n\n<figure class=\"wp-block-image size-full is-resized\"><a href=\"https:\/\/www.unige.ch\/\"><img loading=\"lazy\" decoding=\"async\" width=\"581\" height=\"210\" src=\"https:\/\/avenir-inclusif.prestage.ch\/ge\/wp-content\/uploads\/sites\/7\/UNIGE50.jpg\" alt=\"\" class=\"wp-image-227\" style=\"aspect-ratio:2.7666666666666666;width:235px;height:auto\" \/><\/a><\/figure>\n\n\n\n<p>Universit\u00e9 de Gen\u00e8ve<\/p>\n\n\n\n<p><\/p>\n\n\n\n<p>Nous sommes fi\u00e8res et fiers d&rsquo;avoir collabor\u00e9 ensemble pour renforcer les droits des personnes handicap\u00e9es.<\/p>\n\n\n\n<h2 class=\"wp-block-heading\"><strong><font size=\"+3\">Avec le soutien de<\/font><\/strong><\/h2>\n\n\n\n<figure class=\"wp-block-image size-large is-resized\"><a href=\"https:\/\/www.loro.ch\/fr\"><img loading=\"lazy\" decoding=\"async\" width=\"1200\" height=\"418\" src=\"https:\/\/avenir-inclusif.prestage.ch\/ge\/wp-content\/uploads\/sites\/7\/LoRo-LogoBeneficiaires-RVB-1200x418.jpg\" alt=\"\" class=\"wp-image-235\" style=\"aspect-ratio:2.8708133971291865;width:270px;height:auto\" srcset=\"https:\/\/avenir-inclusif.prestage.ch\/ge\/wp-content\/uploads\/sites\/7\/LoRo-LogoBeneficiaires-RVB-1200x418.jpg 1200w, https:\/\/avenir-inclusif.prestage.ch\/ge\/wp-content\/uploads\/sites\/7\/LoRo-LogoBeneficiaires-RVB-900x314.jpg 900w, https:\/\/avenir-inclusif.prestage.ch\/ge\/wp-content\/uploads\/sites\/7\/LoRo-LogoBeneficiaires-RVB-768x268.jpg 768w, https:\/\/avenir-inclusif.prestage.ch\/ge\/wp-content\/uploads\/sites\/7\/LoRo-LogoBeneficiaires-RVB-1536x535.jpg 1536w, https:\/\/avenir-inclusif.prestage.ch\/ge\/wp-content\/uploads\/sites\/7\/LoRo-LogoBeneficiaires-RVB-2048x714.jpg 2048w\" sizes=\"auto, (max-width: 1200px) 100vw, 1200px\" \/><\/a><\/figure>\n\n\n\n<p>Loterie romande<\/p>\n\n\n\n<p><strong><font size=\"+3\"> <\/font><\/strong><\/p>\n\n\n\n<p><\/p>\n\n\n\n<h2 class=\"wp-block-heading\">Ont notamment organis\u00e9 des actions:<\/h2>\n\n\n\n<p><\/p>\n","protected":false},"excerpt":{"rendered":"<p>Vous trouvez ici la liste des partenaires qui ont organis\u00e9 et ont particip\u00e9 aux journ\u00e9es d&rsquo;action sur les droits des personnes handicap\u00e9es 2024. Les pouvoirs publics Le Canton de Gen\u00e8ve, au travers du D\u00e9partement de la coh\u00e9sion sociale (DCS) et du D\u00e9partement de l&rsquo;instruction publique (DIP) La Ville de Gen\u00e8ve, au travers du D\u00e9partement de [&hellip;]<\/p>\n","protected":false},"author":1,"featured_media":0,"parent":0,"menu_order":4,"comment_status":"closed","ping_status":"closed","template":"page-templates\/partner_page.php","meta":{"_acf_changed":false,"_genesis_hide_title":false,"_genesis_hide_breadcrumbs":false,"_genesis_hide_singular_image":false,"_genesis_hide_footer_widgets":false,"_genesis_custom_body_class":"","_genesis_custom_post_class":"","_genesis_layout":"","footnotes":""},"class_list":{"0":"post-24","1":"page","2":"type-page","3":"status-publish","5":"entry"},"acf":[],"_links":{"self":[{"href":"https:\/\/avenir-inclusif.prestage.ch\/ge\/wp-json\/wp\/v2\/pages\/24","targetHints":{"allow":["GET"]}}],"collection":[{"href":"https:\/\/avenir-inclusif.prestage.ch\/ge\/wp-json\/wp\/v2\/pages"}],"about":[{"href":"https:\/\/avenir-inclusif.prestage.ch\/ge\/wp-json\/wp\/v2\/types\/page"}],"author":[{"embeddable":true,"href":"https:\/\/avenir-inclusif.prestage.ch\/ge\/wp-json\/wp\/v2\/users\/1"}],"replies":[{"embeddable":true,"href":"https:\/\/avenir-inclusif.prestage.ch\/ge\/wp-json\/wp\/v2\/comments?post=24"}],"version-history":[{"count":58,"href":"https:\/\/avenir-inclusif.prestage.ch\/ge\/wp-json\/wp\/v2\/pages\/24\/revisions"}],"predecessor-version":[{"id":739,"href":"https:\/\/avenir-inclusif.prestage.ch\/ge\/wp-json\/wp\/v2\/pages\/24\/revisions\/739"}],"wp:attachment":[{"href":"https:\/\/avenir-inclusif.prestage.ch\/ge\/wp-json\/wp\/v2\/media?parent=24"}],"curies":[{"name":"wp","href":"https:\/\/api.w.org\/{rel}","templated":true}]}}