{"id":22,"date":"2023-07-28T14:00:24","date_gmt":"2023-07-28T12:00:24","guid":{"rendered":"https:\/\/zukunft-inklusion.ch.prestage.ch\/ge\/?page_id=22"},"modified":"2024-06-05T15:41:27","modified_gmt":"2024-06-05T13:41:27","slug":"calendrier","status":"publish","type":"page","link":"https:\/\/avenir-inclusif.prestage.ch\/ge\/calendrier\/","title":{"rendered":"Calendrier"},"content":{"rendered":"\n<p class=\"has-black-color has-text-color\">Une cinquantaine d&rsquo;\u00e9v\u00e9nements se d\u00e9roulent \u00e0 Gen\u00e8ve dans le cadre des Journ\u00e9es nationales d\u2019action pour les droits des personnes handicap\u00e9es. Consultez la liste des actions ci-dessous pour y participer !<\/p>\n\n\n\n<p><em><strong>15 mai 2024 &#8211; C\u00e9r\u00e9monie d\u2019ouverture des Journ\u00e9es d&rsquo;action \u00e0 Zurich<\/strong><\/em><\/p>\n\n\n\n<p><em><strong><a href=\"https:\/\/avenir-inclusif.prestage.ch\/ge\/ceremonie-nationale-de-cloture-des-journees-daction-2024\/\">15 juin 2024 &#8211; C\u00e9r\u00e9monie de cl\u00f4ture nationale \u00e0 Gen\u00e8ve<\/a><\/strong><\/em><\/p>\n\n\n\n<p><\/p>\n","protected":false},"excerpt":{"rendered":"<p>Une cinquantaine d&rsquo;\u00e9v\u00e9nements se d\u00e9roulent \u00e0 Gen\u00e8ve dans le cadre des Journ\u00e9es nationales d\u2019action pour les droits des personnes handicap\u00e9es. Consultez la liste des actions ci-dessous pour y participer ! 15 mai 2024 &#8211; C\u00e9r\u00e9monie d\u2019ouverture des Journ\u00e9es d&rsquo;action \u00e0 Zurich 15 juin 2024 &#8211; C\u00e9r\u00e9monie de cl\u00f4ture nationale \u00e0 Gen\u00e8ve<\/p>\n","protected":false},"author":1,"featured_media":0,"parent":0,"menu_order":3,"comment_status":"closed","ping_status":"closed","template":"page-templates\/calendar_page.php","meta":{"_acf_changed":false,"_genesis_hide_title":false,"_genesis_hide_breadcrumbs":false,"_genesis_hide_singular_image":false,"_genesis_hide_footer_widgets":false,"_genesis_custom_body_class":"","_genesis_custom_post_class":"","_genesis_layout":"","footnotes":""},"class_list":{"0":"post-22","1":"page","2":"type-page","3":"status-publish","5":"entry"},"acf":[],"_links":{"self":[{"href":"https:\/\/avenir-inclusif.prestage.ch\/ge\/wp-json\/wp\/v2\/pages\/22","targetHints":{"allow":["GET"]}}],"collection":[{"href":"https:\/\/avenir-inclusif.prestage.ch\/ge\/wp-json\/wp\/v2\/pages"}],"about":[{"href":"https:\/\/avenir-inclusif.prestage.ch\/ge\/wp-json\/wp\/v2\/types\/page"}],"author":[{"embeddable":true,"href":"https:\/\/avenir-inclusif.prestage.ch\/ge\/wp-json\/wp\/v2\/users\/1"}],"replies":[{"embeddable":true,"href":"https:\/\/avenir-inclusif.prestage.ch\/ge\/wp-json\/wp\/v2\/comments?post=22"}],"version-history":[{"count":14,"href":"https:\/\/avenir-inclusif.prestage.ch\/ge\/wp-json\/wp\/v2\/pages\/22\/revisions"}],"predecessor-version":[{"id":662,"href":"https:\/\/avenir-inclusif.prestage.ch\/ge\/wp-json\/wp\/v2\/pages\/22\/revisions\/662"}],"wp:attachment":[{"href":"https:\/\/avenir-inclusif.prestage.ch\/ge\/wp-json\/wp\/v2\/media?parent=22"}],"curies":[{"name":"wp","href":"https:\/\/api.w.org\/{rel}","templated":true}]}}