{"id":5,"date":"2023-07-28T14:00:17","date_gmt":"2023-07-28T12:00:17","guid":{"rendered":"https:\/\/zukunft-inklusion.ch.prestage.ch\/ge\/?page_id=5"},"modified":"2024-07-09T14:33:24","modified_gmt":"2024-07-09T12:33:24","slug":"projet","status":"publish","type":"page","link":"https:\/\/avenir-inclusif.prestage.ch\/fr\/projet\/","title":{"rendered":"Projet"},"content":{"rendered":"\n<h2 class=\"wp-block-heading\">Qui sommes-nous&nbsp;?<\/h2>\n\n\n\n<p>La Direction de la sant\u00e9 et des affaires sociales du canton de Fribourg (<a href=\"https:\/\/www.fr.ch\/dsas\">DSAS<\/a>), par son service de la pr\u00e9voyance sociale (<a href=\"https:\/\/www.fr.ch\/dsas\/sps\">SPS<\/a>), a organis\u00e9 les Journ\u00e9es d\u2019action pour les droits des personnes handicap\u00e9es 2024 dans le canton de Fribourg.<\/p>\n\n\n\n<p>Les Journ\u00e9es nationales d&rsquo;action sur les droits des personnes handicap\u00e9es 2024 ont \u00e9t\u00e9 coordonn\u00e9es et g\u00e9r\u00e9es par le Bureau f\u00e9d\u00e9ral de l&rsquo;\u00e9galit\u00e9 pour les personnes handicap\u00e9es (<a rel=\"noreferrer noopener\" href=\"https:\/\/www.edi.admin.ch\/edi\/fr\/home\/fachstellen\/aktuell.html\" target=\"_blank\">BFEH<\/a>). La Conf\u00e9rence des directrices et directeurs cantonaux des affaires sociales (<a rel=\"noreferrer noopener\" href=\"https:\/\/www.sodk.ch\/fr\/\" target=\"_blank\">CDAS<\/a>) a soutenu l&rsquo;approche participative de cette campagne et la consid\u00e8re comme un moyen important pour sensibiliser le public en Suisse aux pr\u00e9occupations des personnes handicap\u00e9es.<\/p>\n\n\n\n<h2 class=\"wp-block-heading\">Qu&rsquo;est-ce qu&rsquo;on a fait&nbsp;?<\/h2>\n\n\n\n<p>Avec nos partenaires, nous avons pr\u00e9par\u00e9 les prochaines Journ\u00e9es d\u2019action des droits des personnes handicap\u00e9es. Celles-ci ont eu lieu juste \u00e0 temps pour le 10e anniversaire de la <a rel=\"noreferrer noopener\" href=\"https:\/\/www.fedlex.admin.ch\/eli\/cc\/2014\/245\/fr\" target=\"_blank\">CDPH<\/a> en Suisse et le 20e anniversaire de la loi sur l&rsquo;\u00e9galit\u00e9 des personnes handicap\u00e9es (<a rel=\"noreferrer noopener\" href=\"https:\/\/www.fedlex.admin.ch\/eli\/cc\/2003\/667\/fr\" target=\"_blank\">LHand<\/a>), du 15 mai au 15 juin 2024.<\/p>\n\n\n\n<p><\/p>\n\n\n\n<h2 class=\"wp-block-heading\">Pourquoi tout cela&nbsp;?<\/h2>\n\n\n\n<p><\/p>\n\n\n\n<p>La Convention de l\u2019ONU relative aux droits des personnes handicap\u00e9es (<a rel=\"noreferrer noopener\" href=\"https:\/\/www.fedlex.admin.ch\/eli\/cc\/2014\/245\/fr\" target=\"_blank\">CDPH<\/a>) doit \u00eatre mise en \u0153uvre en Suisse. Le canton de Fribourg veut participer \u00e0 cet effort commun et rendre visible ces th\u00e8mes aupr\u00e8s du grand public.<\/p>\n\n\n\n<p><\/p>\n\n\n\n<h2 class=\"wp-block-heading\">Quelle est notre vision&nbsp;?<\/h2>\n\n\n\n<p>La diff\u00e9rence, un enrichissement pour notre soci\u00e9t\u00e9.<\/p>\n\n\n\n<p>Le canton de Fribourg entend permettre \u00e0 toute personne en situation de handicap de trouver sa place au sein de notre soci\u00e9t\u00e9, en veillant au respect de son autonomie et de son droit \u00e0 l\u2019autod\u00e9termination.<\/p>\n\n\n\n<p>Le canton soutient donc les actions qui vont dans le sens de la mise en \u0153uvre de la Convention de l\u2019ONU relative aux droits des personnes handicap\u00e9es.<\/p>\n\n\n\n<h2 class=\"wp-block-heading\">Quels \u00e9taient nos objectifs&nbsp;?<\/h2>\n\n\n\n<p>Les journ\u00e9es d\u2019action ont offert une visibilit\u00e9 \u00e0 des projets qui font progresser la mise en \u0153uvre concr\u00e8te des principes de la CDPH.<\/p>\n\n\n\n<h2 class=\"wp-block-heading\">Quels \u00e9taient nos crit\u00e8res de qualit\u00e9&nbsp;?<\/h2>\n\n\n\n<p>Les actions devaient avoir un lien avec la CDPH, garantir l\u2019inclusion des personnes handicap\u00e9es et \u00eatre accessibles au plus grand nombre.<\/p>\n","protected":false},"excerpt":{"rendered":"<p>Qui sommes-nous&nbsp;? La Direction de la sant\u00e9 et des affaires sociales du canton de Fribourg (DSAS), par son service de la pr\u00e9voyance sociale (SPS), a organis\u00e9 les Journ\u00e9es d\u2019action pour les droits des personnes handicap\u00e9es 2024 dans le canton de Fribourg. Les Journ\u00e9es nationales d&rsquo;action sur les droits des personnes handicap\u00e9es 2024 ont \u00e9t\u00e9 coordonn\u00e9es [&hellip;]<\/p>\n","protected":false},"author":1,"featured_media":0,"parent":0,"menu_order":2,"comment_status":"closed","ping_status":"closed","template":"page-templates\/concept_page.php","meta":{"_acf_changed":false,"_genesis_hide_title":false,"_genesis_hide_breadcrumbs":false,"_genesis_hide_singular_image":false,"_genesis_hide_footer_widgets":false,"_genesis_custom_body_class":"","_genesis_custom_post_class":"","_genesis_layout":"","footnotes":""},"class_list":{"0":"post-5","1":"page","2":"type-page","3":"status-publish","5":"entry"},"acf":[],"_links":{"self":[{"href":"https:\/\/avenir-inclusif.prestage.ch\/fr\/wp-json\/wp\/v2\/pages\/5","targetHints":{"allow":["GET"]}}],"collection":[{"href":"https:\/\/avenir-inclusif.prestage.ch\/fr\/wp-json\/wp\/v2\/pages"}],"about":[{"href":"https:\/\/avenir-inclusif.prestage.ch\/fr\/wp-json\/wp\/v2\/types\/page"}],"author":[{"embeddable":true,"href":"https:\/\/avenir-inclusif.prestage.ch\/fr\/wp-json\/wp\/v2\/users\/1"}],"replies":[{"embeddable":true,"href":"https:\/\/avenir-inclusif.prestage.ch\/fr\/wp-json\/wp\/v2\/comments?post=5"}],"version-history":[{"count":10,"href":"https:\/\/avenir-inclusif.prestage.ch\/fr\/wp-json\/wp\/v2\/pages\/5\/revisions"}],"predecessor-version":[{"id":610,"href":"https:\/\/avenir-inclusif.prestage.ch\/fr\/wp-json\/wp\/v2\/pages\/5\/revisions\/610"}],"wp:attachment":[{"href":"https:\/\/avenir-inclusif.prestage.ch\/fr\/wp-json\/wp\/v2\/media?parent=5"}],"curies":[{"name":"wp","href":"https:\/\/api.w.org\/{rel}","templated":true}]}}