{"id":36,"date":"2023-07-28T14:00:30","date_gmt":"2023-07-28T12:00:30","guid":{"rendered":"https:\/\/zukunft-inklusion.ch.prestage.ch\/ge\/?page_id=36"},"modified":"2024-04-22T13:54:59","modified_gmt":"2024-04-22T11:54:59","slug":"impressum","status":"publish","type":"page","link":"https:\/\/avenir-inclusif.prestage.ch\/fr\/impressum\/","title":{"rendered":"Impressum"},"content":{"rendered":"\n<p><\/p>\n\n\n\n<p>Adresse email : <a href=\"mailto:\" data-eml-encoded-attr=\"YzNCekpUUXdabkl1WTJnPQ==\"><span data-eml-encoded-html><label>(E-Mail)<\/label><var aria-hidden=\"true\" style=\"display:none\">YzNCekpUUXdabkl1WTJnPQ==<\/var><\/span><\/a><\/p>\n\n\n\n<p>T\u00e9l\u00e9phone: 026 305 29 68<\/p>\n\n\n\n<p>ou \u00e0 l\u2019adresse postale :<\/p>\n\n\n\n<p>Service de la pr\u00e9voyance sociale<br>Route des Cliniques 17<br>1701 Fribourg<\/p>\n\n\n\n<p><\/p>\n","protected":false},"excerpt":{"rendered":"<p>Adresse email : (E-Mail)YzNCekpUUXdabkl1WTJnPQ== T\u00e9l\u00e9phone: 026 305 29 68 ou \u00e0 l\u2019adresse postale : Service de la pr\u00e9voyance socialeRoute des Cliniques 171701 Fribourg<\/p>\n","protected":false},"author":1,"featured_media":0,"parent":0,"menu_order":12,"comment_status":"closed","ping_status":"closed","template":"page-templates\/imprint_page.php","meta":{"_acf_changed":false,"_genesis_hide_title":false,"_genesis_hide_breadcrumbs":false,"_genesis_hide_singular_image":false,"_genesis_hide_footer_widgets":false,"_genesis_custom_body_class":"","_genesis_custom_post_class":"","_genesis_layout":"","footnotes":""},"class_list":{"0":"post-36","1":"page","2":"type-page","3":"status-publish","5":"entry"},"acf":[],"_links":{"self":[{"href":"https:\/\/avenir-inclusif.prestage.ch\/fr\/wp-json\/wp\/v2\/pages\/36","targetHints":{"allow":["GET"]}}],"collection":[{"href":"https:\/\/avenir-inclusif.prestage.ch\/fr\/wp-json\/wp\/v2\/pages"}],"about":[{"href":"https:\/\/avenir-inclusif.prestage.ch\/fr\/wp-json\/wp\/v2\/types\/page"}],"author":[{"embeddable":true,"href":"https:\/\/avenir-inclusif.prestage.ch\/fr\/wp-json\/wp\/v2\/users\/1"}],"replies":[{"embeddable":true,"href":"https:\/\/avenir-inclusif.prestage.ch\/fr\/wp-json\/wp\/v2\/comments?post=36"}],"version-history":[{"count":4,"href":"https:\/\/avenir-inclusif.prestage.ch\/fr\/wp-json\/wp\/v2\/pages\/36\/revisions"}],"predecessor-version":[{"id":478,"href":"https:\/\/avenir-inclusif.prestage.ch\/fr\/wp-json\/wp\/v2\/pages\/36\/revisions\/478"}],"wp:attachment":[{"href":"https:\/\/avenir-inclusif.prestage.ch\/fr\/wp-json\/wp\/v2\/media?parent=36"}],"curies":[{"name":"wp","href":"https:\/\/api.w.org\/{rel}","templated":true}]}}