{"id":30,"date":"2023-07-28T14:00:37","date_gmt":"2023-07-28T12:00:37","guid":{"rendered":"https:\/\/zukunft-inklusion.ch.prestage.ch\/ge\/?page_id=30"},"modified":"2024-04-22T13:54:29","modified_gmt":"2024-04-22T11:54:29","slug":"medias","status":"publish","type":"page","link":"https:\/\/avenir-inclusif.prestage.ch\/fr\/medias\/","title":{"rendered":"M\u00e9dias"},"content":{"rendered":"\n<h2 class=\"wp-block-heading\">Articles de presse sur les journ\u00e9es d&rsquo;action<\/h2>\n\n\n\n<p>Vous trouverez ici une compilation des contributions des m\u00e9dias aux journ\u00e9es d&rsquo;action Droits des personnes handicap\u00e9es 2024.<\/p>\n\n\n<div role=\"list\" class=\"cst-mediapub-list cst-mediapub-list-page\" aria-live=\"polite\"><div role=\"listitem\" class=\"cst-mediapub-listitem cst-mediapub-listitem-show\" id=\"mediapub_645\" data-index=\"1\"><h3 class=\"h5 cst-mediapub-post-title\">Freiburger Nachrichten<\/h3><p>Menschen mit Behinderungen haben Rechte, um bestm\u00f6glich in die Gesellschaft integriert zu werden. Daran erinnert ab dem 15. Mai eine einmonatige Kampagne im Kanton, an der sich 30 Organisationen mit 5<\/p><!--  --><a href=\"https:\/\/www.freiburger-nachrichten.ch\/50-aktionen-betonen-die-rechte-von-menschen-mit-behinderung\/\" target=\"_blank\" aria-label=\"Lire l\u2019article de presse \u2013 Freiburger Nachrichten\" class=\"more-link\">Lire l\u2019article de presse<\/a><\/div><div role=\"listitem\" class=\"cst-mediapub-listitem cst-mediapub-listitem-show\" id=\"mediapub_642\" data-index=\"2\"><h3 class=\"h5 cst-mediapub-post-title\">Freiburger Nachrichten<\/h3><p>Die Stiftung \u00abFootball is more\u00bb f\u00fchrt in D\u00fcdingen zum ersten Mal einen J&amp;S-Kurs f\u00fcr Inklusion im Teamsport anhand des Beispiels Fussball durch. Es ist eine Premiere in der Westschweiz.<\/p><!--  --><a href=\"https:\/\/www.freiburger-nachrichten.ch\/damit-menschen-mit-beeintraechtigung-mittendrin-statt-nur-dabei-sind\/\" target=\"_blank\" aria-label=\"Lire l\u2019article de presse \u2013 Freiburger Nachrichten\" class=\"more-link\">Lire l\u2019article de presse<\/a><\/div><div role=\"listitem\" class=\"cst-mediapub-listitem cst-mediapub-listitem-show\" id=\"mediapub_641\" data-index=\"3\"><h3 class=\"h5 cst-mediapub-post-title\">Fr-app<\/h3><p>Zehn Jahre Rechte und Anerkennung\r\nDer Kanton Freiburg feiert das zehnj\u00e4hrige Bestehen der UNO-Konvention \u00fcber die Rechte von Menschen mit Beeintr\u00e4chtigung.<\/p><!--  --><a href=\"https:\/\/frapp.ch\/de\/articles\/stories\/zehn-jahre-rechte-und-anerkennung\" target=\"_blank\" aria-label=\"Lire l\u2019article de presse \u2013 Fr-app\" class=\"more-link\">Lire l\u2019article de presse<\/a><\/div><div role=\"listitem\" class=\"cst-mediapub-listitem cst-mediapub-listitem-show\" id=\"mediapub_628\" data-index=\"4\"><h3 class=\"h5 cst-mediapub-post-title\">Fr-app<\/h3><p>\u00ab\u00a0Fussball ist f\u00fcr alle\u00a0\u00bb\r\nAm Wochenende fand in D\u00fcdingen ein J+S-Trainerkurs mit Fokus auf Inklusion statt. Wir waren vor Ort.<\/p><!--  --><a href=\"https:\/\/frapp.ch\/de\/articles\/stories\/football-is-more\" target=\"_blank\" aria-label=\"Lire l\u2019article de presse \u2013 Fr-app\" class=\"more-link\">Lire l\u2019article de presse<\/a><\/div><div role=\"listitem\" class=\"cst-mediapub-listitem cst-mediapub-listitem-show\" id=\"mediapub_627\" data-index=\"5\"><h3 class=\"h5 cst-mediapub-post-title\">Fr-app<\/h3><p>C\u00e9l\u00e9brer dix ans de droits et de reconnaissance\r\nLe canton de Fribourg c\u00e9l\u00e8bre les 10 ans de la Convention de l&rsquo;ONU pour les droits des personnes en situation de handicap.<\/p><!--  --><a href=\"https:\/\/frapp.ch\/fr\/articles\/stories\/dix-ans-de-droits-et-de-reconnaissance\" target=\"_blank\" aria-label=\"Lire l\u2019article de presse \u2013 Fr-app\" class=\"more-link\">Lire l\u2019article de presse<\/a><\/div><div role=\"listitem\" class=\"cst-mediapub-listitem cst-mediapub-listitem-show\" id=\"mediapub_626\" data-index=\"6\"><h3 class=\"h5 cst-mediapub-post-title\">Fr-app<\/h3><p>Une immersion en langue des signes dans la ville de Romont\r\nDans le cadre des journ\u00e9es d&rsquo;action pour les droits des personnes handicap\u00e9es, une visite de Romont en langue des signes a \u00e9t\u00e9 organis\u00e9e. <\/p><!--  --><a href=\"https:\/\/frapp.ch\/fr\/articles\/stories\/immersion-signee-dans-la-ville-de-romont\" target=\"_blank\" aria-label=\"Lire l\u2019article de presse \u2013 Fr-app\" class=\"more-link\">Lire l\u2019article de presse<\/a><\/div><div role=\"listitem\" class=\"cst-mediapub-listitem cst-mediapub-listitem-show\" id=\"mediapub_625\" data-index=\"7\"><h3 class=\"h5 cst-mediapub-post-title\">Fr-app<\/h3><p>Cin\u00e9ma inclusif: un western \u00e0 la sauce fribourgeoise\r\nCe samedi, sportifs et artistes en situation de handicap animeront la place Georges-Python pour la premi\u00e8re \u00e9dition de La Cour des Passions.<\/p><!--  --><a href=\"https:\/\/frapp.ch\/fr\/articles\/stories\/cinema-inclusif-un-western-a-la-sauce-fribourgeoise\" target=\"_blank\" aria-label=\"Lire l\u2019article de presse \u2013 Fr-app\" class=\"more-link\">Lire l\u2019article de presse<\/a><\/div><div role=\"listitem\" class=\"cst-mediapub-listitem \" id=\"mediapub_624\" data-index=\"8\"><h3 class=\"h5 cst-mediapub-post-title\">Fr-app<\/h3><p>Taper dans le ballon rond pour l&rsquo;inclusion\r\nCe week-end, un cours d&rsquo;entra\u00eeneurs ax\u00e9 sur l&rsquo;inclusion dans le football a eu lieu \u00e0 Guin. Reportage.<\/p><!--  --><a href=\"https:\/\/frapp.ch\/fr\/articles\/stories\/le-sport-un-enjeu-pour-linclusion\" target=\"_blank\" aria-label=\"Lire l\u2019article de presse \u2013 Fr-app\" class=\"more-link\">Lire l\u2019article de presse<\/a><\/div><div role=\"listitem\" class=\"cst-mediapub-listitem \" id=\"mediapub_623\" data-index=\"9\"><h3 class=\"h5 cst-mediapub-post-title\">La Libert\u00e9<\/h3><p>Canton: Des Journ\u00e9es d\u2019action pour marquer les droits des personnes en situation de handicap\r\nLe canton c\u00e9l\u00e9brera les droits des personnes en situation de handicap du 15 mai au 15 juin prochains.<\/p><!--  --><a href=\"https:\/\/www.laliberte.ch\/news\/regions\/canton-des-journees-d-action-pour-marquer-les-droits-des-personnes-en-situation-de-handicap-729214\" target=\"_blank\" aria-label=\"Lire l\u2019article de presse \u2013 La Libert\u00e9\" class=\"more-link\">Lire l\u2019article de presse<\/a><\/div><div role=\"listitem\" class=\"cst-mediapub-listitem \" id=\"mediapub_622\" data-index=\"10\"><h3 class=\"h5 cst-mediapub-post-title\">La Libert\u00e9<\/h3><p>Soci\u00e9t\u00e9: Des solutions pour aller au-del\u00e0 du handicap\r\nL\u2019association Cerebral Fribourg, qui accompagne les personnes en situation de handicap et leurs proches, f\u00eate ses 60 ans.<\/p><!--  --><a href=\"https:\/\/www.laliberte.ch\/news\/regions\/societe-des-solutions-pour-aller-au-dela-du-handicap-731160\" target=\"_blank\" aria-label=\"Lire l\u2019article de presse \u2013 La Libert\u00e9\" class=\"more-link\">Lire l\u2019article de presse<\/a><\/div><div role=\"listitem\" class=\"cst-mediapub-listitem \" id=\"mediapub_621\" data-index=\"11\"><h3 class=\"h5 cst-mediapub-post-title\">La Libert\u00e9<\/h3><p>Interview: \u00abNous voulons cr\u00e9er de nouveaux chemins\u00bb\r\nAnouchka Mollard et Miguel B\u00e9chet aident des personnes en situation de handicap \u00e0 cr\u00e9er des films.<\/p><!--  --><a href=\"https:\/\/www.laliberte.ch\/news\/regions\/interview-nous-voulons-creer-de-nouveaux-chemins-732674\" target=\"_blank\" aria-label=\"Lire l\u2019article de presse \u2013 La Libert\u00e9\" class=\"more-link\">Lire l\u2019article de presse<\/a><\/div><div role=\"listitem\" class=\"cst-mediapub-listitem \" id=\"mediapub_620\" data-index=\"12\"><h3 class=\"h5 cst-mediapub-post-title\">La Libert\u00e9<\/h3><p>Matran: Groupe E abrite un atelier du Centre d\u2019int\u00e9gration socioprofessionnelle dans ses murs\r\nGroupe E et le Centre d\u2019int\u00e9gration socioprofessionnelle (CIS) travaillent main dans la main. <\/p><!--  --><a href=\"https:\/\/www.laliberte.ch\/news\/regions\/matran-groupee-abrite-un-atelier-du-centre-d-integration-socioprofessionnelle-dans-ses-murs-733103\" target=\"_blank\" aria-label=\"Lire l\u2019article de presse \u2013 La Libert\u00e9\" class=\"more-link\">Lire l\u2019article de presse<\/a><\/div><div role=\"listitem\" class=\"cst-mediapub-listitem \" id=\"mediapub_619\" data-index=\"13\"><h3 class=\"h5 cst-mediapub-post-title\">La Libert\u00e9<\/h3><p>Reportage: Des cours pour inclure les personnes handicap\u00e9es dans le football\r\nDes instructeurs du PSG et de Stuttgart sont venus \u00e0 Guin pour former les entra\u00eeneurs \u00e0 l\u2019inclusion.\r\n\r\n<\/p><!--  --><a href=\"https:\/\/www.laliberte.ch\/news\/sports\/football\/reportage-des-cours-pour-inclure-les-personnes-handicapees-dans-le-football-734439\" target=\"_blank\" aria-label=\"Lire l\u2019article de presse \u2013 La Libert\u00e9\" class=\"more-link\">Lire l\u2019article de presse<\/a><\/div><div role=\"listitem\" class=\"cst-mediapub-listitem \" id=\"mediapub_616\" data-index=\"14\"><h3 class=\"h5 cst-mediapub-post-title\">FR-app<\/h3><img loading=\"lazy\" decoding=\"async\" width=\"1200\" height=\"675\" src=\"https:\/\/avenir-inclusif.prestage.ch\/fr\/wp-content\/uploads\/sites\/21\/Clos-Fleuri-Fr-app.jpg\" class=\"attachment-medium-large size-medium-large\" alt=\"B\u00e9n\u00e9ficiaires de Clos-Fleuri\" srcset=\"https:\/\/avenir-inclusif.prestage.ch\/fr\/wp-content\/uploads\/sites\/21\/Clos-Fleuri-Fr-app.jpg 1200w, https:\/\/avenir-inclusif.prestage.ch\/fr\/wp-content\/uploads\/sites\/21\/Clos-Fleuri-Fr-app-900x506.jpg 900w, https:\/\/avenir-inclusif.prestage.ch\/fr\/wp-content\/uploads\/sites\/21\/Clos-Fleuri-Fr-app-768x432.jpg 768w\" sizes=\"auto, (max-width: 1200px) 100vw, 1200px\" \/><p>\u00ab\u00a0On ne peut pas passer partout en chaise roulante\u00a0\u00bb\r\nSe mettre \u00e0 la place d&rsquo;une personne en situation de handicap: Clos Fleuri l&rsquo;a propos\u00e9 le temps de deux demi-journ\u00e9es en ville de Bulle.<\/p><!--  --><a href=\"https:\/\/frapp.ch\/fr\/articles\/stories\/clos-fleuris-accessibilite-ville-de-bulle\" target=\"_blank\" aria-label=\"Lire l\u2019article de presse \u2013 FR-app\" class=\"more-link\">Lire l\u2019article de presse<\/a><\/div><button class=\"cst-mediapub-list-more-button\"><span>Voir plus d&rsquo;articles de presse<\/span><\/button><\/div>\n\n\n<h2 class=\"wp-block-heading\">Contacts pour les m\u00e9dias<\/h2>\n\n\n\n<p><a href=\"mailto:\" data-eml-encoded-attr=\"YzNCekpUUXdabkl1WTJnPQ==\"><span data-eml-encoded-html><label>(E-Mail)<\/label><var aria-hidden=\"true\" style=\"display:none\">YzNCekpUUXdabkl1WTJnPQ==<\/var><\/span><\/a><\/p>\n","protected":false},"excerpt":{"rendered":"<p>Articles de presse sur les journ\u00e9es d&rsquo;action Vous trouverez ici une compilation des contributions des m\u00e9dias aux journ\u00e9es d&rsquo;action Droits des personnes handicap\u00e9es 2024. Contacts pour les m\u00e9dias (E-Mail)YzNCekpUUXdabkl1WTJnPQ==<\/p>\n","protected":false},"author":1,"featured_media":0,"parent":0,"menu_order":8,"comment_status":"closed","ping_status":"closed","template":"page-templates\/media_page.php","meta":{"_acf_changed":false,"_genesis_hide_title":false,"_genesis_hide_breadcrumbs":false,"_genesis_hide_singular_image":false,"_genesis_hide_footer_widgets":false,"_genesis_custom_body_class":"","_genesis_custom_post_class":"","_genesis_layout":"","footnotes":""},"class_list":{"0":"post-30","1":"page","2":"type-page","3":"status-publish","5":"entry"},"acf":[],"_links":{"self":[{"href":"https:\/\/avenir-inclusif.prestage.ch\/fr\/wp-json\/wp\/v2\/pages\/30","targetHints":{"allow":["GET"]}}],"collection":[{"href":"https:\/\/avenir-inclusif.prestage.ch\/fr\/wp-json\/wp\/v2\/pages"}],"about":[{"href":"https:\/\/avenir-inclusif.prestage.ch\/fr\/wp-json\/wp\/v2\/types\/page"}],"author":[{"embeddable":true,"href":"https:\/\/avenir-inclusif.prestage.ch\/fr\/wp-json\/wp\/v2\/users\/1"}],"replies":[{"embeddable":true,"href":"https:\/\/avenir-inclusif.prestage.ch\/fr\/wp-json\/wp\/v2\/comments?post=30"}],"version-history":[{"count":5,"href":"https:\/\/avenir-inclusif.prestage.ch\/fr\/wp-json\/wp\/v2\/pages\/30\/revisions"}],"predecessor-version":[{"id":612,"href":"https:\/\/avenir-inclusif.prestage.ch\/fr\/wp-json\/wp\/v2\/pages\/30\/revisions\/612"}],"wp:attachment":[{"href":"https:\/\/avenir-inclusif.prestage.ch\/fr\/wp-json\/wp\/v2\/media?parent=30"}],"curies":[{"name":"wp","href":"https:\/\/api.w.org\/{rel}","templated":true}]}}