{"id":3,"date":"2023-07-28T14:00:47","date_gmt":"2023-07-28T12:00:47","guid":{"rendered":"https:\/\/zukunft-inklusion.ch.prestage.ch\/ge\/?page_id=3"},"modified":"2024-07-09T14:21:47","modified_gmt":"2024-07-09T12:21:47","slug":"startseite","status":"publish","type":"page","link":"https:\/\/avenir-inclusif.prestage.ch\/fr\/","title":{"rendered":"Avenir inclusif \u2013 Journ\u00e9es d&rsquo;action pour les droits des personnes handicap\u00e9es"},"content":{"rendered":"\n<p>Du 15\u00a0mai au 15\u00a0juin 2024, des journ\u00e9es d&rsquo;action ont eu lieu sous le slogan \u00ab\u00a0Avenir inclusif\u00a0\u00bb, dans toute la Suisse, y compris dans le canton de Fribourg.<\/p>\n\n\n\n<p><\/p>\n\n\n\n<p>La Convention de l&rsquo;ONU relative aux droits des personnes handicap\u00e9es (<a href=\"https:\/\/www.fedlex.admin.ch\/eli\/cc\/2014\/245\/fr\" target=\"_blank\" rel=\"noreferrer noopener\">CDPH<\/a>) est en vigueur en Suisse depuis 2014. La loi sur l&rsquo;\u00e9galit\u00e9 des personnes handicap\u00e9es (<a href=\"https:\/\/www.fedlex.admin.ch\/eli\/cc\/2003\/667\/fr\" target=\"_blank\" rel=\"noreferrer noopener\">LHand<\/a>) constitue une base juridique importante depuis 2004 d\u00e9j\u00e0. L&rsquo;objectif de la CDPH et de la LHand est de promouvoir, de prot\u00e9ger et de garantir la jouissance des droits humains et des libert\u00e9s fondamentales de toutes les personnes handicap\u00e9es dans des conditions d&rsquo;\u00e9galit\u00e9, ainsi que de promouvoir le respect de leur dignit\u00e9. La Conf\u00e9d\u00e9ration, les cantons et les communes sont tenus de mettre en \u0153uvre la CDPH et la LHand.<\/p>\n\n\n\n<p>Dans le cadre des anniversaires, nous voulions donner une impulsion \u00e0 la mise en \u0153uvre des droits humains, agir ensemble et rendre visibles les bonnes pratiques.<\/p>\n\n\n\n<figure class=\"wp-block-embed is-type-video is-provider-youtube wp-block-embed-youtube wp-embed-aspect-16-9 wp-has-aspect-ratio\"><div class=\"wp-block-embed__wrapper\">\n <iframe referrerpolicy=\"no-referrer\" loading=\"lazy\" title=\"Avenir Inclusif Sign\u00e9\" width=\"500\" height=\"281\" src=\"https:\/\/www.youtube-nocookie.com\/embed\/V9LLj70DYlw?feature=oembed\" frameborder=\"0\" allow=\"accelerometer; autoplay; clipboard-write; encrypted-media; gyroscope; picture-in-picture; web-share\" referrerpolicy=\"strict-origin-when-cross-origin\" allowfullscreen><\/iframe>\n<\/div><figcaption class=\"wp-element-caption\">Vid\u00e9o \u00ab\u00a0Avenir Inclusif\u00a0\u00bb<\/figcaption><\/figure>\n\n\n\n<h2 class=\"wp-block-heading\"><strong>Description de la vid\u00e9o \u00ab\u00a0Avenir Inclusif<\/strong> \u00ab\u00a0<\/h2>\n\n\n\n<h3 class=\"wp-block-heading\"><strong>Le d\u00e9cor<\/strong><\/h3>\n\n\n\n<p>La vid\u00e9o a \u00e9t\u00e9 tourn\u00e9e dans un studio de t\u00e9l\u00e9vision. Le plateau comporte une chaise haute grise avec des pieds noirs. Chaque personne qui prend la parole est assise tour \u00e0 tour sur cette chaise haute. En fond, un \u00e9cran couleur gris bleu sur le c\u00f4t\u00e9 gauche et rouge orange sur le c\u00f4t\u00e9 droit montre en flout\u00e9 des passants qui se d\u00e9coupent en ombre chinoise. Le logo d\u2019avenir inclusif dans les quatre langues nationales avec les points de couleurs diff\u00e9rentes est affich\u00e9 en grand format au d\u00e9but et \u00e0 la fin de la vid\u00e9o.<\/p>\n\n\n\n<p>A chaque prise de parole, en haut \u00e0 droite de l\u2019\u00e9cran, Rolande Praplan appara\u00eet dans un petit carr\u00e9. Elle signe. Elle a une cinquantaine d\u2019ann\u00e9es. Elle porte les cheveux longs gris clairs remont\u00e9s sur sa nuque, des lunettes rondes et noires. Elle est habill\u00e9e d\u2019une robe noire et porte un foulard noir et gris clair autour du cou. En haut \u00e0 gauche le logo d\u2019avenir inclusif dans les quatre langues nationales avec les points de couleurs diff\u00e9rentes est affich\u00e9 en petit format.<\/p>\n\n\n\n<h3 class=\"wp-block-heading\"><strong>Premi\u00e8re personne \u00e0 s\u2019exprimer&nbsp;: Bastien Perruchoud<\/strong><\/h3>\n\n\n\n<p>Bastien Perruchoud est assis dans une chaise haute grise avec des pieds noirs. Il a les yeux bleus et porte des lunettes de couleur fonc\u00e9e. Il a les cheveux blonds courts. Il est habill\u00e9 d\u2019un jeans, d\u2019un t-shirt gris clair \u00e0 manches courtes avec le dessin d\u2019un homme qui escalade une plan\u00e8te et porte des baskets noires. Sur l\u2019\u00e9cran en haut \u00e0 droite, Rolande signe. En haut \u00e0 gauche le logo d\u2019avenir inclusif dans les quatre langues nationales avec les points de couleurs diff\u00e9rentes est affich\u00e9 en petit format.<\/p>\n\n\n\n<h3 class=\"wp-block-heading\"><strong>Deuxi\u00e8me personne \u00e0 s\u2019exprimer&nbsp;: Sapna Ballestraz<\/strong><\/h3>\n\n\n\n<p>Sapna Ballestraz est assise dans une chaise roulante \u00e9lectrique. Son sac \u00e0 main beige est accroch\u00e9 \u00e0 l\u2019accoudoir gauche. Elle a les yeux bruns fonc\u00e9s et porte des lunettes avec une monture transparente. Elle a les cheveux noirs, mi-longs et boucl\u00e9s. Elle est habill\u00e9e d\u2019un pantalon noir, d\u2019un pull ray\u00e9 noir et blanc et de chaussures noires. Sapna porte \u00e9galement de longues boucles d\u2019oreille pendantes rondes et un foulard de couleur bordeaux. Sur l\u2019\u00e9cran en haut \u00e0 droite, Rolande signe. En haut \u00e0 gauche le logo d\u2019avenir inclusif dans les quatre langues nationales avec les points de couleurs diff\u00e9rentes est affich\u00e9 en petit format.<\/p>\n\n\n\n<h3 class=\"wp-block-heading\"><strong>Troisi\u00e8me personne \u00e0 s\u2019exprimer&nbsp;: Yveline Mabillard<\/strong><\/h3>\n\n\n\n<p>Yveline Mabillard est assise dans une chaise haute grise avec des pieds noirs. Elle a les yeux bruns et les cheveux blonds, mi-longs avec une barrette violette en forme fleur du c\u00f4t\u00e9 gauche. Elle porte des boucles d\u2019oreille pendantes avec un papillon et un collier avec un pendentif rond noir et une \u00e9toile dor\u00e9e. Elle est habill\u00e9e d\u2019un pantalon noir, d\u2019un pull noir avec des petits points blancs, d\u2019un sous-pull blanc et de baskets blanches. A son poignet droit, elle a une attache pour les cheveux et \u00e0 son poignet gauche une montre connect\u00e9e. Sur l\u2019\u00e9cran en haut \u00e0 droite, Rolande signe. En haut \u00e0 gauche le logo d\u2019avenir inclusif dans les quatre langues nationales avec les points de couleurs diff\u00e9rentes est affich\u00e9 en petit format.<\/p>\n","protected":false},"excerpt":{"rendered":"<p>Du 15\u00a0mai au 15\u00a0juin 2024, des journ\u00e9es d&rsquo;action ont eu lieu sous le slogan \u00ab\u00a0Avenir inclusif\u00a0\u00bb, dans toute la Suisse, y compris dans le canton de Fribourg. La Convention de l&rsquo;ONU relative aux droits des personnes handicap\u00e9es (CDPH) est en vigueur en Suisse depuis 2014. La loi sur l&rsquo;\u00e9galit\u00e9 des personnes handicap\u00e9es (LHand) constitue une [&hellip;]<\/p>\n","protected":false},"author":1,"featured_media":0,"parent":0,"menu_order":1,"comment_status":"closed","ping_status":"closed","template":"page-templates\/landing_page.php","meta":{"_acf_changed":false,"_genesis_hide_title":false,"_genesis_hide_breadcrumbs":false,"_genesis_hide_singular_image":false,"_genesis_hide_footer_widgets":false,"_genesis_custom_body_class":"","_genesis_custom_post_class":"","_genesis_layout":"","footnotes":""},"class_list":{"0":"post-3","1":"page","2":"type-page","3":"status-publish","5":"entry"},"acf":[],"_links":{"self":[{"href":"https:\/\/avenir-inclusif.prestage.ch\/fr\/wp-json\/wp\/v2\/pages\/3","targetHints":{"allow":["GET"]}}],"collection":[{"href":"https:\/\/avenir-inclusif.prestage.ch\/fr\/wp-json\/wp\/v2\/pages"}],"about":[{"href":"https:\/\/avenir-inclusif.prestage.ch\/fr\/wp-json\/wp\/v2\/types\/page"}],"author":[{"embeddable":true,"href":"https:\/\/avenir-inclusif.prestage.ch\/fr\/wp-json\/wp\/v2\/users\/1"}],"replies":[{"embeddable":true,"href":"https:\/\/avenir-inclusif.prestage.ch\/fr\/wp-json\/wp\/v2\/comments?post=3"}],"version-history":[{"count":14,"href":"https:\/\/avenir-inclusif.prestage.ch\/fr\/wp-json\/wp\/v2\/pages\/3\/revisions"}],"predecessor-version":[{"id":605,"href":"https:\/\/avenir-inclusif.prestage.ch\/fr\/wp-json\/wp\/v2\/pages\/3\/revisions\/605"}],"wp:attachment":[{"href":"https:\/\/avenir-inclusif.prestage.ch\/fr\/wp-json\/wp\/v2\/media?parent=3"}],"curies":[{"name":"wp","href":"https:\/\/api.w.org\/{rel}","templated":true}]}}