{"id":74,"date":"2023-07-28T14:00:50","date_gmt":"2023-07-28T12:00:50","guid":{"rendered":"https:\/\/zukunft-inklusion.ch.prestage.ch\/be\/?page_id=74"},"modified":"2023-08-01T19:44:06","modified_gmt":"2023-08-01T17:44:06","slug":"protection-des-donnees","status":"publish","type":"page","link":"https:\/\/avenir-inclusif.prestage.ch\/be\/protection-des-donnees\/","title":{"rendered":"Protection des donn\u00e9es"},"content":{"rendered":"\n<h2 class=\"wp-block-heading\">G\u00e9n\u00e9ralit\u00e9s<\/h2>\n\n\n\n<p>Les indications suivantes donnent un aper\u00e7u simple de ce qui se passe avec vos donn\u00e9es personnelles lorsque vous visitez notre site web. Les donn\u00e9es personnelles sont toutes les donn\u00e9es qui permettent de vous identifier personnellement. Lors de l&rsquo;acc\u00e8s \u00e0 l&rsquo;offre d&rsquo;informations, aucune donn\u00e9e personnelle n&rsquo;est en principe saisie et enregistr\u00e9e dans le but d&rsquo;\u00e9valuer le comportement individuel des utilisateurs.<\/p>\n\n\n\n<p>Certaines offres d&rsquo;information et de transaction ne peuvent toutefois \u00eatre trait\u00e9es que si un minimum de donn\u00e9es personnelles ont \u00e9t\u00e9 communiqu\u00e9es. Les dispositions relatives \u00e0 la protection des donn\u00e9es s&rsquo;appliquent \u00e0 cet effet.<\/p>\n\n\n\n<h2 class=\"wp-block-heading\">Donn\u00e9es de non-tracking<\/h2>\n\n\n\n<p>L&rsquo;utilisation de ce site web g\u00e9n\u00e8re des donn\u00e9es. Certaines donn\u00e9es sont n\u00e9cessaires pour des raisons techniques, d&rsquo;autres sont collect\u00e9es sciemment afin d&rsquo;obtenir des informations sur le type d&rsquo;utilisation et de pouvoir adapter en permanence l&rsquo;offre aux besoins des utilisateurs.<\/p>\n\n\n\n<p>Nous proposons \u00e0 certaines occasions, par exemple lors de conf\u00e9rences de presse, une transmission en direct par vid\u00e9o en streaming. Pour des raisons techniques, le prestataire de services responsable de cette op\u00e9ration prend connaissance, pour la dur\u00e9e de la transmission, des adresses IP des appareils qui diffusent le streaming. Les adresses IP sont enregistr\u00e9es de mani\u00e8re anonyme \u00e0 des fins statistiques.<\/p>\n\n\n\n<h2 class=\"wp-block-heading\">Donn\u00e9es de l&rsquo;activit\u00e9 de suivi<\/h2>\n\n\n\n<p>Le site web www.zukunft-inklusion.prestage.ch et les sous-pages directes utilisent un logiciel d&rsquo;analyse web (actuellement matomo.org) afin d&rsquo;obtenir, \u00e0 l&rsquo;aide de donn\u00e9es anonymes, des informations permettant d&rsquo;am\u00e9liorer l&rsquo;offre. Ce tracking peut \u00eatre emp\u00each\u00e9 par le r\u00e9glage Do Not Track dans les navigateurs courants. Ce r\u00e9glage a pour effet que la balise \u00ab&nbsp;Do-Not-Track&nbsp;\u00bb est envoy\u00e9e dans le bloc d&rsquo;en-t\u00eate de la demande du navigateur et que les actions du visiteur ne sont pas \u00e9valu\u00e9es.<\/p>\n\n\n\n<p>L&rsquo;adresse IPv4 est tronqu\u00e9e du dernier octet pour le stockage et le traitement et est donc anonymis\u00e9e.<\/p>\n\n\n\n<p>Afin de pouvoir reconna\u00eetre les visiteurs r\u00e9currents, un cookie est d\u00e9pos\u00e9 sur le syst\u00e8me de l&rsquo;utilisateur lors d&rsquo;une visite (si possible), qui contient les donn\u00e9es suivantes :<\/p>\n\n\n\n<ul class=\"wp-block-list\">\n<li>ID utilisateur unique g\u00e9n\u00e9r\u00e9 de mani\u00e8re al\u00e9atoire<\/li>\n\n\n\n<li>Heure de la premi\u00e8re visite de cet ID utilisateur<\/li>\n\n\n\n<li>Heure de la derni\u00e8re visite de cet ID utilisateur<\/li>\n\n\n\n<li>Nombre total de visites de cet ID utilisateur<\/li>\n<\/ul>\n\n\n\n<p>L&rsquo;ID attribu\u00e9 est al\u00e9atoire et ne permet pas d&rsquo;identifier la personne qui agit. Le cookie a une dur\u00e9e de vie de 7 jours et est prolong\u00e9 de 7 jours suppl\u00e9mentaires en cas de visite durant cette p\u00e9riode.<\/p>\n\n\n\n<p>Lors d&rsquo;une visite, un identifiant al\u00e9atoire est attribu\u00e9 \u00e0 chaque visiteur au moyen de leur cookie de session (si possible), ce qui permet d&rsquo;attribuer \u00e0 ce visiteur toutes les actions effectu\u00e9es sur le site. En r\u00e8gle g\u00e9n\u00e9rale, le cookie est automatiquement supprim\u00e9 lorsque la fen\u00eatre du navigateur est ferm\u00e9e. Le r\u00e9glage par d\u00e9faut, selon lequel les cookies de session sont automatiquement supprim\u00e9s soit \u00e0 la fermeture de l&rsquo;onglet, soit \u00e0 la fermeture du navigateur, peut \u00eatre modifi\u00e9 manuellement ou \u00e0 l&rsquo;aide de certaines fonctions de confort.<\/p>\n\n\n\n<h2 class=\"wp-block-heading\">Prise de contact par e-mail<\/h2>\n\n\n\n<p>Lors d&rsquo;une prise de contact via les adresses e-mail mises \u00e0 disposition sur notre site, les donn\u00e9es personnelles de l&rsquo;utilisateur transmises avec l&rsquo;e-mail sont enregistr\u00e9es. Dans ce contexte, les donn\u00e9es ne sont pas transmises \u00e0 des tiers. Les donn\u00e9es sont utilis\u00e9es exclusivement pour le traitement de la conversation.<\/p>\n\n\n\n<h2 class=\"wp-block-heading\">Bulletin d&rsquo;information<\/h2>\n\n\n\n<p>Si vous vous \u00eates inscrit \u00e0 la newsletter avec votre adresse e-mail, nous enregistrons et utilisons votre adresse e-mail pour vous envoyer notre newsletter avec des informations de notre part jusqu&rsquo;\u00e0 ce que vous vous d\u00e9sinscriviez de notre newsletter. Pour notre newsletter, nous utilisons le service de newsletter \u00ab&nbsp;mailXpert&nbsp;\u00bb, Schulstrasse 37, 8050 Zurich, Suisse.<\/p>\n\n\n\n<p>Si vous saisissez votre adresse e-mail pour recevoir la newsletter, celle-ci sera d&rsquo;abord stock\u00e9e par mailXpert dans le but d&rsquo;envoyer au titulaire un e-mail dans lequel il\/elle pourra confirmer son inscription \u00e0 l&rsquo;envoi de la newsletter (\u00ab&nbsp;Double-Opt-In&nbsp;\u00bb). Apr\u00e8s une telle confirmation, l&rsquo;adresse e-mail est conserv\u00e9e durablement par mailXpert jusqu&rsquo;\u00e0 ce qu&rsquo;elle se d\u00e9sabonne de la r\u00e9ception de la newsletter ou que nous supprimions l&rsquo;adresse. Une inscription \u00e0 la newsletter est enregistr\u00e9e afin de pouvoir prouver le processus d&rsquo;inscription conform\u00e9ment aux exigences l\u00e9gales. Cela comprend l&rsquo;enregistrement de l&rsquo;heure d&rsquo;inscription et de confirmation, ainsi que l&rsquo;adresse IP.<\/p>\n\n\n\n<p>Vous pouvez vous d\u00e9sinscrire de notre newsletter \u00e0 tout moment. Un lien de d\u00e9sinscription est inclus dans chaque e-mail contenant notre newsletter. Vous pouvez \u00e9galement r\u00e9voquer \u00e0 tout moment votre consentement \u00e0 l&rsquo;utilisation future de votre adresse e-mail. Pour ce faire, veuillez utiliser les possibilit\u00e9s de contact indiqu\u00e9es sur notre site web.<\/p>\n\n\n\n<h2 class=\"wp-block-heading\">YouTube<\/h2>\n\n\n\n<p>Les vid\u00e9os affich\u00e9es sur notre site web sont int\u00e9gr\u00e9es via l&rsquo;API YouTube. L&rsquo;accord des utilisateurs est pr\u00e9alablement demand\u00e9 sur notre site web avant qu&rsquo;une connexion \u00e0 YouTube ne soit \u00e9tablie et que la vid\u00e9o ne soit lue.<\/p>\n\n\n\n<p><a href=\"https:\/\/www.youtube.com\/t\/terms\" target=\"_blank\" rel=\"noreferrer noopener\">Conditions d&rsquo;utilisation de YouTube<\/a><\/p>\n","protected":false},"excerpt":{"rendered":"<p>G\u00e9n\u00e9ralit\u00e9s Les indications suivantes donnent un aper\u00e7u simple de ce qui se passe avec vos donn\u00e9es personnelles lorsque vous visitez notre site web. Les donn\u00e9es personnelles sont toutes les donn\u00e9es qui permettent de vous identifier personnellement. Lors de l&rsquo;acc\u00e8s \u00e0 l&rsquo;offre d&rsquo;informations, aucune donn\u00e9e personnelle n&rsquo;est en principe saisie et enregistr\u00e9e dans le but d&rsquo;\u00e9valuer [&hellip;]<\/p>\n","protected":false},"author":1,"featured_media":0,"parent":0,"menu_order":11,"comment_status":"closed","ping_status":"closed","template":"page-templates\/privacy_page.php","meta":{"_acf_changed":false,"_genesis_hide_title":false,"_genesis_hide_breadcrumbs":false,"_genesis_hide_singular_image":false,"_genesis_hide_footer_widgets":false,"_genesis_custom_body_class":"","_genesis_custom_post_class":"","_genesis_layout":"","footnotes":""},"class_list":{"0":"post-74","1":"page","2":"type-page","3":"status-publish","5":"entry"},"acf":[],"_links":{"self":[{"href":"https:\/\/avenir-inclusif.prestage.ch\/be\/wp-json\/wp\/v2\/pages\/74","targetHints":{"allow":["GET"]}}],"collection":[{"href":"https:\/\/avenir-inclusif.prestage.ch\/be\/wp-json\/wp\/v2\/pages"}],"about":[{"href":"https:\/\/avenir-inclusif.prestage.ch\/be\/wp-json\/wp\/v2\/types\/page"}],"author":[{"embeddable":true,"href":"https:\/\/avenir-inclusif.prestage.ch\/be\/wp-json\/wp\/v2\/users\/1"}],"replies":[{"embeddable":true,"href":"https:\/\/avenir-inclusif.prestage.ch\/be\/wp-json\/wp\/v2\/comments?post=74"}],"version-history":[{"count":1,"href":"https:\/\/avenir-inclusif.prestage.ch\/be\/wp-json\/wp\/v2\/pages\/74\/revisions"}],"predecessor-version":[{"id":75,"href":"https:\/\/avenir-inclusif.prestage.ch\/be\/wp-json\/wp\/v2\/pages\/74\/revisions\/75"}],"wp:attachment":[{"href":"https:\/\/avenir-inclusif.prestage.ch\/be\/wp-json\/wp\/v2\/media?parent=74"}],"curies":[{"name":"wp","href":"https:\/\/api.w.org\/{rel}","templated":true}]}}