{"id":68,"date":"2023-07-28T14:00:37","date_gmt":"2023-07-28T12:00:37","guid":{"rendered":"https:\/\/zukunft-inklusion.ch.prestage.ch\/be\/?page_id=68"},"modified":"2023-09-26T19:03:41","modified_gmt":"2023-09-26T17:03:41","slug":"medias","status":"publish","type":"page","link":"https:\/\/avenir-inclusif.prestage.ch\/be\/medias\/","title":{"rendered":"M\u00e9dias"},"content":{"rendered":"\n<h2 class=\"wp-block-heading\">Articles de presse sur les journ\u00e9es d&rsquo;action<\/h2>\n\n\n\n<p>Vous trouverez ici une compilation des contributions des m\u00e9dias aux journ\u00e9es d&rsquo;action Droits des personnes handicap\u00e9es 2024.<\/p>\n\n\n<div role=\"list\" class=\"cst-mediapub-list cst-mediapub-list-page\" aria-live=\"polite\"><div role=\"listitem\" class=\"cst-mediapub-listitem cst-mediapub-listitem-show\" id=\"mediapub_253\" data-index=\"1\"><h3 class=\"h5 cst-mediapub-post-title\">Direction de la sant\u00e9, des affaires sociales et de l\u2019int\u00e9gration<\/h3><p>Journ\u00e9es d\u2019action pour les droits des personnes handicap\u00e9es \u00e0 l\u2019occasion du dixi\u00e8me anniversaire de la ratification de la CDPH par la Suisse. Communiqu\u00e9 du Canton de Berne \r\n<\/p><!--  --><a href=\"https:\/\/www.gsi.be.ch\/fr\/start.html?newsID=4c949c78-7dfd-4da9-92f0-d9d51f05fc79\" target=\"_blank\" aria-label=\"Lire l\u2019article de presse \u2013 Direction de la sant\u00e9, des affaires sociales et de l\u2019int\u00e9gration\" class=\"more-link\">Lire l\u2019article de presse<\/a><\/div><\/div>\n\n\n<h2 class=\"wp-block-heading\">Contacts pour les m\u00e9dias<\/h2>\n\n\n\n<p><strong>Susanne Gutbrod-Kunkler <br><\/strong>directrice Conf\u00e9rence cantonale bernoise des handicap\u00e9s cch<br>Courriel:&nbsp;<a href=\"mailto:\" data-eml-encoded-attr=\"WVd0MGFXOXVjM1JoWjJVbE5EQnJZbXN1WTJnPQ==\"><span data-eml-encoded-html><label>(E-Mail)<\/label><var aria-hidden=\"true\" style=\"display:none\">WVd0MGFXOXVjM1JoWjJVbE5EQnJZbXN1WTJnPQ==<\/var><\/span><\/a><br>T\u00e9l\u00e9phone: +41 (0)79 436 74 93<\/p>\n\n\n\n<p><strong>Regula Truttmann<\/strong><br>collaboratrice scientifique <br>Direction de la sant\u00e9, des affaires sociales et de l\u2019int\u00e9gration du canton de Berne (DSSI)<br>Office de l\u2019int\u00e9gration et de l\u2019action sociale (OIAS)<br>Division Institutions sociales et assistance (ISA)<br>Courriel: <a href=\"mailto:\" data-eml-encoded-attr=\"Y21WbmRXeGhMblJ5ZFhSMGJXRnViaVUwTUdKbExtTm8=\"><span data-eml-encoded-html><label>(E-Mail)<\/label><var aria-hidden=\"true\" style=\"display:none\">Y21WbmRXeGhMblJ5ZFhSMGJXRnViaVUwTUdKbExtTm8=<\/var><\/span><\/a><br>T\u00e9l\u00e9phone: +41 (0)31 633 86 78 <\/p>\n","protected":false},"excerpt":{"rendered":"<p>Articles de presse sur les journ\u00e9es d&rsquo;action Vous trouverez ici une compilation des contributions des m\u00e9dias aux journ\u00e9es d&rsquo;action Droits des personnes handicap\u00e9es 2024. Contacts pour les m\u00e9dias Susanne Gutbrod-Kunkler directrice Conf\u00e9rence cantonale bernoise des handicap\u00e9s cchCourriel:&nbsp;(E-Mail)WVd0MGFXOXVjM1JoWjJVbE5EQnJZbXN1WTJnPQ==T\u00e9l\u00e9phone: +41 (0)79 436 74 93 Regula Truttmanncollaboratrice scientifique Direction de la sant\u00e9, des affaires sociales et de l\u2019int\u00e9gration [&hellip;]<\/p>\n","protected":false},"author":1,"featured_media":0,"parent":0,"menu_order":8,"comment_status":"closed","ping_status":"closed","template":"page-templates\/media_page.php","meta":{"_acf_changed":false,"_genesis_hide_title":false,"_genesis_hide_breadcrumbs":false,"_genesis_hide_singular_image":false,"_genesis_hide_footer_widgets":false,"_genesis_custom_body_class":"","_genesis_custom_post_class":"","_genesis_layout":"","footnotes":""},"class_list":{"0":"post-68","1":"page","2":"type-page","3":"status-publish","5":"entry"},"acf":[],"_links":{"self":[{"href":"https:\/\/avenir-inclusif.prestage.ch\/be\/wp-json\/wp\/v2\/pages\/68","targetHints":{"allow":["GET"]}}],"collection":[{"href":"https:\/\/avenir-inclusif.prestage.ch\/be\/wp-json\/wp\/v2\/pages"}],"about":[{"href":"https:\/\/avenir-inclusif.prestage.ch\/be\/wp-json\/wp\/v2\/types\/page"}],"author":[{"embeddable":true,"href":"https:\/\/avenir-inclusif.prestage.ch\/be\/wp-json\/wp\/v2\/users\/1"}],"replies":[{"embeddable":true,"href":"https:\/\/avenir-inclusif.prestage.ch\/be\/wp-json\/wp\/v2\/comments?post=68"}],"version-history":[{"count":2,"href":"https:\/\/avenir-inclusif.prestage.ch\/be\/wp-json\/wp\/v2\/pages\/68\/revisions"}],"predecessor-version":[{"id":227,"href":"https:\/\/avenir-inclusif.prestage.ch\/be\/wp-json\/wp\/v2\/pages\/68\/revisions\/227"}],"wp:attachment":[{"href":"https:\/\/avenir-inclusif.prestage.ch\/be\/wp-json\/wp\/v2\/media?parent=68"}],"curies":[{"name":"wp","href":"https:\/\/api.w.org\/{rel}","templated":true}]}}