{"id":66,"date":"2023-07-28T14:00:07","date_gmt":"2023-07-28T12:00:07","guid":{"rendered":"https:\/\/zukunft-inklusion.ch.prestage.ch\/be\/?page_id=66"},"modified":"2023-10-02T15:39:17","modified_gmt":"2023-10-02T13:39:17","slug":"newsletter","status":"publish","type":"page","link":"https:\/\/avenir-inclusif.prestage.ch\/be\/newsletter\/","title":{"rendered":"Newsletter"},"content":{"rendered":"<div class=\"cst-newsletter-form-text\"><div class=\"newsletter_infobox\"><p>Souhaitez-vous recevoir des nouvelles sur les \u00abJourn\u00e9es d\u2019action pour les droits des personnes handicap\u00e9es\u00bb ?<br \/>\nLa Conf\u00e9rence cantonale bernoise des handicap\u00e9es cch informe \u00e0 ce sujet via une newsletter. Il existe en outre les \u00abkbk-Informationen\u00bb (en allemand) sur des th\u00e8mes de politique du handicap, notamment dans le canton de Berne.<\/p>\n<p><a href=\"https:\/\/www.kbk.ch\/kbk-informationen-francais.html\">Lien vers l&rsquo;inscription<\/a><\/p><\/div><\/div>\n\n\n<h2 class=\"wp-block-heading\">Derni\u00e8res newsletters<\/h2>\n\n\n<div role=\"list\" class=\"cst-newsletter-list cst-newsletter-list-page\" aria-live=\"polite\"><\/div><div style=\"height:4em;\"><\/div>","protected":false},"excerpt":{"rendered":"<p>Derni\u00e8res newsletters<\/p>\n","protected":false},"author":1,"featured_media":0,"parent":0,"menu_order":7,"comment_status":"closed","ping_status":"closed","template":"page-templates\/newsletter_page.php","meta":{"_acf_changed":false,"_genesis_hide_title":false,"_genesis_hide_breadcrumbs":false,"_genesis_hide_singular_image":false,"_genesis_hide_footer_widgets":false,"_genesis_custom_body_class":"","_genesis_custom_post_class":"","_genesis_layout":"","footnotes":""},"class_list":{"0":"post-66","1":"page","2":"type-page","3":"status-publish","5":"entry"},"acf":[],"_links":{"self":[{"href":"https:\/\/avenir-inclusif.prestage.ch\/be\/wp-json\/wp\/v2\/pages\/66","targetHints":{"allow":["GET"]}}],"collection":[{"href":"https:\/\/avenir-inclusif.prestage.ch\/be\/wp-json\/wp\/v2\/pages"}],"about":[{"href":"https:\/\/avenir-inclusif.prestage.ch\/be\/wp-json\/wp\/v2\/types\/page"}],"author":[{"embeddable":true,"href":"https:\/\/avenir-inclusif.prestage.ch\/be\/wp-json\/wp\/v2\/users\/1"}],"replies":[{"embeddable":true,"href":"https:\/\/avenir-inclusif.prestage.ch\/be\/wp-json\/wp\/v2\/comments?post=66"}],"version-history":[{"count":3,"href":"https:\/\/avenir-inclusif.prestage.ch\/be\/wp-json\/wp\/v2\/pages\/66\/revisions"}],"predecessor-version":[{"id":269,"href":"https:\/\/avenir-inclusif.prestage.ch\/be\/wp-json\/wp\/v2\/pages\/66\/revisions\/269"}],"wp:attachment":[{"href":"https:\/\/avenir-inclusif.prestage.ch\/be\/wp-json\/wp\/v2\/media?parent=66"}],"curies":[{"name":"wp","href":"https:\/\/api.w.org\/{rel}","templated":true}]}}