{"id":64,"date":"2023-07-28T14:00:48","date_gmt":"2023-07-28T12:00:48","guid":{"rendered":"https:\/\/zukunft-inklusion.ch.prestage.ch\/be\/?page_id=64"},"modified":"2023-10-11T19:22:11","modified_gmt":"2023-10-11T17:22:11","slug":"participer","status":"publish","type":"page","link":"https:\/\/avenir-inclusif.prestage.ch\/be\/participer\/","title":{"rendered":"Participer"},"content":{"rendered":"\n<h2 class=\"wp-block-heading\">Participez \u00e0 une action<\/h2>\n\n\n\n<p>La fen\u00eatre d&rsquo;inscription pour les Journ\u00e9es d&rsquo;action 2024 des droits des personnes vivant avec un handicap est ouverte. Pour en savoir plus et pour inscrire votre action, consultez notre <a href=\"https:\/\/www.includia.ch\/fr\/canton-de-berne\/journees-daction-pour-les-droits-des-personnes-vivant-avac-un-handicap\" data-type=\"link\" data-id=\"https:\/\/www.includia.ch\/fr\/canton-de-berne\/journees-daction-pour-les-droits-des-personnes-vivant-avac-un-handicap\">includia<\/a>. Soumettez une action jusqu&rsquo;au 19 janvier 2024 et devenez partie \u00e0 un \u00ab&nbsp;avenir inclusif&nbsp;\u00bb.<\/p>\n\n\n\n<p>N&rsquo;h\u00e9sitez pas \u00e0 nous <a href=\"https:\/\/zukunft-inklusion.prestage.ch\/be\/kontakt\/\" data-type=\"link\" data-id=\"https:\/\/zukunft-inklusion.prestage.ch\/be\/kontakt\/\">contacter<\/a> si vous avez des questions.<\/p>\n\n\n\n<h2 class=\"wp-block-heading\">Informez-vous sur \u00ab&nbsp;avenir inclusif&nbsp;\u00bb<\/h2>\n\n\n\n<p>Cliquez ici pour consulter le <a href=\"https:\/\/avenir-inclusif.prestage.ch\/be\/calendrier\/\">calendrier<\/a> avec les dates et les possibilit\u00e9s d\u2019inscription.<\/p>\n\n\n\n<h2 class=\"wp-block-heading\">Promouvoir les Journ\u00e9es d&rsquo;action pour les droits des personnes vivant avec un handicap 2024<\/h2>\n\n\n\n<p>Parlez des journ\u00e9es d&rsquo;action et des multiples actions. Informez votre entourage des possibilit\u00e9s de participation et suivez-nous sur les m\u00e9dias sociaux.<\/p>\n\n\n\n<h2 class=\"wp-block-heading\">Votre avis est important pour nous<\/h2>\n\n\n\n<p>Vous avez des id\u00e9es d&rsquo;actions&nbsp;? Vous avez des r\u00e9clamations&nbsp;? Ou vous souhaitez vous impliquer activement&nbsp;? N&rsquo;h\u00e9sitez pas \u00e0 prendre <a href=\"https:\/\/avenir-inclusif.prestage.ch\/be\/contact\/\">contact<\/a> avec nous. <\/p>\n","protected":false},"excerpt":{"rendered":"<p>Participez \u00e0 une action La fen\u00eatre d&rsquo;inscription pour les Journ\u00e9es d&rsquo;action 2024 des droits des personnes vivant avec un handicap est ouverte. Pour en savoir plus et pour inscrire votre action, consultez notre includia. Soumettez une action jusqu&rsquo;au 19 janvier 2024 et devenez partie \u00e0 un \u00ab&nbsp;avenir inclusif&nbsp;\u00bb. N&rsquo;h\u00e9sitez pas \u00e0 nous contacter si vous [&hellip;]<\/p>\n","protected":false},"author":1,"featured_media":0,"parent":0,"menu_order":6,"comment_status":"closed","ping_status":"closed","template":"page-templates\/participate_page.php","meta":{"_acf_changed":false,"_genesis_hide_title":false,"_genesis_hide_breadcrumbs":false,"_genesis_hide_singular_image":false,"_genesis_hide_footer_widgets":false,"_genesis_custom_body_class":"","_genesis_custom_post_class":"","_genesis_layout":"","footnotes":""},"class_list":{"0":"post-64","1":"page","2":"type-page","3":"status-publish","5":"entry"},"acf":[],"_links":{"self":[{"href":"https:\/\/avenir-inclusif.prestage.ch\/be\/wp-json\/wp\/v2\/pages\/64","targetHints":{"allow":["GET"]}}],"collection":[{"href":"https:\/\/avenir-inclusif.prestage.ch\/be\/wp-json\/wp\/v2\/pages"}],"about":[{"href":"https:\/\/avenir-inclusif.prestage.ch\/be\/wp-json\/wp\/v2\/types\/page"}],"author":[{"embeddable":true,"href":"https:\/\/avenir-inclusif.prestage.ch\/be\/wp-json\/wp\/v2\/users\/1"}],"replies":[{"embeddable":true,"href":"https:\/\/avenir-inclusif.prestage.ch\/be\/wp-json\/wp\/v2\/comments?post=64"}],"version-history":[{"count":8,"href":"https:\/\/avenir-inclusif.prestage.ch\/be\/wp-json\/wp\/v2\/pages\/64\/revisions"}],"predecessor-version":[{"id":277,"href":"https:\/\/avenir-inclusif.prestage.ch\/be\/wp-json\/wp\/v2\/pages\/64\/revisions\/277"}],"wp:attachment":[{"href":"https:\/\/avenir-inclusif.prestage.ch\/be\/wp-json\/wp\/v2\/media?parent=64"}],"curies":[{"name":"wp","href":"https:\/\/api.w.org\/{rel}","templated":true}]}}