{"id":58,"date":"2023-07-28T14:00:24","date_gmt":"2023-07-28T12:00:24","guid":{"rendered":"https:\/\/zukunft-inklusion.ch.prestage.ch\/be\/?page_id=58"},"modified":"2023-09-28T00:23:59","modified_gmt":"2023-09-27T22:23:59","slug":"calendrier","status":"publish","type":"page","link":"https:\/\/avenir-inclusif.prestage.ch\/be\/calendrier\/","title":{"rendered":"Calendrier"},"content":{"rendered":"\n<p>Tous les \u00e9v\u00e9nements \u00e0 venir, y compris les s\u00e9ances d\u2019information, les r\u00e9unions d\u2019\u00e9change et les actions futures, seront d\u00e9sormais inscrits sur notre calendrier. Ainsi, vous aurez toujours une vue d\u2019ensemble des \u00e9v\u00e9nements \u00e0 venir et pourrez-vous y pr\u00e9parer.<\/p>\n","protected":false},"excerpt":{"rendered":"<p>Tous les \u00e9v\u00e9nements \u00e0 venir, y compris les s\u00e9ances d\u2019information, les r\u00e9unions d\u2019\u00e9change et les actions futures, seront d\u00e9sormais inscrits sur notre calendrier. Ainsi, vous aurez toujours une vue d\u2019ensemble des \u00e9v\u00e9nements \u00e0 venir et pourrez-vous y pr\u00e9parer.<\/p>\n","protected":false},"author":1,"featured_media":0,"parent":0,"menu_order":3,"comment_status":"closed","ping_status":"closed","template":"page-templates\/calendar_page.php","meta":{"_acf_changed":false,"_genesis_hide_title":false,"_genesis_hide_breadcrumbs":false,"_genesis_hide_singular_image":false,"_genesis_hide_footer_widgets":false,"_genesis_custom_body_class":"","_genesis_custom_post_class":"","_genesis_layout":"","footnotes":""},"class_list":{"0":"post-58","1":"page","2":"type-page","3":"status-publish","5":"entry"},"acf":[],"_links":{"self":[{"href":"https:\/\/avenir-inclusif.prestage.ch\/be\/wp-json\/wp\/v2\/pages\/58","targetHints":{"allow":["GET"]}}],"collection":[{"href":"https:\/\/avenir-inclusif.prestage.ch\/be\/wp-json\/wp\/v2\/pages"}],"about":[{"href":"https:\/\/avenir-inclusif.prestage.ch\/be\/wp-json\/wp\/v2\/types\/page"}],"author":[{"embeddable":true,"href":"https:\/\/avenir-inclusif.prestage.ch\/be\/wp-json\/wp\/v2\/users\/1"}],"replies":[{"embeddable":true,"href":"https:\/\/avenir-inclusif.prestage.ch\/be\/wp-json\/wp\/v2\/comments?post=58"}],"version-history":[{"count":3,"href":"https:\/\/avenir-inclusif.prestage.ch\/be\/wp-json\/wp\/v2\/pages\/58\/revisions"}],"predecessor-version":[{"id":258,"href":"https:\/\/avenir-inclusif.prestage.ch\/be\/wp-json\/wp\/v2\/pages\/58\/revisions\/258"}],"wp:attachment":[{"href":"https:\/\/avenir-inclusif.prestage.ch\/be\/wp-json\/wp\/v2\/media?parent=58"}],"curies":[{"name":"wp","href":"https:\/\/api.w.org\/{rel}","templated":true}]}}