{"id":56,"date":"2023-07-28T14:00:17","date_gmt":"2023-07-28T12:00:17","guid":{"rendered":"https:\/\/zukunft-inklusion.ch.prestage.ch\/be\/?page_id=56"},"modified":"2023-10-16T15:25:14","modified_gmt":"2023-10-16T13:25:14","slug":"projet","status":"publish","type":"page","link":"https:\/\/avenir-inclusif.prestage.ch\/be\/projet\/","title":{"rendered":"Projet"},"content":{"rendered":"\n<h2 class=\"wp-block-heading\">Qui sommes-nous&nbsp;?<\/h2>\n\n\n\n<p>L&rsquo;office de l\u2019int\u00e9gration et de l\u2019action sociale (OIAS) du canton de Berne et la Conf\u00e9rence cantonale bernoise des handicap\u00e9s (cch) organisent ensemble les Journ\u00e9es d&rsquo;action sur les droits des personnes vivant avec un handicap 2024 dans le canton de Berne.<\/p>\n\n\n\n<p>Les Journ\u00e9es nationales d&rsquo;action sur les droits des personnes vivant avec un handicap 2024 sont coordonn\u00e9es et g\u00e9r\u00e9es par le Bureau f\u00e9d\u00e9ral de l&rsquo;\u00e9galit\u00e9 pour les personnes handicap\u00e9es (<a rel=\"noreferrer noopener\" href=\"https:\/\/www.edi.admin.ch\/edi\/fr\/home\/fachstellen\/aktuell.html\" target=\"_blank\">BFEH<\/a>). La Conf\u00e9rence des directrices et directeurs cantonaux des affaires sociales (<a rel=\"noreferrer noopener\" href=\"https:\/\/www.sodk.ch\/fr\/\" target=\"_blank\">CDAS<\/a>) soutient l&rsquo;approche participative de cette campagne et la consid\u00e8re comme un moyen important de sensibiliser le public en Suisse aux pr\u00e9occupations des personnes vivant avec un handicap.<\/p>\n\n\n\n<h2 class=\"wp-block-heading\">Qu&rsquo;est-ce qu&rsquo;on fait&nbsp;?<\/h2>\n\n\n\n<p>Ensemble, nous pr\u00e9parons les prochaines Journ\u00e9es d&rsquo;action des droits des personnes vivant avec un handicap. Celles-ci auront lieu juste \u00e0 temps pour le 10e anniversaire de la <a rel=\"noreferrer noopener\" href=\"https:\/\/www.fedlex.admin.ch\/eli\/cc\/2014\/245\/fr\" target=\"_blank\">CDPH<\/a> en Suisse et le 20e anniversaire de la loi sur l&rsquo;\u00e9galit\u00e9 des personnes vivant avec un handicap (<a rel=\"noreferrer noopener\" href=\"https:\/\/www.fedlex.admin.ch\/eli\/cc\/2003\/667\/fr\" target=\"_blank\">LHand<\/a>), du 15 mai au 15 juin 2024.<\/p>\n\n\n\n<h2 class=\"wp-block-heading\">Pourquoi tout cela&nbsp;?<\/h2>\n\n\n\n<p>La Convention de l&rsquo;ONU relative aux droits des personnes vivant avec un handicap (<a rel=\"noreferrer noopener\" href=\"https:\/\/www.fedlex.admin.ch\/eli\/cc\/2014\/245\/fr\" target=\"_blank\">CDPH<\/a>) n&rsquo;est pas un exercice, mais une obligation. La mise en \u0153uvre de la CDPH n\u00e9cessite toutefois une large alliance. Les journ\u00e9es d&rsquo;action nous permettent de porter ce th\u00e8me aupr\u00e8s du grand public.<\/p>\n\n\n\n<h2 class=\"wp-block-heading\">Quelle est notre vision&nbsp;?<\/h2>\n\n\n\n<p>Les personnes vivant avec un handicap ont les m\u00eames droits que les autres ! Nous nous engageons pour cela. Les personnes vivant avec un handicap doivent pouvoir utiliser les transports publics de mani\u00e8re spontan\u00e9e et autonome : comme tout le monde. Elles doivent pouvoir participer \u00e0 des activit\u00e9s de loisirs, culturelles et sportives : comme tout le monde. Et comme tout le monde, les personnes vivant avec un handicap doivent avoir le m\u00eame acc\u00e8s \u00e0 l&rsquo;\u00e9ducation, aux soins de sant\u00e9, au march\u00e9 du travail, au logement et aux commerces, ainsi qu&rsquo;\u00e0 l&rsquo;information et \u00e0 la communication. Car c&rsquo;est exactement ce qui est ancr\u00e9 dans la Convention de l&rsquo;ONU relative aux droits des personnes vivant avec un handicap. La Suisse l&rsquo;a sign\u00e9e et elle est par cons\u00e9quent obligatoire depuis 2014.<\/p>\n\n\n\n<h2 class=\"wp-block-heading\">Quels sont nos objectifs&nbsp;?<\/h2>\n\n\n\n<p>Les journ\u00e9es d&rsquo;action offrent la possibilit\u00e9 de montrer au public des mesures nouvelles, d\u00e9j\u00e0 pr\u00e9vues ou mises en \u0153uvre, qui am\u00e9liorent les r\u00e9alit\u00e9s de vie des personnes vivant avec un handicap. Elles visent ainsi \u00e0 influencer positivement l&rsquo;agenda politique. Lors des actions, les obstacles peuvent \u00eatre rendus visibles et tangibles. Parall\u00e8lement, des connaissances pratiques doivent \u00eatre transmises afin de trouver des solutions cibl\u00e9es et durables. Pour cela, il est essentiel de disposer d&rsquo;un r\u00e9seau diversifi\u00e9 et capable d&rsquo;agir. Pour ce faire, des espaces d&rsquo;\u00e9change sont cr\u00e9\u00e9s et des offres de soutien sont mises \u00e0 disposition.<\/p>\n\n\n\n<h2 class=\"wp-block-heading\">Quels sont nos crit\u00e8res de qualit\u00e9&nbsp;?<\/h2>\n\n\n\n<p>Nous avons l&rsquo;ambition que les actions aient un lien avec la CDPH, qu&rsquo;elles garantissent l&rsquo;inclusion des personnes vivant avec un handicap et qu&rsquo;elles assurent un acc\u00e8s \u00e9galitaire \u00e0 tout le monde.<\/p>\n","protected":false},"excerpt":{"rendered":"<p>Qui sommes-nous&nbsp;? L&rsquo;office de l\u2019int\u00e9gration et de l\u2019action sociale (OIAS) du canton de Berne et la Conf\u00e9rence cantonale bernoise des handicap\u00e9s (cch) organisent ensemble les Journ\u00e9es d&rsquo;action sur les droits des personnes vivant avec un handicap 2024 dans le canton de Berne. Les Journ\u00e9es nationales d&rsquo;action sur les droits des personnes vivant avec un handicap [&hellip;]<\/p>\n","protected":false},"author":1,"featured_media":0,"parent":0,"menu_order":2,"comment_status":"closed","ping_status":"closed","template":"page-templates\/concept_page.php","meta":{"_acf_changed":false,"_genesis_hide_title":false,"_genesis_hide_breadcrumbs":false,"_genesis_hide_singular_image":false,"_genesis_hide_footer_widgets":false,"_genesis_custom_body_class":"","_genesis_custom_post_class":"","_genesis_layout":"","footnotes":""},"class_list":{"0":"post-56","1":"page","2":"type-page","3":"status-publish","5":"entry"},"acf":[],"_links":{"self":[{"href":"https:\/\/avenir-inclusif.prestage.ch\/be\/wp-json\/wp\/v2\/pages\/56","targetHints":{"allow":["GET"]}}],"collection":[{"href":"https:\/\/avenir-inclusif.prestage.ch\/be\/wp-json\/wp\/v2\/pages"}],"about":[{"href":"https:\/\/avenir-inclusif.prestage.ch\/be\/wp-json\/wp\/v2\/types\/page"}],"author":[{"embeddable":true,"href":"https:\/\/avenir-inclusif.prestage.ch\/be\/wp-json\/wp\/v2\/users\/1"}],"replies":[{"embeddable":true,"href":"https:\/\/avenir-inclusif.prestage.ch\/be\/wp-json\/wp\/v2\/comments?post=56"}],"version-history":[{"count":4,"href":"https:\/\/avenir-inclusif.prestage.ch\/be\/wp-json\/wp\/v2\/pages\/56\/revisions"}],"predecessor-version":[{"id":280,"href":"https:\/\/avenir-inclusif.prestage.ch\/be\/wp-json\/wp\/v2\/pages\/56\/revisions\/280"}],"wp:attachment":[{"href":"https:\/\/avenir-inclusif.prestage.ch\/be\/wp-json\/wp\/v2\/media?parent=56"}],"curies":[{"name":"wp","href":"https:\/\/api.w.org\/{rel}","templated":true}]}}